{"id":22077,"date":"2021-04-23T15:31:52","date_gmt":"2021-04-23T12:31:52","guid":{"rendered":"https:\/\/hookahshop.lt\/?post_type=product&#038;p=22077"},"modified":"2026-04-14T23:28:40","modified_gmt":"2026-04-14T20:28:40","slug":"angliu-kaupimo-dezute-hootec-hopper-l","status":"publish","type":"product","link":"https:\/\/hookahshop.lt\/et\/toode\/susinikuhoidla-karp-hootec-hopper-l\/","title":{"rendered":"S\u00fcsinikuhoidla karp HOOTEC Hopper L"},"content":{"rendered":"<h2>S\u00fcsinikuhoidla karp HOOTEC Hopper L<\/h2>\n<p>Hootec HOPPER L on karp kivis\u00f6e hoidmiseks ja mugav kasutada<\/p>\n<p>- Ainulaadne uuenduslik juhtimiss\u00fcsteem s\u00fcsiniku s\u00e4ilitamiseks ja kasutamiseks rajatises.<br \/>\n- Kiirendab ja lihtsustab t\u00f6\u00f6d kivis\u00f6ega<br \/>\n- V\u00f5imaldab esteetiliselt s\u00e4ilitada s\u00fcsinikku ja ei raiska aega<\/p>\n<p><strong>Mahutavus:<\/strong><br \/>\nBOPTER (L) - mahutab 18 kg. kivis\u00fcsi<\/p>\n<p><strong>Omadused:<\/strong><br \/>\nK\u00f5rgus: 600 mm<br \/>\nLaius: 405 mm<br \/>\nPikkus: 405mm<br \/>\nKaal: umbes 4600 gr<\/p>\n<p>Kas teil on k\u00fcsimusi? v\u00f5ta meiega \u00fchendust\u00a0<a href=\"https:\/\/hookahshop.lt\/et\/kontaktid\/\">kontaktide leht<\/a>\u00a0v\u00f5i saatke meile e-kiri aadressil\u00a0<a href=\"https:\/\/facebook.com\/HookahShop.lt\/\" target=\"_blank\" rel=\"noopener noreferrer\">Facebooki konto<\/a>\u00a0ja vastame teie taotlusele samal p\u00e4eval.<\/p>","protected":false},"excerpt":{"rendered":"<p>HOOTEC Hopper L s\u00fcsiniku hoiukast Hootec HOPPER L s\u00fcsiniku hoiukast on kast kivis\u00f6e s\u00e4ilitamiseks ja kasutamiseks ainulaadsel viisil. - Kiirendab ja lihtsustab t\u00f6\u00f6d kivis\u00f6ega - V\u00f5imaldab esteetiliselt s\u00e4ilitada s\u00fcsinikku ja s\u00e4\u00e4stab aega Maht: BOPER (L) - talub 18 kg. s\u00fcsinik Omadused: K\u00f5rgus: 600 mm Laius: 405 mm [\u2026]<\/p>","protected":false},"featured_media":22078,"comment_status":"open","ping_status":"closed","template":"","meta":[],"_links":{"self":[{"href":"https:\/\/hookahshop.lt\/et\/wp-json\/wp\/v2\/product\/22077"}],"collection":[{"href":"https:\/\/hookahshop.lt\/et\/wp-json\/wp\/v2\/product"}],"about":[{"href":"https:\/\/hookahshop.lt\/et\/wp-json\/wp\/v2\/types\/product"}],"replies":[{"embeddable":true,"href":"https:\/\/hookahshop.lt\/et\/wp-json\/wp\/v2\/comments?post=22077"}],"version-history":[{"count":4,"href":"https:\/\/hookahshop.lt\/et\/wp-json\/wp\/v2\/product\/22077\/revisions"}],"predecessor-version":[{"id":32764,"href":"https:\/\/hookahshop.lt\/et\/wp-json\/wp\/v2\/product\/22077\/revisions\/32764"}],"wp:featuredmedia":[{"embeddable":true,"href":"https:\/\/hookahshop.lt\/et\/wp-json\/wp\/v2\/media\/22078"}],"wp:attachment":[{"href":"https:\/\/hookahshop.lt\/et\/wp-json\/wp\/v2\/media?parent=22077"}],"curies":[{"name":"wp","href":"https:\/\/api.w.org\/{rel}","templated":true}]}}