{"id":22085,"date":"2021-04-23T15:43:56","date_gmt":"2021-04-23T12:43:56","guid":{"rendered":"https:\/\/hookahshop.lt\/?post_type=product&#038;p=22085"},"modified":"2026-04-18T23:28:59","modified_gmt":"2026-04-18T20:28:59","slug":"sirupo-gaudykle-alpha-hookah-xr-gold","status":"publish","type":"product","link":"https:\/\/hookahshop.lt\/et\/toode\/siirupiloks-alpha-hookah-xr-gold\/","title":{"rendered":"Siirupil\u00f5ks ALPHA HOOKAH XR Kuld"},"content":{"rendered":"<h2>Siirupil\u00f5ks ALPHA HOOKAH XR Kuld<\/h2>\n<p>See on asendamatu lisavarustus, mis sobib ainult ALPHA HOOKAH mudelitele &quot;S&quot;, &quot;X&quot; ja &quot;Kappa&quot; seeriatele. Takistab tubakalehtede ja siirupi sattumist kolbi ja vesipiibu varre. Hoiab \u00e4ra kolbi kollaseks muutumise, mis on eriti oluline vesipiibu laual serveerimisel. N\u00fc\u00fcd ei pea te vesipiipu pesema iga kord, kui tassi vahetate, et eemaldada p\u00f5hjas olevad siirup ja tubakalehed.<\/p>\n<p><strong>Omadused:<\/strong><br \/>\nK\u00f5rgus: 55mm<br \/>\nL\u00e4bim\u00f5\u00f5t (v\u00e4limine): 38 mm<br \/>\nL\u00e4bim\u00f5\u00f5t (sisemine): 16 mm<br \/>\nKaal: umbes 132 g<\/p>\n<p>Kas teil on k\u00fcsimusi? v\u00f5ta meiega \u00fchendust\u00a0<a href=\"https:\/\/hookahshop.lt\/et\/kontaktid\/\">kontaktide leht<\/a>\u00a0v\u00f5i saatke meile e-kiri aadressil\u00a0<a href=\"https:\/\/facebook.com\/HookahShop.lt\/\" target=\"_blank\" rel=\"noopener noreferrer\">Facebooki konto<\/a>\u00a0ja vastame teie taotlusele samal p\u00e4eval.<\/p>","protected":false},"excerpt":{"rendered":"<p>Siirupip\u00fc\u00fcnis ALPHA HOOKAH XR Gold See on asendamatu tarvik, mis sobib ainult ALPHA HOOKAH mudelitele &quot;S&quot;, &quot;X&quot; ja &quot;Kappa&quot; seeriatele. Takistab tubakalehtede ja siirupi sattumist kolbi ja vesipiibu varre. Hoiab \u00e4ra kolbi kollaseks muutumise, mis on eriti oluline vesipiibu serveerimisel laual olevas vesipiibus. N\u00fc\u00fcd ei pea te vesipiipu pesema iga kord, kui tassi vahetate, et siirup eemaldada [\u2026]<\/p>","protected":false},"featured_media":22086,"comment_status":"open","ping_status":"closed","template":"","meta":[],"_links":{"self":[{"href":"https:\/\/hookahshop.lt\/et\/wp-json\/wp\/v2\/product\/22085"}],"collection":[{"href":"https:\/\/hookahshop.lt\/et\/wp-json\/wp\/v2\/product"}],"about":[{"href":"https:\/\/hookahshop.lt\/et\/wp-json\/wp\/v2\/types\/product"}],"replies":[{"embeddable":true,"href":"https:\/\/hookahshop.lt\/et\/wp-json\/wp\/v2\/comments?post=22085"}],"version-history":[{"count":6,"href":"https:\/\/hookahshop.lt\/et\/wp-json\/wp\/v2\/product\/22085\/revisions"}],"predecessor-version":[{"id":45647,"href":"https:\/\/hookahshop.lt\/et\/wp-json\/wp\/v2\/product\/22085\/revisions\/45647"}],"wp:featuredmedia":[{"embeddable":true,"href":"https:\/\/hookahshop.lt\/et\/wp-json\/wp\/v2\/media\/22086"}],"wp:attachment":[{"href":"https:\/\/hookahshop.lt\/et\/wp-json\/wp\/v2\/media?parent=22085"}],"curies":[{"name":"wp","href":"https:\/\/api.w.org\/{rel}","templated":true}]}}