{"id":22117,"date":"2021-04-24T15:33:47","date_gmt":"2021-04-24T12:33:47","guid":{"rendered":"https:\/\/hookahshop.lt\/?post_type=product&#038;p=22117"},"modified":"2026-04-18T23:29:01","modified_gmt":"2026-04-18T20:29:01","slug":"taurele-kaljanui-art-bar-killer-v03","status":"publish","type":"product","link":"https:\/\/hookahshop.lt\/et\/toode\/tass-vesipiip-art-bar-killer-v03\/","title":{"rendered":"Tass vesipiibule ART BAR Killer V03"},"content":{"rendered":"<h2>Tass vesipiibule ART BAR Killer V03<\/h2>\n<p>Ettev\u00f5te ART BAR on kuulus oma kvaliteetsete tasside poolest. Need on valmistatud kvaliteetsest savist ja eranditult k\u00e4sitsi valmistatud. Maht on umbes 15-17 grammi.<\/p>\n<p><strong>Omadused:<\/strong><br \/>\nK\u00f5rgus: 116 mm<br \/>\nL\u00e4bim\u00f5\u00f5t (v\u00e4limine): 72 mm<br \/>\nL\u00e4bim\u00f5\u00f5t (sisemine): 60 mm<br \/>\nS\u00fcgavus: 16mm<br \/>\nAva l\u00e4bim\u00f5\u00f5t: 10 mm<br \/>\nAukude arv: 5 tk<br \/>\nKaal: umbes 206 grammi<\/p>\n<p>Kas teil on k\u00fcsimusi? v\u00f5ta meiega \u00fchendust\u00a0<a href=\"https:\/\/hookahshop.lt\/et\/kontaktid\/\">kontaktide leht<\/a>\u00a0v\u00f5i saatke meile e-kiri aadressil\u00a0<a href=\"https:\/\/facebook.com\/HookahShop.lt\/\" target=\"_blank\" rel=\"noopener noreferrer\">Facebooki konto<\/a>\u00a0ja vastame teie taotlusele samal p\u00e4eval.<\/p>","protected":false},"excerpt":{"rendered":"<p>Vesipiibu tass ART BAR Killer V03 ART BAR on kuulus oma kvaliteetsete tasside poolest. Need on valmistatud kvaliteetsest savist ja valmistatud eranditult k\u00e4sitsi. Maht on umbes 15-17 grammi. Omadused: K\u00f5rgus: 116mm L\u00e4bim\u00f5\u00f5t (v\u00e4limine): 72 mm Diameeter (sisemine): 60 mm S\u00fcgavus: 16mm Ava l\u00e4bim\u00f5\u00f5t: 10mm Aukude arv: 5 tk Kaal: umbes 206 grammi K\u00fcsimused? V\u00f5tke \u00fchendust [\u2026]<\/p>","protected":false},"featured_media":22118,"comment_status":"open","ping_status":"closed","template":"","meta":[],"_links":{"self":[{"href":"https:\/\/hookahshop.lt\/et\/wp-json\/wp\/v2\/product\/22117"}],"collection":[{"href":"https:\/\/hookahshop.lt\/et\/wp-json\/wp\/v2\/product"}],"about":[{"href":"https:\/\/hookahshop.lt\/et\/wp-json\/wp\/v2\/types\/product"}],"replies":[{"embeddable":true,"href":"https:\/\/hookahshop.lt\/et\/wp-json\/wp\/v2\/comments?post=22117"}],"version-history":[{"count":3,"href":"https:\/\/hookahshop.lt\/et\/wp-json\/wp\/v2\/product\/22117\/revisions"}],"predecessor-version":[{"id":39798,"href":"https:\/\/hookahshop.lt\/et\/wp-json\/wp\/v2\/product\/22117\/revisions\/39798"}],"wp:featuredmedia":[{"embeddable":true,"href":"https:\/\/hookahshop.lt\/et\/wp-json\/wp\/v2\/media\/22118"}],"wp:attachment":[{"href":"https:\/\/hookahshop.lt\/et\/wp-json\/wp\/v2\/media?parent=22117"}],"curies":[{"name":"wp","href":"https:\/\/api.w.org\/{rel}","templated":true}]}}