{"id":22134,"date":"2021-04-24T16:00:51","date_gmt":"2021-04-24T13:00:51","guid":{"rendered":"https:\/\/hookahshop.lt\/?post_type=product&#038;p=22134"},"modified":"2026-04-06T23:29:07","modified_gmt":"2026-04-06T20:29:07","slug":"taurele-kaljanui-art-bar-fanel-vintage","status":"publish","type":"product","link":"https:\/\/hookahshop.lt\/et\/toode\/tass-vesipiip-art-bar-fanel-vintage\/","title":{"rendered":"Tass vesipiibule ART BAR Fanel Vintage"},"content":{"rendered":"<h2>Tass vesipiibule ART BAR Fanel Vintage<\/h2>\n<p>Ettev\u00f5te ART BAR on kuulus oma kvaliteetsete tasside poolest. Need on valmistatud kvaliteetsest savist ja eranditult k\u00e4sitsi valmistatud.<\/p>\n<p id=\"tw-target-text\" class=\"tw-data-text tw-text-large XcVN5d tw-ta\" dir=\"ltr\" data-placeholder=\"Vertimas\"><strong>Omadused:<\/strong><br \/>\nK\u00f5rgus: 102 mm<br \/>\nL\u00e4bim\u00f5\u00f5t (v\u00e4limine): 78 mm<br \/>\nL\u00e4bim\u00f5\u00f5t (sisemine): 70 mm<br \/>\nS\u00fcgavus: 12 mm<br \/>\nAva l\u00e4bim\u00f5\u00f5t: 17 mm<br \/>\nAukude arv: 1 tk<br \/>\nKaal: umbes 169 grammi<\/p>\n<p dir=\"ltr\" data-placeholder=\"Vertimas\">Kas teil on k\u00fcsimusi? v\u00f5ta meiega \u00fchendust\u00a0<a href=\"https:\/\/hookahshop.lt\/et\/kontaktid\/\">kontaktide leht<\/a>\u00a0v\u00f5i saatke meile e-kiri aadressil\u00a0<a href=\"https:\/\/facebook.com\/HookahShop.lt\/\" target=\"_blank\" rel=\"noopener noreferrer\">Facebooki konto<\/a>\u00a0ja vastame teie taotlusele samal p\u00e4eval.<\/p>","protected":false},"excerpt":{"rendered":"<p>Vesipiibu tass ART BAR Fanel Vintage ART BAR on kuulus oma kvaliteetsete tasside poolest. Need on valmistatud kvaliteetsest savist ja valmistatud eranditult k\u00e4sitsi. Omadused: K\u00f5rgus: 102 mm L\u00e4bim\u00f5\u00f5t (v\u00e4limine): 78 mm Diameeter (sisemine): 70 mm S\u00fcgavus: 12 mm Ava l\u00e4bim\u00f5\u00f5t: 17mm Aukude arv: 1 tk Kaal: umbes 169 grammi K\u00fcsimused? V\u00f5tke meiega \u00fchendust kontaktide lehel v\u00f5i kirjutage [\u2026]<\/p>","protected":false},"featured_media":22135,"comment_status":"open","ping_status":"closed","template":"","meta":[],"_links":{"self":[{"href":"https:\/\/hookahshop.lt\/et\/wp-json\/wp\/v2\/product\/22134"}],"collection":[{"href":"https:\/\/hookahshop.lt\/et\/wp-json\/wp\/v2\/product"}],"about":[{"href":"https:\/\/hookahshop.lt\/et\/wp-json\/wp\/v2\/types\/product"}],"replies":[{"embeddable":true,"href":"https:\/\/hookahshop.lt\/et\/wp-json\/wp\/v2\/comments?post=22134"}],"version-history":[{"count":3,"href":"https:\/\/hookahshop.lt\/et\/wp-json\/wp\/v2\/product\/22134\/revisions"}],"predecessor-version":[{"id":39794,"href":"https:\/\/hookahshop.lt\/et\/wp-json\/wp\/v2\/product\/22134\/revisions\/39794"}],"wp:featuredmedia":[{"embeddable":true,"href":"https:\/\/hookahshop.lt\/et\/wp-json\/wp\/v2\/media\/22135"}],"wp:attachment":[{"href":"https:\/\/hookahshop.lt\/et\/wp-json\/wp\/v2\/media?parent=22134"}],"curies":[{"name":"wp","href":"https:\/\/api.w.org\/{rel}","templated":true}]}}