{"id":22142,"date":"2021-04-24T16:14:05","date_gmt":"2021-04-24T13:14:05","guid":{"rendered":"https:\/\/hookahshop.lt\/?post_type=product&#038;p=22142"},"modified":"2026-04-10T23:29:17","modified_gmt":"2026-04-10T20:29:17","slug":"taurele-kaljanui-art-bar-killer","status":"publish","type":"product","link":"https:\/\/hookahshop.lt\/et\/toode\/tass-vesipiip-art-bar-killer\/","title":{"rendered":"Vesipiibu tass ART BAR Killer 2"},"content":{"rendered":"<h2>Vesipiibu tass ART BAR Killer 2<\/h2>\n<p>Ettev\u00f5te ART BAR on kuulus oma kvaliteetsete tasside poolest. Need on valmistatud kvaliteetsest savist ja eranditult k\u00e4sitsi valmistatud. Maht on umbes 15-17 grammi.<\/p>\n<p><strong>Omadused:<\/strong><br \/>\nK\u00f5rgus: 107 mm<br \/>\nL\u00e4bim\u00f5\u00f5t (v\u00e4limine): 70 mm<br \/>\nL\u00e4bim\u00f5\u00f5t (sisemine): 60 mm<br \/>\nS\u00fcgavus: 16mm<br \/>\nAva l\u00e4bim\u00f5\u00f5t: 10 mm<br \/>\nAukude arv: 5 tk<br \/>\nKaal: 198 grammi<\/p>\n<p>Kas teil on k\u00fcsimusi? v\u00f5ta meiega \u00fchendust\u00a0<a href=\"https:\/\/hookahshop.lt\/et\/kontaktid\/\">kontaktide leht<\/a>\u00a0v\u00f5i saatke meile e-kiri aadressil\u00a0<a href=\"https:\/\/facebook.com\/HookahShop.lt\/\" target=\"_blank\" rel=\"noopener noreferrer\">Facebooki konto<\/a>\u00a0ja vastame teie taotlusele samal p\u00e4eval.<\/p>","protected":false},"excerpt":{"rendered":"<p>Vesipiibu tops ART BAR Killer 2 ART BAR ettev\u00f5te on tuntud oma kvaliteetsete topside poolest. Need on valmistatud kvaliteetsest savist ja eranditult k\u00e4sitsi. Maht umbes 15-17 grammi. Omadused: K\u00f5rgus: 107 mm L\u00e4bim\u00f5\u00f5t (v\u00e4limine): 70 mm L\u00e4bim\u00f5\u00f5t (sisemine): 60 mm S\u00fcgavus: 16 mm Augu l\u00e4bim\u00f5\u00f5t: 10 mm Aukude arv: 5 tk Kaal: 198 grammi Kas teil on k\u00fcsimusi? V\u00f5tke meiega \u00fchendust kontaktide lehel v\u00f5i [\u2026]<\/p>","protected":false},"featured_media":40713,"comment_status":"open","ping_status":"closed","template":"","meta":[],"_links":{"self":[{"href":"https:\/\/hookahshop.lt\/et\/wp-json\/wp\/v2\/product\/22142"}],"collection":[{"href":"https:\/\/hookahshop.lt\/et\/wp-json\/wp\/v2\/product"}],"about":[{"href":"https:\/\/hookahshop.lt\/et\/wp-json\/wp\/v2\/types\/product"}],"replies":[{"embeddable":true,"href":"https:\/\/hookahshop.lt\/et\/wp-json\/wp\/v2\/comments?post=22142"}],"version-history":[{"count":4,"href":"https:\/\/hookahshop.lt\/et\/wp-json\/wp\/v2\/product\/22142\/revisions"}],"predecessor-version":[{"id":40735,"href":"https:\/\/hookahshop.lt\/et\/wp-json\/wp\/v2\/product\/22142\/revisions\/40735"}],"wp:featuredmedia":[{"embeddable":true,"href":"https:\/\/hookahshop.lt\/et\/wp-json\/wp\/v2\/media\/40713"}],"wp:attachment":[{"href":"https:\/\/hookahshop.lt\/et\/wp-json\/wp\/v2\/media?parent=22142"}],"curies":[{"name":"wp","href":"https:\/\/api.w.org\/{rel}","templated":true}]}}