{"id":22159,"date":"2021-04-24T16:31:17","date_gmt":"2021-04-24T13:31:17","guid":{"rendered":"https:\/\/hookahshop.lt\/?post_type=product&#038;p=22159"},"modified":"2026-04-15T23:29:09","modified_gmt":"2026-04-15T20:29:09","slug":"taurele-kaljanui-art-bar-tor","status":"publish","type":"product","link":"https:\/\/hookahshop.lt\/et\/toode\/tass-vesipiip-art-bar-tor\/","title":{"rendered":"Tass vesipiibule ART BAR Tor"},"content":{"rendered":"<h2>Tass vesipiibule ART BAR Tor<\/h2>\n<p>ART BAR on kuulus oma kvaliteetsete tasside poolest. Need on valmistatud kvaliteetsest savist ja valmistatud eranditult k\u00e4sitsi. Maht umbes 15 grammi.<\/p>\n<p><strong>Omadused:<\/strong><br \/>\nK\u00f5rgus: 107 mm<br \/>\nL\u00e4bim\u00f5\u00f5t (v\u00e4limine): 70 mm<br \/>\nL\u00e4bim\u00f5\u00f5t (sisemine): 60 mm<br \/>\nS\u00fcgavus: 19mm<br \/>\nAva l\u00e4bim\u00f5\u00f5t: 8 mm<br \/>\nAukude arv: 5 tk<br \/>\nKaal: umbes 283 grammi<\/p>\n<p>Kas teil on k\u00fcsimusi? v\u00f5ta meiega \u00fchendust\u00a0<a href=\"https:\/\/hookahshop.lt\/et\/kontaktid\/\">kontaktide leht<\/a>\u00a0v\u00f5i saatke meile e-kiri aadressil\u00a0<a href=\"https:\/\/facebook.com\/HookahShop.lt\/\" target=\"_blank\" rel=\"noopener noreferrer\">Facebooki konto<\/a>\u00a0ja vastame teie taotlusele samal p\u00e4eval.<\/p>","protected":false},"excerpt":{"rendered":"<p>Vesipiibu tass ART BAR Tor ART BAR on kuulus oma kvaliteetsete tasside poolest. Need on valmistatud kvaliteetsest savist ja valmistatud eranditult k\u00e4sitsi. Maht umbes 15 grammi. Omadused: K\u00f5rgus: 107mm L\u00e4bim\u00f5\u00f5t (v\u00e4limine): 70 mm Diameeter (sisemine): 60 mm S\u00fcgavus: 19mm Ava l\u00e4bim\u00f5\u00f5t: 8mm Aukude arv: 5 tk Kaal: umbes 283 grammi K\u00fcsimused? V\u00f5tke meiega \u00fchendust kontaktide lehel v\u00f5i [\u2026]<\/p>","protected":false},"featured_media":22160,"comment_status":"open","ping_status":"closed","template":"","meta":[],"_links":{"self":[{"href":"https:\/\/hookahshop.lt\/et\/wp-json\/wp\/v2\/product\/22159"}],"collection":[{"href":"https:\/\/hookahshop.lt\/et\/wp-json\/wp\/v2\/product"}],"about":[{"href":"https:\/\/hookahshop.lt\/et\/wp-json\/wp\/v2\/types\/product"}],"replies":[{"embeddable":true,"href":"https:\/\/hookahshop.lt\/et\/wp-json\/wp\/v2\/comments?post=22159"}],"version-history":[{"count":3,"href":"https:\/\/hookahshop.lt\/et\/wp-json\/wp\/v2\/product\/22159\/revisions"}],"predecessor-version":[{"id":28410,"href":"https:\/\/hookahshop.lt\/et\/wp-json\/wp\/v2\/product\/22159\/revisions\/28410"}],"wp:featuredmedia":[{"embeddable":true,"href":"https:\/\/hookahshop.lt\/et\/wp-json\/wp\/v2\/media\/22160"}],"wp:attachment":[{"href":"https:\/\/hookahshop.lt\/et\/wp-json\/wp\/v2\/media?parent=22159"}],"curies":[{"name":"wp","href":"https:\/\/api.w.org\/{rel}","templated":true}]}}