{"id":22167,"date":"2021-04-24T16:39:26","date_gmt":"2021-04-24T13:39:26","guid":{"rendered":"https:\/\/hookahshop.lt\/?post_type=product&#038;p=22167"},"modified":"2026-05-13T23:29:29","modified_gmt":"2026-05-13T20:29:29","slug":"taurele-kaljanui-art-bar-turkish","status":"publish","type":"product","link":"https:\/\/hookahshop.lt\/et\/toode\/tass-vesipiip-art-bar-turkish\/","title":{"rendered":"Vesipiibu tass ART BAR Turkish V"},"content":{"rendered":"<h2>Vesipiibu tass ART BAR Turkish V<\/h2>\n<p>Ettev\u00f5te ART BAR on kuulus oma kvaliteetsete tasside poolest. Need on valmistatud kvaliteetsest savist ja eranditult k\u00e4sitsi valmistatud.<\/p>\n<p><strong>Omadused:<\/strong><br \/>\nK\u00f5rgus: 108mm<br \/>\nL\u00e4bim\u00f5\u00f5t (v\u00e4limine): 71 mm<br \/>\nL\u00e4bim\u00f5\u00f5t (sisemine): 60 mm<br \/>\nS\u00fcgavus: 18mm<br \/>\nAva l\u00e4bim\u00f5\u00f5t: 8 mm<br \/>\nAukude arv: 5 tk<br \/>\nKaal: umbes 236 grammi<\/p>\n<p>Kas teil on k\u00fcsimusi? v\u00f5ta meiega \u00fchendust\u00a0<a href=\"https:\/\/hookahshop.lt\/et\/kontaktid\/\">kontaktide leht<\/a>\u00a0v\u00f5i saatke meile e-kiri aadressil\u00a0<a href=\"https:\/\/facebook.com\/HookahShop.lt\/\" target=\"_blank\" rel=\"noopener noreferrer\">Facebooki konto<\/a>\u00a0ja vastame teie taotlusele samal p\u00e4eval.<\/p>","protected":false},"excerpt":{"rendered":"<p>Vesipiibutops ART BAR T\u00fcrgi ettev\u00f5te V ART BAR on kuulus oma kvaliteetsete topside poolest. Need on valmistatud kvaliteetsest savist ja eranditult k\u00e4sitsi. Omadused: K\u00f5rgus: 108 mm L\u00e4bim\u00f5\u00f5t (v\u00e4limine): 71 mm L\u00e4bim\u00f5\u00f5t (sisemine): 60 mm S\u00fcgavus: 18 mm Augu l\u00e4bim\u00f5\u00f5t: 8 mm Aukude arv: 5 tk Kaal: umbes 236 grammi Kas teil on k\u00fcsimusi? V\u00f5tke meiega \u00fchendust kontaktide lehel v\u00f5i kirjutage meile Facebookis [\u2026]<\/p>","protected":false},"featured_media":22168,"comment_status":"open","ping_status":"closed","template":"","meta":[],"_links":{"self":[{"href":"https:\/\/hookahshop.lt\/et\/wp-json\/wp\/v2\/product\/22167"}],"collection":[{"href":"https:\/\/hookahshop.lt\/et\/wp-json\/wp\/v2\/product"}],"about":[{"href":"https:\/\/hookahshop.lt\/et\/wp-json\/wp\/v2\/types\/product"}],"replies":[{"embeddable":true,"href":"https:\/\/hookahshop.lt\/et\/wp-json\/wp\/v2\/comments?post=22167"}],"version-history":[{"count":5,"href":"https:\/\/hookahshop.lt\/et\/wp-json\/wp\/v2\/product\/22167\/revisions"}],"predecessor-version":[{"id":39802,"href":"https:\/\/hookahshop.lt\/et\/wp-json\/wp\/v2\/product\/22167\/revisions\/39802"}],"wp:featuredmedia":[{"embeddable":true,"href":"https:\/\/hookahshop.lt\/et\/wp-json\/wp\/v2\/media\/22168"}],"wp:attachment":[{"href":"https:\/\/hookahshop.lt\/et\/wp-json\/wp\/v2\/media?parent=22167"}],"curies":[{"name":"wp","href":"https:\/\/api.w.org\/{rel}","templated":true}]}}