{"id":22280,"date":"2021-05-04T23:13:55","date_gmt":"2021-05-04T20:13:55","guid":{"rendered":"https:\/\/hookahshop.lt\/?post_type=product&#038;p=22280"},"modified":"2026-04-14T23:29:21","modified_gmt":"2026-04-14T20:29:21","slug":"uzkuriklis-anglims-caesar-blitz-01","status":"publish","type":"product","link":"https:\/\/hookahshop.lt\/et\/toode\/looduslik-susinikusuutaja-caesar-blitz-01\/","title":{"rendered":"Looduslik s\u00fcsinikus\u00fc\u00fctaja  CAESAR Blitz 01"},"content":{"rendered":"<h2>Looduslik s\u00fcsinikus\u00fc\u00fctaja  CAESAR Blitz 01<\/h2>\n<p>Aitab vesipiibu s\u00fcsi mugavalt soojendada. Kompaktne ja lihtne transportida. Looduslik kivis\u00fcsi soojeneb keskmiselt 5-10 minutiga.<\/p>\n<p><strong>Tehnilised andmed:<\/strong><br \/>\nV\u00f5imsus: 600 W<br \/>\nPinge: 220-240V<br \/>\nM\u00f5\u00f5dud: ~ 15 \u00d7 18,5 cm (s\u00f6e konteiner 11 cm)<br \/>\nMahutavus: 8 s\u00fcsi (26 mm)<br \/>\nV\u00e4rvus must<br \/>\nP\u00e4ritoluriik: Saksamaa<\/p>\n<p>Kas teil on k\u00fcsimusi? v\u00f5ta meiega \u00fchendust\u00a0<a href=\"https:\/\/hookahshop.lt\/et\/kontaktid\/\">kontaktide leht<\/a>\u00a0v\u00f5i saatke meile e-kiri aadressil\u00a0<a href=\"https:\/\/facebook.com\/HookahShop.lt\/\" target=\"_blank\" rel=\"noopener noreferrer\">Facebooki konto<\/a>\u00a0ja vastame teie taotlusele samal p\u00e4eval.<\/p>\n<p>&nbsp;<\/p>\n<p>&nbsp;<\/p>","protected":false},"excerpt":{"rendered":"<p>S\u00fcsinikus\u00fc\u00fctaja CAESAR Blitz 01 Aitab mugavalt vesipiibus\u00fctt soojendada. Kompaktne ja lihtne transportida. Looduslik kivis\u00fcsi soojeneb keskmiselt 5-10 minutiga. Tehnilised andmed: V\u00f5imsus: 600 W Pinge: 220-240V M\u00f5\u00f5dud: ~ 15 \u00d7 18,5cm (s\u00f6ekonteiner 11cm) Maht: 8 s\u00fctt (26mm) V\u00e4rv: Must P\u00e4ritoluriik: Saksamaa K\u00fcsimused? V\u00f5tke meiega \u00fchendust kontaktide lehel v\u00f5i kirjutage meile oma Facebooki kontol ja me vastame teie [\u2026]<\/p>","protected":false},"featured_media":22281,"comment_status":"open","ping_status":"closed","template":"","meta":[],"_links":{"self":[{"href":"https:\/\/hookahshop.lt\/et\/wp-json\/wp\/v2\/product\/22280"}],"collection":[{"href":"https:\/\/hookahshop.lt\/et\/wp-json\/wp\/v2\/product"}],"about":[{"href":"https:\/\/hookahshop.lt\/et\/wp-json\/wp\/v2\/types\/product"}],"replies":[{"embeddable":true,"href":"https:\/\/hookahshop.lt\/et\/wp-json\/wp\/v2\/comments?post=22280"}],"version-history":[{"count":3,"href":"https:\/\/hookahshop.lt\/et\/wp-json\/wp\/v2\/product\/22280\/revisions"}],"predecessor-version":[{"id":32512,"href":"https:\/\/hookahshop.lt\/et\/wp-json\/wp\/v2\/product\/22280\/revisions\/32512"}],"wp:featuredmedia":[{"embeddable":true,"href":"https:\/\/hookahshop.lt\/et\/wp-json\/wp\/v2\/media\/22281"}],"wp:attachment":[{"href":"https:\/\/hookahshop.lt\/et\/wp-json\/wp\/v2\/media?parent=22280"}],"curies":[{"name":"wp","href":"https:\/\/api.w.org\/{rel}","templated":true}]}}