{"id":22284,"date":"2021-05-04T23:28:10","date_gmt":"2021-05-04T20:28:10","guid":{"rendered":"https:\/\/hookahshop.lt\/?post_type=product&#038;p=22284"},"modified":"2026-04-17T23:29:41","modified_gmt":"2026-04-17T20:29:41","slug":"uzkuriklis-anglims-caesar-blitz-02","status":"publish","type":"product","link":"https:\/\/hookahshop.lt\/et\/toode\/looduslik-susinikusuutaja-caesar-blitz-02\/","title":{"rendered":"Looduslik s\u00fcsinikus\u00fc\u00fctaja  CAESAR Blitz 02"},"content":{"rendered":"<h2>Looduslik s\u00fcsinikus\u00fc\u00fctaja  CAESAR Blitz 02<\/h2>\n<p>Aitab mugavalt soojendada vesipiibu s\u00fctt. Kompaktne ja lihtne transportida. Looduslik kivis\u00fcsi soojeneb keskmiselt 5-10 minutiga. Eemaldatavat s\u00f6ealust koos k\u00e4epidemega s\u00f6ealuse liigutamiseks saab kasutada m\u00f5lemat tangidena. Termostaadiga reguleeritav temperatuur kuni 6 astet.<\/p>\n<p><strong>Tehnilised andmed:<\/strong><br \/>\nTermostaat: jah<br \/>\nTemperatuuri tase: kuni 6<br \/>\nS\u00fcsinikumagasin: roostevaba teras<br \/>\nV\u00f5imsus: 600 W<br \/>\nPinge: 220-240V<br \/>\nM\u00f5\u00f5dud: ~ 15 \u00d7 19 cm (s\u00f6e konteiner 11 cm)<br \/>\nMahutavus: 8 s\u00fcsi (26 mm)<br \/>\nV\u00e4rvus must<br \/>\nP\u00e4ritoluriik: Saksamaa<\/p>\n<p>Kas teil on k\u00fcsimusi? v\u00f5ta meiega \u00fchendust\u00a0<a href=\"https:\/\/hookahshop.lt\/et\/kontaktid\/\">kontaktide leht<\/a>\u00a0v\u00f5i saatke meile e-kiri aadressil\u00a0<a href=\"https:\/\/facebook.com\/HookahShop.lt\/\" target=\"_blank\" rel=\"noopener noreferrer\">Facebooki konto<\/a>\u00a0ja vastame teie taotlusele samal p\u00e4eval.<\/p>\n<p>&nbsp;<\/p>","protected":false},"excerpt":{"rendered":"<p>S\u00fcsinikus\u00fc\u00fctaja CAESAR Blitz 02 Aitab mugavalt vesipiibu s\u00fctt soojendada. Kompaktne ja lihtne transportida. Looduslik kivis\u00fcsi soojeneb keskmiselt 5-10 minutiga. Eemaldatavat s\u00f6ealust koos k\u00e4epidemega s\u00f6ealuse liigutamiseks saab kasutada m\u00f5lemat tangidena. Termostaadiga reguleeritav temperatuur kuni 6 astet. Tehnilised andmed: Termostaat: jah Temperatuuri tase: kuni 6 S\u00fcsinikkonteiner: roostevaba [\u2026]<\/p>","protected":false},"featured_media":22286,"comment_status":"open","ping_status":"closed","template":"","meta":[],"_links":{"self":[{"href":"https:\/\/hookahshop.lt\/et\/wp-json\/wp\/v2\/product\/22284"}],"collection":[{"href":"https:\/\/hookahshop.lt\/et\/wp-json\/wp\/v2\/product"}],"about":[{"href":"https:\/\/hookahshop.lt\/et\/wp-json\/wp\/v2\/types\/product"}],"replies":[{"embeddable":true,"href":"https:\/\/hookahshop.lt\/et\/wp-json\/wp\/v2\/comments?post=22284"}],"version-history":[{"count":4,"href":"https:\/\/hookahshop.lt\/et\/wp-json\/wp\/v2\/product\/22284\/revisions"}],"predecessor-version":[{"id":32463,"href":"https:\/\/hookahshop.lt\/et\/wp-json\/wp\/v2\/product\/22284\/revisions\/32463"}],"wp:featuredmedia":[{"embeddable":true,"href":"https:\/\/hookahshop.lt\/et\/wp-json\/wp\/v2\/media\/22286"}],"wp:attachment":[{"href":"https:\/\/hookahshop.lt\/et\/wp-json\/wp\/v2\/media?parent=22284"}],"curies":[{"name":"wp","href":"https:\/\/api.w.org\/{rel}","templated":true}]}}