{"id":22366,"date":"2021-05-10T14:51:57","date_gmt":"2021-05-10T11:51:57","guid":{"rendered":"https:\/\/hookahshop.lt\/?post_type=product&#038;p=22366"},"modified":"2026-04-17T23:29:25","modified_gmt":"2026-04-17T20:29:25","slug":"kaljano-komplektas-na-grani-model-1","status":"publish","type":"product","link":"https:\/\/hookahshop.lt\/et\/toode\/vesipiibukomplektid-na-grani-model-1\/","title":{"rendered":"Vesipiibukomplekt NA GRANI Mudel 1"},"content":{"rendered":"<h2>Vesipiibukomplekt NA GRANI Mudel 1<\/h2>\n<p>Kvaliteetse ja minimalistliku disainiga vesipiip t\u00f5mbab t\u00e4helepanu. Neile, kellele meeldivad kompaktsed vesipiibud v\u00f5i kes soovivad v\u00e4ikese vesipiibu loodusesse kaasa v\u00f5tta, sobib see mudel suurep\u00e4raselt, kuna on eriline selle poolest, et selle mastikonstruktsioon koosneb mitmest osast, mis v\u00f5imaldab muuta masti k\u00f5rgust. See vesipiip on valmistatud 100% roostevabast terasest AISI - 304, mis tagab vesipiibu pikaealisuse ja t\u00f6\u00f6kindluse, h\u00f5lbustab hooldust, ladustamist ja transporti. Vesipiip sobib nii kerge veoj\u00f5u austajatele kuna tegemist on hajutiga kui ka raskematele kuna on v\u00f5imalik hajuti lahti keerata. See vesipiip sobib ka uustulnukatele vesipiibut\u00f6\u00f6stuses, kuna veetase vesipiibu \u0161ahtis on m\u00e4rgitud, et t\u00e4ita kolb \u00f5ige koguse veega.<\/p>\n<p><strong>Varustus:<\/strong><br \/>\nV\u00f5ll -1 tk.<br \/>\nVesipiibu plaat br\u00e4ndi graveeringuga - 1 tk.<br \/>\nHuulik - 1 tk.<br \/>\nSilikoonvoolik - 1 tk.<br \/>\nTihendid - 2 tk.<br \/>\nKolb (erineb fotol olevast) - 1 tk.<br \/>\nTangid - 1 tk.<br \/>\nKuumutuskamber - 1 tk.<br \/>\nTass (v\u00f5ib erineda fotol olevast) - 1tk.<br \/>\nKivis\u00fcsi 1kg - 1tk.<br \/>\nPliit - 1tk.<\/p>\n<p>Kas teil on k\u00fcsimusi? v\u00f5ta meiega \u00fchendust\u00a0<a href=\"https:\/\/hookahshop.lt\/et\/kontaktid\/\">kontaktide leht<\/a>\u00a0v\u00f5i saatke meile e-kiri aadressil\u00a0<a href=\"https:\/\/facebook.com\/HookahShop.lt\/\" target=\"_blank\" rel=\"noopener noreferrer\">Facebooki konto<\/a>\u00a0ja vastame teie taotlusele samal p\u00e4eval.<\/p>","protected":false},"excerpt":{"rendered":"<p>Vesipiibu komplekt NA GRANI Model 1 Kvaliteetse ja minimalistliku disainiga vesipiibu k\u00f6idab t\u00e4helepanu. Neile, kellele meeldivad kompaktsed vesipiibud v\u00f5i kes soovivad v\u00e4ikese vesipiibu loodusesse kaasa v\u00f5tta, sobib see mudel suurep\u00e4raselt, kuna on eriline selle poolest, et selle mastikonstruktsioon koosneb mitmest osast, mis v\u00f5imaldab muuta masti k\u00f5rgust. See vesipiip on valmistatud 100% roostevabast terasest AISI - 304, [\u2026]<\/p>","protected":false},"featured_media":28029,"comment_status":"open","ping_status":"closed","template":"","meta":[],"_links":{"self":[{"href":"https:\/\/hookahshop.lt\/et\/wp-json\/wp\/v2\/product\/22366"}],"collection":[{"href":"https:\/\/hookahshop.lt\/et\/wp-json\/wp\/v2\/product"}],"about":[{"href":"https:\/\/hookahshop.lt\/et\/wp-json\/wp\/v2\/types\/product"}],"replies":[{"embeddable":true,"href":"https:\/\/hookahshop.lt\/et\/wp-json\/wp\/v2\/comments?post=22366"}],"version-history":[{"count":4,"href":"https:\/\/hookahshop.lt\/et\/wp-json\/wp\/v2\/product\/22366\/revisions"}],"predecessor-version":[{"id":32383,"href":"https:\/\/hookahshop.lt\/et\/wp-json\/wp\/v2\/product\/22366\/revisions\/32383"}],"wp:featuredmedia":[{"embeddable":true,"href":"https:\/\/hookahshop.lt\/et\/wp-json\/wp\/v2\/media\/28029"}],"wp:attachment":[{"href":"https:\/\/hookahshop.lt\/et\/wp-json\/wp\/v2\/media?parent=22366"}],"curies":[{"name":"wp","href":"https:\/\/api.w.org\/{rel}","templated":true}]}}