{"id":22375,"date":"2021-05-10T14:54:37","date_gmt":"2021-05-10T11:54:37","guid":{"rendered":"https:\/\/hookahshop.lt\/?post_type=product&#038;p=22375"},"modified":"2026-05-14T23:29:04","modified_gmt":"2026-05-14T20:29:04","slug":"kaljano-komplektas-nube-unique-black-one","status":"publish","type":"product","link":"https:\/\/hookahshop.lt\/et\/toode\/vesipiibukomplektid-nube-unique-black-one\/","title":{"rendered":"Vesipiibukomplekt NUBE Unique Black One"},"content":{"rendered":"<h2>Vesipiibukomplekt NUBE Unique Black One<\/h2>\n<p>Vesipiip, mis vaevalt saaks olla ainulaadsem. Nube Unique Black One k\u00f5rge kvaliteet on valmistatud kergesti hooldatavatest ja kvaliteetsetest materjalidest nagu roostevaba teras ja pol\u00fcatsetaal.<br \/>\nAinulaadne v\u00e4ljalaskeklapp v\u00f5imaldab puhutud \u00f5hku suunata otse tassi, jahutades seda.<\/p>\n<p><strong>Varustus:<\/strong><br \/>\nV\u00f5ll -1 tk.<br \/>\nVesipiibu plaat br\u00e4ndi graveeringuga - 1 tk.<br \/>\nHuulik - 1 tk.<br \/>\nSilikoonvoolik - 1 tk.<br \/>\nTihendid - 2 tk.<br \/>\nKolb (erineb fotol olevast) - 1 tk.<br \/>\nTangid - 1 tk.<br \/>\nKuumutuskamber - 1 tk.<br \/>\nTass (v\u00f5ib erineda fotol olevast) - 1tk.<br \/>\nKivis\u00fcsi 1kg - 1tk.<br \/>\nPliit - 1tk.<\/p>\n<p>Kas teil on k\u00fcsimusi? v\u00f5ta meiega \u00fchendust\u00a0<a href=\"https:\/\/hookahshop.lt\/et\/kontaktid\/\">kontaktide leht<\/a>\u00a0v\u00f5i saatke meile e-kiri aadressil\u00a0<a href=\"https:\/\/facebook.com\/HookahShop.lt\/\" target=\"_blank\" rel=\"noopener noreferrer\">Facebooki konto<\/a>\u00a0ja vastame teie taotlusele samal p\u00e4eval.<\/p>","protected":false},"excerpt":{"rendered":"<p>Vesipiibu komplekt NUBE Unique Black One Hookah, mis vaevalt saaks olla ainulaadsem. Nube Unique Black One k\u00f5rge kvaliteet on valmistatud kergesti hooldatavatest ja kvaliteetsetest materjalidest nagu roostevaba teras ja pol\u00fcatsetaal. Unikaalne puhastusklapp v\u00f5imaldab puhutud \u00f5hu otse tassi juhtida, jahutades seda seega. Varustus: V\u00f5ll -1 tk. Vesipiibu taldrik kaubam\u00e4rgiga [\u2026]<\/p>","protected":false},"featured_media":28025,"comment_status":"open","ping_status":"closed","template":"","meta":[],"_links":{"self":[{"href":"https:\/\/hookahshop.lt\/et\/wp-json\/wp\/v2\/product\/22375"}],"collection":[{"href":"https:\/\/hookahshop.lt\/et\/wp-json\/wp\/v2\/product"}],"about":[{"href":"https:\/\/hookahshop.lt\/et\/wp-json\/wp\/v2\/types\/product"}],"replies":[{"embeddable":true,"href":"https:\/\/hookahshop.lt\/et\/wp-json\/wp\/v2\/comments?post=22375"}],"version-history":[{"count":3,"href":"https:\/\/hookahshop.lt\/et\/wp-json\/wp\/v2\/product\/22375\/revisions"}],"predecessor-version":[{"id":28064,"href":"https:\/\/hookahshop.lt\/et\/wp-json\/wp\/v2\/product\/22375\/revisions\/28064"}],"wp:featuredmedia":[{"embeddable":true,"href":"https:\/\/hookahshop.lt\/et\/wp-json\/wp\/v2\/media\/28025"}],"wp:attachment":[{"href":"https:\/\/hookahshop.lt\/et\/wp-json\/wp\/v2\/media?parent=22375"}],"curies":[{"name":"wp","href":"https:\/\/api.w.org\/{rel}","templated":true}]}}