{"id":22378,"date":"2021-05-10T15:01:55","date_gmt":"2021-05-10T12:01:55","guid":{"rendered":"https:\/\/hookahshop.lt\/?post_type=product&#038;p=22378"},"modified":"2026-04-10T12:51:23","modified_gmt":"2026-04-10T09:51:23","slug":"kaljano-komplektas-honey-sigh-urban-black","status":"publish","type":"product","link":"https:\/\/hookahshop.lt\/et\/toode\/vesipiibukomplektid-honey-sigh-urban-black\/","title":{"rendered":"Vesipiibukomplekt HONEY SIGH Urban Black"},"content":{"rendered":"<h2>Vesipiibukomplekt HONEY SIGH Urban Black<\/h2>\n<p>Vesipiibul on suurep\u00e4rased j\u00f5udlus- ja suitsetamisomadused. Kolvi t\u00f5hus vertikaalne puhastamine. Atsetaalip\u00f5hi \u2013 vastupidav ja stiilne. Must kaunistus t\u00e4iendab v\u00e4limust suurep\u00e4raselt. V\u00e4ljalaskes\u00fcsteem koosneb 5 klapist, mis puhuvad esimest korda kolvist suitsu v\u00e4lja, samuti jahutavad topsi.<\/p>\n<p><strong>Varustus:<\/strong><br \/>\nV\u00f5ll -1 tk.<br \/>\nVesipiibu plaat br\u00e4ndi graveeringuga - 1 tk.<br \/>\nHuulik - 1 tk.<br \/>\nSilikoonvoolik - 1 tk.<br \/>\nTihendid - 2 tk.<br \/>\nKolb (erineb fotol olevast) - 1 tk.<br \/>\nTangid - 1 tk.<br \/>\nKuumutuskamber - 1 tk.<br \/>\nTass (v\u00f5ib erineda fotol olevast) - 1tk.<br \/>\nKivis\u00fcsi 1kg - 1tk.<br \/>\nPliit - 1tk.<\/p>\n<p>Kas teil on k\u00fcsimusi? v\u00f5ta meiega \u00fchendust\u00a0<a href=\"https:\/\/hookahshop.lt\/et\/kontaktid\/\">kontaktide leht<\/a>\u00a0v\u00f5i saatke meile e-kiri aadressil\u00a0<a href=\"https:\/\/facebook.com\/HookahShop.lt\/\" target=\"_blank\" rel=\"noopener noreferrer\">Facebooki konto<\/a>\u00a0ja vastame teie taotlusele samal p\u00e4eval.<\/p>","protected":false},"excerpt":{"rendered":"<p>Vesipiibu komplekt HONEY SIGH Urban Black Hookah on suurep\u00e4raste toimimis- ja suitsetamisomadustega. Kolvi t\u00f5hus vertikaalne puhastamine. Atsetaalip\u00f5hi \u2013 vastupidav ja stiilne. Must kaunistus t\u00e4iendab v\u00e4limust suurep\u00e4raselt. V\u00e4ljalaskes\u00fcsteem koosneb 5 klapist, mis puhuvad esimest korda kolvist suitsu v\u00e4lja, samuti jahutavad topsi. Varustus: V\u00f5ll -1 tk. Vesipiibu taldrik kaubam\u00e4rgiga [\u2026]<\/p>","protected":false},"featured_media":27988,"comment_status":"open","ping_status":"closed","template":"","meta":[],"_links":{"self":[{"href":"https:\/\/hookahshop.lt\/et\/wp-json\/wp\/v2\/product\/22378"}],"collection":[{"href":"https:\/\/hookahshop.lt\/et\/wp-json\/wp\/v2\/product"}],"about":[{"href":"https:\/\/hookahshop.lt\/et\/wp-json\/wp\/v2\/types\/product"}],"replies":[{"embeddable":true,"href":"https:\/\/hookahshop.lt\/et\/wp-json\/wp\/v2\/comments?post=22378"}],"version-history":[{"count":4,"href":"https:\/\/hookahshop.lt\/et\/wp-json\/wp\/v2\/product\/22378\/revisions"}],"predecessor-version":[{"id":32200,"href":"https:\/\/hookahshop.lt\/et\/wp-json\/wp\/v2\/product\/22378\/revisions\/32200"}],"wp:featuredmedia":[{"embeddable":true,"href":"https:\/\/hookahshop.lt\/et\/wp-json\/wp\/v2\/media\/27988"}],"wp:attachment":[{"href":"https:\/\/hookahshop.lt\/et\/wp-json\/wp\/v2\/media?parent=22378"}],"curies":[{"name":"wp","href":"https:\/\/api.w.org\/{rel}","templated":true}]}}