{"id":22382,"date":"2021-05-10T15:05:30","date_gmt":"2021-05-10T12:05:30","guid":{"rendered":"https:\/\/hookahshop.lt\/?post_type=product&#038;p=22382"},"modified":"2026-04-22T23:29:10","modified_gmt":"2026-04-22T20:29:10","slug":"kaljano-komplektas-smoke-me-two-black","status":"publish","type":"product","link":"https:\/\/hookahshop.lt\/et\/toode\/vesipiibukomplektid-smoke-me-two-black\/","title":{"rendered":"Vesipiibukomplekt SMOKE ME Two Black"},"content":{"rendered":"<h2>Vesipiibukomplekt SMOKE ME Two Black<\/h2>\n<p>See paistab silma oma ainulaadse kolviga, mida on mugavam kasutada kui tavalise kujuga kolve. Hea hind!<\/p>\n<p><strong>Varustus:<\/strong><br \/>\nV\u00f5ll -1 tk.<br \/>\nVesipiibu plaat br\u00e4ndi graveeringuga - 1 tk.<br \/>\nHuulik - 1 tk.<br \/>\nSilikoonvoolik - 1 tk.<br \/>\nTihendid - 2 tk.<br \/>\nKolb (erineb fotol olevast) - 1 tk.<br \/>\nTangid - 1 tk.<br \/>\nKuumutuskamber - 1 tk.<br \/>\nTass (v\u00f5ib erineda fotol olevast) - 1tk.<br \/>\nKivis\u00fcsi 1kg - 1tk.<br \/>\nPliit - 1tk.<\/p>\n<p>Kas teil on k\u00fcsimusi? v\u00f5ta meiega \u00fchendust\u00a0<a href=\"https:\/\/hookahshop.lt\/et\/kontaktid\/\">kontaktide leht<\/a>\u00a0v\u00f5i saatke meile e-kiri aadressil\u00a0<a href=\"https:\/\/facebook.com\/HookahShop.lt\/\" target=\"_blank\" rel=\"noopener noreferrer\">Facebooki konto<\/a>\u00a0ja vastame teie taotlusele samal p\u00e4eval.<\/p>","protected":false},"excerpt":{"rendered":"<p>Konksukomplekt SMOKE ME Two Black Paistab silma ainulaadse kolviga, mida on mugavam kasutada kui tavalisi kolbe. Hea hind! Varustus: V\u00f5ll -1 tk. Br\u00e4ndigraveeringuga vesipiibuplaat - 1 tk. Huulik - 1 tk. Silikoonvoolik - 1 tk. Tihendid - 2 tk. Kolb (erineb fotol olevast) - 1 tk. Tangid - 1 tk. [\u2026]<\/p>","protected":false},"featured_media":28031,"comment_status":"open","ping_status":"closed","template":"","meta":[],"_links":{"self":[{"href":"https:\/\/hookahshop.lt\/et\/wp-json\/wp\/v2\/product\/22382"}],"collection":[{"href":"https:\/\/hookahshop.lt\/et\/wp-json\/wp\/v2\/product"}],"about":[{"href":"https:\/\/hookahshop.lt\/et\/wp-json\/wp\/v2\/types\/product"}],"replies":[{"embeddable":true,"href":"https:\/\/hookahshop.lt\/et\/wp-json\/wp\/v2\/comments?post=22382"}],"version-history":[{"count":2,"href":"https:\/\/hookahshop.lt\/et\/wp-json\/wp\/v2\/product\/22382\/revisions"}],"predecessor-version":[{"id":29747,"href":"https:\/\/hookahshop.lt\/et\/wp-json\/wp\/v2\/product\/22382\/revisions\/29747"}],"wp:featuredmedia":[{"embeddable":true,"href":"https:\/\/hookahshop.lt\/et\/wp-json\/wp\/v2\/media\/28031"}],"wp:attachment":[{"href":"https:\/\/hookahshop.lt\/et\/wp-json\/wp\/v2\/media?parent=22382"}],"curies":[{"name":"wp","href":"https:\/\/api.w.org\/{rel}","templated":true}]}}