{"id":22415,"date":"2021-05-11T23:50:18","date_gmt":"2021-05-11T20:50:18","guid":{"rendered":"https:\/\/hookahshop.lt\/?post_type=product&#038;p=22415"},"modified":"2026-04-11T23:28:45","modified_gmt":"2026-04-11T20:28:45","slug":"elektroninis-kaljanas-c2-hookah-grey-black","status":"publish","type":"product","link":"https:\/\/hookahshop.lt\/et\/toode\/elektrooniline-vesipiip-c2-hookah-grey-black\/","title":{"rendered":"Elektrooniline vesipiip C2 HOOKAH Hall-Must"},"content":{"rendered":"<h2>Elektrooniline vesipiip C2 HOOKAH Hall-Must<\/h2>\n<p>See on esimene vesipiip neile, kellele meeldib suitsetada traditsioonilist vesipiipu, kuid kes otsivad alternatiivi ilma s\u00fcsiniks\u00fc\u00fcteta. Restoranide ja \u00f6\u00f6klubide professionaalidele eritellimusel valmistatud vesipiip C2 on ainulaadne: ainulaadse ja uuendusliku disainiga. 100% elektrooniline, aga ikkagi 100% vesipiip.<\/p>\n<p>Kasutatud kapslid: Prantsusmaal valmistatud e-vedelikud<\/p>\n<p><strong>Varustus:<\/strong><br \/>\nVesipiip<br \/>\nToru<br \/>\nJuhtum<br \/>\nAku 8000 mAh<br \/>\nUSB-kaabel Type-C<br \/>\nLaadija<br \/>\nVeekindel LED<br \/>\nJuhend<\/p>\n<p>Kas teil on k\u00fcsimusi? v\u00f5ta meiega \u00fchendust\u00a0<a href=\"https:\/\/hookahshop.lt\/et\/kontaktid\/\">kontaktide leht<\/a>\u00a0v\u00f5i saatke meile e-kiri aadressil\u00a0<a href=\"https:\/\/facebook.com\/HookahShop.lt\/\" target=\"_blank\" rel=\"noopener noreferrer\">Facebooki konto<\/a>\u00a0ja vastame teie taotlusele samal p\u00e4eval.<\/p>","protected":false},"excerpt":{"rendered":"<p>Elektrooniline vesipiip C2 HOOKAH Grey-Black See on esimene vesipiip neile, kellele meeldib suitsetada traditsioonilist vesipiipu, kuid kes otsivad alternatiivi ilma s\u00fcsiniks\u00fc\u00fcteta. Restoranide ja \u00f6\u00f6klubide professionaalidele eritellimusel valmistatud vesipiip C2 on ainulaadne: ainulaadse ja uuendusliku disainiga. 100% elektrooniline, aga ikkagi 100% vesipiip. Kasutatud kapslid: Prantsusmaal toodetud e-vedelikud Tarnekomplekt: Vesipiibu toru korpus Aku 8000 mAh USB-kaabel C-t\u00fc\u00fcpi [\u2026]<\/p>","protected":false},"featured_media":22416,"comment_status":"open","ping_status":"closed","template":"","meta":[],"_links":{"self":[{"href":"https:\/\/hookahshop.lt\/et\/wp-json\/wp\/v2\/product\/22415"}],"collection":[{"href":"https:\/\/hookahshop.lt\/et\/wp-json\/wp\/v2\/product"}],"about":[{"href":"https:\/\/hookahshop.lt\/et\/wp-json\/wp\/v2\/types\/product"}],"replies":[{"embeddable":true,"href":"https:\/\/hookahshop.lt\/et\/wp-json\/wp\/v2\/comments?post=22415"}],"version-history":[{"count":5,"href":"https:\/\/hookahshop.lt\/et\/wp-json\/wp\/v2\/product\/22415\/revisions"}],"predecessor-version":[{"id":22857,"href":"https:\/\/hookahshop.lt\/et\/wp-json\/wp\/v2\/product\/22415\/revisions\/22857"}],"wp:featuredmedia":[{"embeddable":true,"href":"https:\/\/hookahshop.lt\/et\/wp-json\/wp\/v2\/media\/22416"}],"wp:attachment":[{"href":"https:\/\/hookahshop.lt\/et\/wp-json\/wp\/v2\/media?parent=22415"}],"curies":[{"name":"wp","href":"https:\/\/api.w.org\/{rel}","templated":true}]}}