{"id":22427,"date":"2021-05-12T12:47:21","date_gmt":"2021-05-12T09:47:21","guid":{"rendered":"https:\/\/hookahshop.lt\/?post_type=product&#038;p=22427"},"modified":"2025-07-22T15:12:40","modified_gmt":"2025-07-22T12:12:40","slug":"kaljano-paruosimo-mokymai-vienam-asmeniui","status":"publish","type":"product","link":"https:\/\/hookahshop.lt\/et\/toode\/vesipiibu-ettevalmistus-koolitus-uhele-inimesele\/","title":{"rendered":"Vesipiibu ettevalmistus KOOLITUS \u00fchele inimesele"},"content":{"rendered":"<h2>Vesipiibu ettevalmistus KOOLITUS \u00fchele inimesele<\/h2>\n<p>P\u00e4rast vesipiibu ostmist ei tea k\u00f5ik, kust alustada, kuidas vesipiipu \u00f5igesti valmistada ning kuidas see kodus maitsvaks ja suitsuseks muuta. Meie vesipiibu ettevalmistamise koolitusel saate teada, kuidas k\u00f5ike teha ja v\u00e4ltida vesipiibu ettevalmistamise vigu.<\/p>\n<p><strong>Vesipiibu ettevalmistamise koolitusel:<\/strong><\/p>\n<p>- \u00d5pid valmistama vesipiipu.<br \/>\n- Saad teada vesipiibu koostisest ja funktsionaalsusest.<br \/>\n- Saad teada vesipiibu lisandite v\u00f5imalustest ja vesipiibu erinevustest.<br \/>\n- \u00d5pid tundma erinevaid vesipiibutopse ja nende valmistamisviise.<br \/>\n- \u00d5pid kontrollima vesipiibu tassi temperatuuri.<br \/>\n- \u00d5pid vesipiipu hooldama ja korralikult puhastama.<br \/>\n- Saad infot vesipiibutubaka maitsete kohta.<br \/>\n- Proovite 2-3 erinevat vesipiipu erinevate tassidega.<\/p>\n<p>Koolituse kestus: 1-1,5 tundi.<br \/>\nVesipiibu ettevalmistamise koolitus on m\u00f5eldud ainult \u00dcHELE inimesele.<br \/>\nVesipiibu ettevalmistuskoolitus v\u00f5ib toimuda: vene, inglise, leedu keeles.<br \/>\nVesipiibu koolitus viiakse l\u00e4bi Vilniuses. Kokkuleppel on v\u00f5imalik lisatasu eest \u00fcmber vahetada soovitud asukohta.<\/p>\n<p>Vesipiibu ettevalmistuskoolitus on originaalne kingitus mehele v\u00f5i naisele. Iga vesipiibuhuviline saab uusi teadmisi k\u00f5igest vesipiibuga seonduvast!<\/p>\n<p>Kas teil on k\u00fcsimusi? v\u00f5ta meiega \u00fchendust\u00a0<a href=\"https:\/\/hookahshop.lt\/et\/kontaktid\/\">kontaktide leht<\/a>\u00a0v\u00f5i saatke meile e-kiri aadressil\u00a0<a href=\"https:\/\/facebook.com\/HookahShop.lt\/\" target=\"_blank\" rel=\"noopener noreferrer\">Facebooki konto<\/a>\u00a0ja vastame teie taotlusele samal p\u00e4eval.<\/p>","protected":false},"excerpt":{"rendered":"<p>Vesipiibu valmistamise koolitus \u00fchele inimesele Peale vesipiibu ostmist ei tea k\u00f5ik, millest alustada, kuidas vesipiipu \u00f5igesti valmistada ning kuidas see kodus maitsvaks ja suitsuseks muuta. Meie vesipiibu ettevalmistamise koolitusel saate teada, kuidas k\u00f5ike teha ja v\u00e4ltida vigu vesipiibu ettevalmistamisel. Vesipiibu ettevalmistamise koolitusel: - \u00d5pid valmistama vesipiipu. - Saad teada vesipiibu koostisest ja funktsionaalsusest. - [\u2026]<\/p>","protected":false},"featured_media":22429,"comment_status":"open","ping_status":"closed","template":"","meta":[],"_links":{"self":[{"href":"https:\/\/hookahshop.lt\/et\/wp-json\/wp\/v2\/product\/22427"}],"collection":[{"href":"https:\/\/hookahshop.lt\/et\/wp-json\/wp\/v2\/product"}],"about":[{"href":"https:\/\/hookahshop.lt\/et\/wp-json\/wp\/v2\/types\/product"}],"replies":[{"embeddable":true,"href":"https:\/\/hookahshop.lt\/et\/wp-json\/wp\/v2\/comments?post=22427"}],"version-history":[{"count":19,"href":"https:\/\/hookahshop.lt\/et\/wp-json\/wp\/v2\/product\/22427\/revisions"}],"predecessor-version":[{"id":33602,"href":"https:\/\/hookahshop.lt\/et\/wp-json\/wp\/v2\/product\/22427\/revisions\/33602"}],"wp:featuredmedia":[{"embeddable":true,"href":"https:\/\/hookahshop.lt\/et\/wp-json\/wp\/v2\/media\/22429"}],"wp:attachment":[{"href":"https:\/\/hookahshop.lt\/et\/wp-json\/wp\/v2\/media?parent=22427"}],"curies":[{"name":"wp","href":"https:\/\/api.w.org\/{rel}","templated":true}]}}