{"id":22434,"date":"2021-05-12T13:25:38","date_gmt":"2021-05-12T10:25:38","guid":{"rendered":"https:\/\/hookahshop.lt\/?post_type=product&#038;p=22434"},"modified":"2025-04-08T22:13:26","modified_gmt":"2025-04-08T19:13:26","slug":"kaljano-paruosimo-mokymai-imonei","status":"publish","type":"product","link":"https:\/\/hookahshop.lt\/et\/toode\/vesipiibu-ettevalmistus-koolitusfirma\/","title":{"rendered":"Vesipiibu ettevalmistamise KOOLITUS ettev\u00f5ttele"},"content":{"rendered":"<h2>Vesipiibu ettevalmistamise KOOLITUS ettev\u00f5ttele<\/h2>\n<p>Meie vesipiibu ettevalmistamise koolitusel \u00f5pid k\u00f5ike tegema ja v\u00e4ltima vesipiibu valmistamise vigu ning saad teada, kuidas korraldada oma ettev\u00f5ttes vesipiibu \u00e4ri.<\/p>\n<p><strong>Vesipiibu ettevalmistamise koolitusel:<\/strong><\/p>\n<p>- \u00d5pid valmistama vesipiipu.<br \/>\n- Saad teada vesipiibu koostisest ja funktsionaalsusest ning selle v\u00f5imalustest.<br \/>\n- Saad teada vesipiibu lisandite v\u00f5imalustest ja vesipiibu erinevustest.<br \/>\n- \u00d5pid vesipiipu hooldama ja korralikult puhastama.<br \/>\n- \u00d5pid tundma erinevaid vesipiibutopse ja nende valmistamisviise.<br \/>\n- \u00d5pid kontrollima vesipiibu tassi temperatuuri.<br \/>\n- Saad infot vesipiibutubaka maitsete, tubaka ostu-m\u00fc\u00fcgi kohta ettev\u00f5tte tegevuses.<br \/>\n- Proovite 4 erinevat vesipiipu erinevate tassidega.<br \/>\n- T\u00f6\u00f6koha korraldamise n\u00e4pun\u00e4iteid.<\/p>\n<p>Koolituse kestus: 2-2,5 tundi.<br \/>\nVesipiibu ettevalmistamise koolitus on m\u00f5eldud 2 t\u00f6\u00f6taja koolitamiseks.<br \/>\nVesipiibu ettevalmistuskoolitus v\u00f5ib toimuda: vene, inglise, leedu keeles.<br \/>\nVesipiibu koolitus viiakse l\u00e4bi Vilniuses. Saabume teistesse Leedu linnadesse, tasudes lisaks k\u00fctusekulu.<\/p>\n<p>Kas teil on k\u00fcsimusi? v\u00f5ta meiega \u00fchendust\u00a0<a href=\"https:\/\/hookahshop.lt\/et\/kontaktid\/\">kontaktide leht<\/a>\u00a0v\u00f5i saatke meile e-kiri aadressil\u00a0<a href=\"https:\/\/facebook.com\/HookahShop.lt\/\" target=\"_blank\" rel=\"noopener noreferrer\">Facebooki konto<\/a>\u00a0ja vastame teie taotlusele samal p\u00e4eval.<\/p>","protected":false},"excerpt":{"rendered":"<p>Vesipiibu ettevalmistamise koolitus ettev\u00f5ttele Meie vesipiibu ettevalmistamise koolitusel \u00f5pid k\u00f5ike tegema ja v\u00e4ltima vesipiibu valmistamise vigu ning \u00f5pid korraldama vesipiibu \u00e4ri oma ettev\u00f5ttes. Vesipiibu ettevalmistamise koolitusel: - \u00d5pid valmistama vesipiipu. - Saad teada vesipiibu koostisest ja funktsionaalsusest ning selle v\u00f5imalustest. - \u00d5ppige tundma vesipiibu lisandite v\u00f5imalusi ja vesipiibu erinevusi. - Sa \u00f5pid [\u2026]<\/p>","protected":false},"featured_media":22449,"comment_status":"open","ping_status":"closed","template":"","meta":[],"_links":{"self":[{"href":"https:\/\/hookahshop.lt\/et\/wp-json\/wp\/v2\/product\/22434"}],"collection":[{"href":"https:\/\/hookahshop.lt\/et\/wp-json\/wp\/v2\/product"}],"about":[{"href":"https:\/\/hookahshop.lt\/et\/wp-json\/wp\/v2\/types\/product"}],"replies":[{"embeddable":true,"href":"https:\/\/hookahshop.lt\/et\/wp-json\/wp\/v2\/comments?post=22434"}],"version-history":[{"count":9,"href":"https:\/\/hookahshop.lt\/et\/wp-json\/wp\/v2\/product\/22434\/revisions"}],"predecessor-version":[{"id":22470,"href":"https:\/\/hookahshop.lt\/et\/wp-json\/wp\/v2\/product\/22434\/revisions\/22470"}],"wp:featuredmedia":[{"embeddable":true,"href":"https:\/\/hookahshop.lt\/et\/wp-json\/wp\/v2\/media\/22449"}],"wp:attachment":[{"href":"https:\/\/hookahshop.lt\/et\/wp-json\/wp\/v2\/media?parent=22434"}],"curies":[{"name":"wp","href":"https:\/\/api.w.org\/{rel}","templated":true}]}}