{"id":22512,"date":"2021-05-14T22:27:05","date_gmt":"2021-05-14T19:27:05","guid":{"rendered":"https:\/\/hookahshop.lt\/?post_type=product&#038;p=22512"},"modified":"2026-04-14T23:28:40","modified_gmt":"2026-04-14T20:28:40","slug":"anglys-kaljanui-crown-airflow-25mm-1kg","status":"publish","type":"product","link":"https:\/\/hookahshop.lt\/et\/toode\/susi-vesipiibule-crown-airflow-25mm-1kg\/","title":{"rendered":"S\u00fcsi vesipiibule CROWN \u00d5huvool 25mm 1kg"},"content":{"rendered":"<h2>S\u00fcsi vesipiibule CROWN \u00d5huvool 25mm 1kg<\/h2>\n<p>Need on esimesed looduslikust kookoskoorest valmistatud &quot;l\u00f5hnalised&quot; s\u00f6ed vesipiibu jaoks. Nendel s\u00f6el on reljeefsed servad, mis s\u00e4ilitavad intensiivse kuumuse. S\u00f6e servade seina ja soojuskambri vahelt l\u00e4bib hapnik, mis ei lase s\u00f6el v\u00e4lja minna.<\/p>\n<p><strong>Spetsifikatsioon:<\/strong><\/p>\n<p>\u00dche s\u00fcsiniku m\u00f5\u00f5dud: 25x25x25mm.<br \/>\nKarbis on 72 s\u00fcsinikku.<br \/>\nS\u00f6e p\u00f5letamiseks vajate vesipiibu, turistide gaasipliidi vms jaoks elektrilist pliiti.<br \/>\nP\u00e4ritoluriik: Indoneesia<\/p>\n<p>Kas teil on k\u00fcsimusi? v\u00f5ta meiega \u00fchendust\u00a0<a href=\"https:\/\/hookahshop.lt\/et\/kontaktid\/\">kontaktide leht<\/a>\u00a0v\u00f5i saatke meile e-kiri aadressil\u00a0<a href=\"https:\/\/facebook.com\/HookahShop.lt\/\" target=\"_blank\" rel=\"noopener noreferrer\">Facebooki konto<\/a>\u00a0ja vastame teie taotlusele samal p\u00e4eval.<\/p>","protected":false},"excerpt":{"rendered":"<p>S\u00fcsi vesipiibu jaoks CROWN Airflow 25mm 1kg Need on esimesed looduslikust kookoskoorest valmistatud &quot;l\u00f5hnastatud&quot; s\u00f6ed vesipiibu jaoks. Nendel s\u00f6el on reljeefsed servad, mis s\u00e4ilitavad intensiivse kuumuse. S\u00f6e servade seina ja soojuskambri vahelt l\u00e4bib hapnik, mis ei lase s\u00f6el v\u00e4lja minna. Spetsifikatsioon: \u00dche s\u00fcsiniku m\u00f5\u00f5tmed: 25x25x25mm. Karbis on 72 s\u00fcsinikku. S\u00f6e s\u00fc\u00fctamiseks on vaja elektripliiti vesipiibu jaoks, turist [\u2026]<\/p>","protected":false},"featured_media":22517,"comment_status":"open","ping_status":"closed","template":"","meta":[],"_links":{"self":[{"href":"https:\/\/hookahshop.lt\/et\/wp-json\/wp\/v2\/product\/22512"}],"collection":[{"href":"https:\/\/hookahshop.lt\/et\/wp-json\/wp\/v2\/product"}],"about":[{"href":"https:\/\/hookahshop.lt\/et\/wp-json\/wp\/v2\/types\/product"}],"replies":[{"embeddable":true,"href":"https:\/\/hookahshop.lt\/et\/wp-json\/wp\/v2\/comments?post=22512"}],"version-history":[{"count":4,"href":"https:\/\/hookahshop.lt\/et\/wp-json\/wp\/v2\/product\/22512\/revisions"}],"predecessor-version":[{"id":34596,"href":"https:\/\/hookahshop.lt\/et\/wp-json\/wp\/v2\/product\/22512\/revisions\/34596"}],"wp:featuredmedia":[{"embeddable":true,"href":"https:\/\/hookahshop.lt\/et\/wp-json\/wp\/v2\/media\/22517"}],"wp:attachment":[{"href":"https:\/\/hookahshop.lt\/et\/wp-json\/wp\/v2\/media?parent=22512"}],"curies":[{"name":"wp","href":"https:\/\/api.w.org\/{rel}","templated":true}]}}