{"id":22537,"date":"2021-05-18T12:48:45","date_gmt":"2021-05-18T09:48:45","guid":{"rendered":"https:\/\/hookahshop.lt\/?post_type=product&#038;p=22537"},"modified":"2026-04-17T23:29:26","modified_gmt":"2026-04-17T20:29:26","slug":"kandiklis-kaljanui-hoob-smpl-black-gold-new","status":"publish","type":"product","link":"https:\/\/hookahshop.lt\/et\/toode\/vesipiibu-huulik-hoob-smpl-black-gold-new\/","title":{"rendered":"Vesipiibu huulik HOOB SMPL Must kuld Uus"},"content":{"rendered":"<h2>Vesipiibu huulik HOOB SMPL Must kuld Uus<\/h2>\n<p>Vesipiibukonks HOOB SMPL Black Gold valmistatud harjatud mustast alumiiniumist kullatud roostevabast terasest otstega.<\/p>\n<p>Pikkus: 30 cm<br \/>\nMatt must anodeeritud<br \/>\nSobib k\u00f5ikidele silikoonvoolikutele sisel\u00e4bim\u00f5\u00f5duga 10-11mm<br \/>\nKullatud roostevabast terasest otsad<br \/>\nEi sisalda kahjulikke katteid (v\u00e4rv jne)<\/p>\n<p>Kas teil on k\u00fcsimusi? v\u00f5ta meiega \u00fchendust\u00a0<a href=\"https:\/\/hookahshop.lt\/et\/kontaktid\/\">kontaktide leht<\/a>\u00a0v\u00f5i saatke meile e-kiri aadressil\u00a0<a href=\"https:\/\/facebook.com\/HookahShop.lt\/\" target=\"_blank\" rel=\"noopener noreferrer\">Facebooki konto<\/a>\u00a0ja vastame teie taotlusele samal p\u00e4eval.<\/p>","protected":false},"excerpt":{"rendered":"<p>Vesipiibukonks HOOB SMPL Black Gold Uus Vesipiibukonks HOOB SMPL Black Gold harjatud mustast alumiiniumist kullatud roostevabast terasest otstega. Pikkus: 30cm Mattmust anodeeritud Sobib k\u00f5ikidele silikoonvoolikutele sisel\u00e4bim\u00f5\u00f5duga 10-11mm Kullatud roostevabast terasest otsikud Puuduvad kahjulikud katted (v\u00e4rv jne) K\u00fcsimused? V\u00f5tke meiega \u00fchendust kontaktide lehel v\u00f5i kirjutage [\u2026]<\/p>","protected":false},"featured_media":22538,"comment_status":"open","ping_status":"closed","template":"","meta":[],"_links":{"self":[{"href":"https:\/\/hookahshop.lt\/et\/wp-json\/wp\/v2\/product\/22537"}],"collection":[{"href":"https:\/\/hookahshop.lt\/et\/wp-json\/wp\/v2\/product"}],"about":[{"href":"https:\/\/hookahshop.lt\/et\/wp-json\/wp\/v2\/types\/product"}],"replies":[{"embeddable":true,"href":"https:\/\/hookahshop.lt\/et\/wp-json\/wp\/v2\/comments?post=22537"}],"version-history":[{"count":5,"href":"https:\/\/hookahshop.lt\/et\/wp-json\/wp\/v2\/product\/22537\/revisions"}],"predecessor-version":[{"id":25612,"href":"https:\/\/hookahshop.lt\/et\/wp-json\/wp\/v2\/product\/22537\/revisions\/25612"}],"wp:featuredmedia":[{"embeddable":true,"href":"https:\/\/hookahshop.lt\/et\/wp-json\/wp\/v2\/media\/22538"}],"wp:attachment":[{"href":"https:\/\/hookahshop.lt\/et\/wp-json\/wp\/v2\/media?parent=22537"}],"curies":[{"name":"wp","href":"https:\/\/api.w.org\/{rel}","templated":true}]}}