{"id":22543,"date":"2021-05-18T12:57:10","date_gmt":"2021-05-18T09:57:10","guid":{"rendered":"https:\/\/hookahshop.lt\/?post_type=product&#038;p=22543"},"modified":"2026-04-17T23:29:26","modified_gmt":"2026-04-17T20:29:26","slug":"kandiklis-kaljanui-hoob-smpl-wenge-gold","status":"publish","type":"product","link":"https:\/\/hookahshop.lt\/et\/toode\/vesipiibu-huulik-hoob-smpl-wenge-gold\/","title":{"rendered":"Vesipiibu huulik HOOB SMPL Wenge Gold"},"content":{"rendered":"<h2 class=\"serp-title\" data-format=\"%title% %page%\" data-empty-title=\"Click to enter custom title\">Vesipiibu huulik HOOB SMPL Wenge Gold<\/h2>\n<p>Vesipiibukonks HOOB SMPL Wenge Gold puidust ja kullatud roostevabast terasest otstega.<\/p>\n<p>Pikkus: 30 cm<br \/>\nPuidust<br \/>\nSobib k\u00f5ikidele silikoonvoolikutele sisel\u00e4bim\u00f5\u00f5duga 10-11mm<br \/>\nKullatud roostevabast terasest otsad<br \/>\nEi sisalda kahjulikke katteid (v\u00e4rv jne)<\/p>\n<p>Kas teil on k\u00fcsimusi? v\u00f5ta meiega \u00fchendust\u00a0<a href=\"https:\/\/hookahshop.lt\/et\/kontaktid\/\">kontaktide leht<\/a>\u00a0v\u00f5i saatke meile e-kiri aadressil\u00a0<a href=\"https:\/\/facebook.com\/HookahShop.lt\/\" target=\"_blank\" rel=\"noopener noreferrer\">Facebooki konto<\/a>\u00a0ja vastame teie taotlusele samal p\u00e4eval.<\/p>","protected":false},"excerpt":{"rendered":"<p>Vesipiibukonks HOOB SMPL Wenge Gold Vesipiibukonks HOOB SMPL Wenge Gold on valmistatud puidust ja kullatud roostevabast terasest otstega. Pikkus: 30cm Puidust Sobib k\u00f5ikidele silikoonvoolikutele sisel\u00e4bim\u00f5\u00f5duga 10-11mm Kullatud roostevabast terasest otsikud Puuduvad kahjulikud pinnakatted (v\u00e4rv jne) K\u00fcsimused? V\u00f5tke meiega \u00fchendust kontaktide lehel v\u00f5i kirjutage meile oma Facebooki kontol ja me vastame [\u2026]<\/p>","protected":false},"featured_media":22544,"comment_status":"open","ping_status":"closed","template":"","meta":[],"_links":{"self":[{"href":"https:\/\/hookahshop.lt\/et\/wp-json\/wp\/v2\/product\/22543"}],"collection":[{"href":"https:\/\/hookahshop.lt\/et\/wp-json\/wp\/v2\/product"}],"about":[{"href":"https:\/\/hookahshop.lt\/et\/wp-json\/wp\/v2\/types\/product"}],"replies":[{"embeddable":true,"href":"https:\/\/hookahshop.lt\/et\/wp-json\/wp\/v2\/comments?post=22543"}],"version-history":[{"count":4,"href":"https:\/\/hookahshop.lt\/et\/wp-json\/wp\/v2\/product\/22543\/revisions"}],"predecessor-version":[{"id":25613,"href":"https:\/\/hookahshop.lt\/et\/wp-json\/wp\/v2\/product\/22543\/revisions\/25613"}],"wp:featuredmedia":[{"embeddable":true,"href":"https:\/\/hookahshop.lt\/et\/wp-json\/wp\/v2\/media\/22544"}],"wp:attachment":[{"href":"https:\/\/hookahshop.lt\/et\/wp-json\/wp\/v2\/media?parent=22543"}],"curies":[{"name":"wp","href":"https:\/\/api.w.org\/{rel}","templated":true}]}}