{"id":23535,"date":"2021-06-01T14:10:44","date_gmt":"2021-06-01T11:10:44","guid":{"rendered":"https:\/\/hookahshop.lt\/?post_type=product&#038;p=23535"},"modified":"2026-04-22T23:28:48","modified_gmt":"2026-04-22T20:28:48","slug":"gaubtas-taureles-kaitinimui-conceptic","status":"publish","type":"product","link":"https:\/\/hookahshop.lt\/et\/toode\/tass-kutteks-conceptic\/","title":{"rendered":"Tass k\u00fctteks CONCEPTIC Firewall"},"content":{"rendered":"<h2>Tass k\u00fctteks CONCEPTIC Firewall<\/h2>\n<p>Konks kapuuts Conceptic Firewall universaalne roostevabast terasest kapuuts paksusega 1 mm<\/p>\n<p>Patenteeritud k\u00fclgmiste aukude paigutus ei t\u00e4ida mitte ainult esteetilist funktsiooni, vaid v\u00f5imaldab valida ka tassi soojendamise intensiivsuse vahel. Eemaldatav kate h\u00f5lbustab ja tagab soojusjuhtimise varieeruvuse. Kapuuts on ilma sangata, keskosa ei kuumene.<\/p>\n<p><strong>Omadused:<\/strong><br \/>\nK\u00f5rgus: 230 mm<br \/>\nAluse l\u00e4bim\u00f5\u00f5t: 100 mm<br \/>\nKaal: umbes 465 gr<\/p>\n<p>Kas teil on k\u00fcsimusi? v\u00f5ta meiega \u00fchendust\u00a0<a href=\"https:\/\/hookahshop.lt\/et\/kontaktid\/\">kontaktide leht<\/a>\u00a0v\u00f5i saatke meile e-kiri aadressil\u00a0<a href=\"https:\/\/facebook.com\/HookahShop.lt\/\" target=\"_blank\" rel=\"noopener noreferrer\">Facebooki konto<\/a>\u00a0ja vastame teie taotlusele samal p\u00e4eval.<\/p>","protected":false},"excerpt":{"rendered":"<p>Tassisoojenduskubu CONCEPTIC Firewall Hook kapuuts Conceptic Firewall universaalne roostevabast terasest kapuuts-paneel, paksusega 1 mm K\u00fclgmiste avade patenteeritud paigutus ei t\u00e4ida mitte ainult esteetilist funktsiooni, vaid v\u00f5imaldab valida ka tassi kuumutamise intensiivsuse vahel. Eemaldatav kate h\u00f5lbustab ja tagab soojusjuhtimise varieeruvuse. Kapuuts on ilma sangata, keskosa ei kuumene. Omadused: K\u00f5rgus: 230 mm Aluse l\u00e4bim\u00f5\u00f5t: [\u2026]<\/p>","protected":false},"featured_media":23538,"comment_status":"open","ping_status":"closed","template":"","meta":[],"_links":{"self":[{"href":"https:\/\/hookahshop.lt\/et\/wp-json\/wp\/v2\/product\/23535"}],"collection":[{"href":"https:\/\/hookahshop.lt\/et\/wp-json\/wp\/v2\/product"}],"about":[{"href":"https:\/\/hookahshop.lt\/et\/wp-json\/wp\/v2\/types\/product"}],"replies":[{"embeddable":true,"href":"https:\/\/hookahshop.lt\/et\/wp-json\/wp\/v2\/comments?post=23535"}],"version-history":[{"count":4,"href":"https:\/\/hookahshop.lt\/et\/wp-json\/wp\/v2\/product\/23535\/revisions"}],"predecessor-version":[{"id":23974,"href":"https:\/\/hookahshop.lt\/et\/wp-json\/wp\/v2\/product\/23535\/revisions\/23974"}],"wp:featuredmedia":[{"embeddable":true,"href":"https:\/\/hookahshop.lt\/et\/wp-json\/wp\/v2\/media\/23538"}],"wp:attachment":[{"href":"https:\/\/hookahshop.lt\/et\/wp-json\/wp\/v2\/media?parent=23535"}],"curies":[{"name":"wp","href":"https:\/\/api.w.org\/{rel}","templated":true}]}}