{"id":23548,"date":"2021-06-01T15:21:05","date_gmt":"2021-06-01T12:21:05","guid":{"rendered":"https:\/\/hookahshop.lt\/?post_type=product&#038;p=23548"},"modified":"2026-04-15T12:29:13","modified_gmt":"2026-04-15T09:29:13","slug":"taurele-kaljanui-arma-classic","status":"publish","type":"product","link":"https:\/\/hookahshop.lt\/et\/toode\/tass-vesipiip-arma-classic\/","title":{"rendered":"Tass vesipiibule ARMA Classic"},"content":{"rendered":"<h2>Tass vesipiibule ARMA Classic<\/h2>\n<p>Tass on valmistatud kvaliteetsest k\u00e4sitsi valmistatud savist.<br \/>\nTassi maht 15-20 g.<\/p>\n<p><strong>Omadused:<\/strong><\/p>\n<p>K\u00f5rgus: 74mm<br \/>\nL\u00e4bim\u00f5\u00f5t (v\u00e4limine): 72mm<br \/>\nL\u00e4bim\u00f5\u00f5t (sisemine): 61 mm<br \/>\nS\u00fcgavus: 18mm<br \/>\nAva l\u00e4bim\u00f5\u00f5t: 7mm<br \/>\nAukude arv: 6tk<br \/>\nKaal: umbes 170 g.<\/p>\n<p>Kas teil on k\u00fcsimusi? v\u00f5ta meiega \u00fchendust\u00a0<a href=\"https:\/\/hookahshop.lt\/et\/kontaktid\/\">kontaktide leht<\/a>\u00a0v\u00f5i saatke meile e-kiri aadressil\u00a0<a href=\"https:\/\/facebook.com\/HookahShop.lt\/\" target=\"_blank\" rel=\"noopener noreferrer\">Facebooki konto<\/a>\u00a0ja vastame teie taotlusele samal p\u00e4eval.<\/p>","protected":false},"excerpt":{"rendered":"<p>Tass vesipiibu jaoks ARMA Classic Cup on valmistatud kvaliteetsest k\u00e4sitsi valmistatud savist. Tassi maht 15-20 g. Omadused: K\u00f5rgus: 74mm L\u00e4bim\u00f5\u00f5t (v\u00e4limine): 72mm Diameeter (sisemine): 61mm S\u00fcgavus: 18mm Ava l\u00e4bim\u00f5\u00f5t: 7mm Aukude arv: 6tk Kaal: umbes 170g. Kas teil on k\u00fcsimusi? V\u00f5tke meiega \u00fchendust kontaktide lehel v\u00f5i kirjutage meile oma Facebooki kontol ja vastame teie p\u00e4ringule samal p\u00e4eval.<\/p>","protected":false},"featured_media":23550,"comment_status":"open","ping_status":"closed","template":"","meta":[],"_links":{"self":[{"href":"https:\/\/hookahshop.lt\/et\/wp-json\/wp\/v2\/product\/23548"}],"collection":[{"href":"https:\/\/hookahshop.lt\/et\/wp-json\/wp\/v2\/product"}],"about":[{"href":"https:\/\/hookahshop.lt\/et\/wp-json\/wp\/v2\/types\/product"}],"replies":[{"embeddable":true,"href":"https:\/\/hookahshop.lt\/et\/wp-json\/wp\/v2\/comments?post=23548"}],"version-history":[{"count":4,"href":"https:\/\/hookahshop.lt\/et\/wp-json\/wp\/v2\/product\/23548\/revisions"}],"predecessor-version":[{"id":29352,"href":"https:\/\/hookahshop.lt\/et\/wp-json\/wp\/v2\/product\/23548\/revisions\/29352"}],"wp:featuredmedia":[{"embeddable":true,"href":"https:\/\/hookahshop.lt\/et\/wp-json\/wp\/v2\/media\/23550"}],"wp:attachment":[{"href":"https:\/\/hookahshop.lt\/et\/wp-json\/wp\/v2\/media?parent=23548"}],"curies":[{"name":"wp","href":"https:\/\/api.w.org\/{rel}","templated":true}]}}