{"id":23572,"date":"2021-06-01T22:34:10","date_gmt":"2021-06-01T19:34:10","guid":{"rendered":"https:\/\/hookahshop.lt\/?post_type=product&#038;p=23572"},"modified":"2026-04-26T23:29:33","modified_gmt":"2026-04-26T20:29:33","slug":"taurele-kaljanui-arma-wave","status":"publish","type":"product","link":"https:\/\/hookahshop.lt\/et\/toode\/tass-vesipiip-arma-wave\/","title":{"rendered":"Tass vesipiibule ARMA Wave"},"content":{"rendered":"<h2>Tass vesipiibule ARMA Wave<\/h2>\n<p><span style=\"font-weight: 400;\">Tass on valmistatud kvaliteetsest k\u00e4sitsi valmistatud savist.<\/span><\/p>\n<p><span style=\"font-weight: 400;\">Tassi maht 15-20g.<\/span><\/p>\n<p><b>Omadused:<\/b><br \/>\n<span style=\"font-weight: 400;\">K\u00f5rgus: 74mm<\/span><br \/>\n<span style=\"font-weight: 400;\">L\u00e4bim\u00f5\u00f5t (v\u00e4limine): 72mm<\/span><br \/>\n<span style=\"font-weight: 400;\">L\u00e4bim\u00f5\u00f5t (sisemine): 61 mm<\/span><br \/>\n<span style=\"font-weight: 400;\">S\u00fcgavus: 18mm<\/span><br \/>\n<span style=\"font-weight: 400;\">Ava l\u00e4bim\u00f5\u00f5t: 7mm<\/span><br \/>\n<span style=\"font-weight: 400;\">Aukude arv: 6tk<\/span><br \/>\n<span style=\"font-weight: 400;\">Kaal: umbes 170 g<\/span><\/p>\n<p><span style=\"font-weight: 400;\">Kas teil on k\u00fcsimusi? v\u00f5ta meiega \u00fchendust <\/span><a href=\"https:\/\/hookahshop.lt\/et\/kontaktid\/\"><span style=\"font-weight: 400;\">kontaktide leht<\/span><\/a><span style=\"font-weight: 400;\"> v\u00f5i saatke meile e-kiri aadressil <\/span><a href=\"https:\/\/facebook.com\/HookahShop.lt\/\" target=\"_blank\" rel=\"noopener\"><span style=\"font-weight: 400;\">Facebooki konto<\/span><\/a><span style=\"font-weight: 400;\"> ja vastame teie taotlusele samal p\u00e4eval.<\/span><\/p>","protected":false},"excerpt":{"rendered":"<p>Tass vesipiibu jaoks ARMA Wave Cup on valmistatud kvaliteetsest k\u00e4sitsi valmistatud savist. Tassi maht 15-20g. Omadused: K\u00f5rgus: 74mm L\u00e4bim\u00f5\u00f5t (v\u00e4limine): 72mm Diameeter (sisemine): 61mm S\u00fcgavus: 18mm Ava l\u00e4bim\u00f5\u00f5t: 7mm Aukude arv: 6tk Kaal: umbes 170g K\u00fcsimused? V\u00f5tke meiega \u00fchendust kontaktide lehel v\u00f5i kirjutage meile oma Facebooki kontole ja me vastame teie soovile [\u2026]<\/p>","protected":false},"featured_media":23573,"comment_status":"open","ping_status":"closed","template":"","meta":[],"_links":{"self":[{"href":"https:\/\/hookahshop.lt\/et\/wp-json\/wp\/v2\/product\/23572"}],"collection":[{"href":"https:\/\/hookahshop.lt\/et\/wp-json\/wp\/v2\/product"}],"about":[{"href":"https:\/\/hookahshop.lt\/et\/wp-json\/wp\/v2\/types\/product"}],"replies":[{"embeddable":true,"href":"https:\/\/hookahshop.lt\/et\/wp-json\/wp\/v2\/comments?post=23572"}],"version-history":[{"count":9,"href":"https:\/\/hookahshop.lt\/et\/wp-json\/wp\/v2\/product\/23572\/revisions"}],"predecessor-version":[{"id":29531,"href":"https:\/\/hookahshop.lt\/et\/wp-json\/wp\/v2\/product\/23572\/revisions\/29531"}],"wp:featuredmedia":[{"embeddable":true,"href":"https:\/\/hookahshop.lt\/et\/wp-json\/wp\/v2\/media\/23573"}],"wp:attachment":[{"href":"https:\/\/hookahshop.lt\/et\/wp-json\/wp\/v2\/media?parent=23572"}],"curies":[{"name":"wp","href":"https:\/\/api.w.org\/{rel}","templated":true}]}}