{"id":23587,"date":"2021-06-02T09:50:46","date_gmt":"2021-06-02T06:50:46","guid":{"rendered":"https:\/\/hookahshop.lt\/?post_type=product&#038;p=23587"},"modified":"2026-04-06T23:29:06","modified_gmt":"2026-04-06T20:29:06","slug":"taurele-kaljanui-arma-classic-silicone","status":"publish","type":"product","link":"https:\/\/hookahshop.lt\/et\/toode\/tass-vesipiip-arma-classic-silicone\/","title":{"rendered":"Tass vesipiibule ARMA Classic Silicone"},"content":{"rendered":"<h2>Tass vesipiibule ARMA Classic Silicone<\/h2>\n<p>Silikoontops on klassikalise kujuga seitsme auguga &quot;vulkaanil&quot;. Silikoon on suurep\u00e4rane alternatiiv savitopside jaoks ja ei n\u00f5ua vesipiibu valmistamisel erilisi oskusi.<br \/>\n<span style=\"font-weight: 400\">Tassi maht 15-20 g<\/span><\/p>\n<p><b>Omadused:<\/b><\/p>\n<p><span style=\"font-weight: 400\">K\u00f5rgus: 95 mm<\/span><br \/>\n<span style=\"font-weight: 400\">L\u00e4bim\u00f5\u00f5t (v\u00e4limine): 81 mm<\/span><br \/>\n<span style=\"font-weight: 400\">L\u00e4bim\u00f5\u00f5t (sisemine): 74 mm<\/span><br \/>\n<span style=\"font-weight: 400\">S\u00fcgavus: 21 mm<\/span><br \/>\n<span style=\"font-weight: 400\">Ava l\u00e4bim\u00f5\u00f5t: 4 mm<\/span><br \/>\n<span style=\"font-weight: 400\">Aukude arv: 7 tk<\/span><br \/>\n<span style=\"font-weight: 400\">Kaal: umbes 152 g<\/span><\/p>\n<p><span style=\"font-weight: 400\">Kas teil on k\u00fcsimusi? v\u00f5ta meiega \u00fchendust <\/span><a href=\"https:\/\/hookahshop.lt\/et\/kontaktid\/\"><span style=\"font-weight: 400\">kontaktide leht<\/span><\/a><span style=\"font-weight: 400\"> v\u00f5i saatke meile e-kiri aadressil <\/span><a href=\"https:\/\/facebook.com\/HookahShop.lt\/\" target=\"_blank\" rel=\"noopener\"><span style=\"font-weight: 400\">Facebooki konto<\/span><\/a><span style=\"font-weight: 400\"> ja vastame teie taotlusele samal p\u00e4eval.<\/span><\/p>\n<h2><\/h2>","protected":false},"excerpt":{"rendered":"<p>Vesipiibutops ARMA Classic Silicone Silikoonist tass on klassikalise kujuga seitsme auguga &quot;vulkaanil&quot;. Silikoon on suurep\u00e4rane alternatiiv savitopside jaoks ja ei n\u00f5ua vesipiibu valmistamisel erilisi oskusi. Tassi maht 15-20 g Omadused: K\u00f5rgus: 95 mm L\u00e4bim\u00f5\u00f5t (v\u00e4limine): 81 mm Diameeter (sisemine): 74 mm S\u00fcgavus: 21 mm Ava l\u00e4bim\u00f5\u00f5t: 4 mm Aukude arv: 7 tk [\u2026]<\/p>","protected":false},"featured_media":23588,"comment_status":"open","ping_status":"closed","template":"","meta":[],"_links":{"self":[{"href":"https:\/\/hookahshop.lt\/et\/wp-json\/wp\/v2\/product\/23587"}],"collection":[{"href":"https:\/\/hookahshop.lt\/et\/wp-json\/wp\/v2\/product"}],"about":[{"href":"https:\/\/hookahshop.lt\/et\/wp-json\/wp\/v2\/types\/product"}],"replies":[{"embeddable":true,"href":"https:\/\/hookahshop.lt\/et\/wp-json\/wp\/v2\/comments?post=23587"}],"version-history":[{"count":9,"href":"https:\/\/hookahshop.lt\/et\/wp-json\/wp\/v2\/product\/23587\/revisions"}],"predecessor-version":[{"id":43007,"href":"https:\/\/hookahshop.lt\/et\/wp-json\/wp\/v2\/product\/23587\/revisions\/43007"}],"wp:featuredmedia":[{"embeddable":true,"href":"https:\/\/hookahshop.lt\/et\/wp-json\/wp\/v2\/media\/23588"}],"wp:attachment":[{"href":"https:\/\/hookahshop.lt\/et\/wp-json\/wp\/v2\/media?parent=23587"}],"curies":[{"name":"wp","href":"https:\/\/api.w.org\/{rel}","templated":true}]}}