{"id":23591,"date":"2021-06-02T11:19:28","date_gmt":"2021-06-02T08:19:28","guid":{"rendered":"https:\/\/hookahshop.lt\/?post_type=product&#038;p=23591"},"modified":"2026-04-15T23:29:09","modified_gmt":"2026-04-15T20:29:09","slug":"taurele-kaljanui-arma-classic-a18","status":"publish","type":"product","link":"https:\/\/hookahshop.lt\/et\/toode\/tass-vesipiip-arma-classic-a18\/","title":{"rendered":"Tass vesipiibule ARMA Classic A18"},"content":{"rendered":"<h2>Tass vesipiibule ARMA Classic A18<\/h2>\n<p>Silikoontopsi v\u00f5ib suitsetamise ajal k\u00e4ega v\u00f5tta, kuna see ei kuumene.<br \/>\n<span style=\"font-weight: 400;\">Tassi maht 15-20g.<\/span><\/p>\n<p><b>Omadused:<\/b><\/p>\n<p><span style=\"font-weight: 400;\">K\u00f5rgus: 97mm<\/span><br \/>\n<span style=\"font-weight: 400;\">L\u00e4bim\u00f5\u00f5t (v\u00e4limine): 82mm<\/span><br \/>\n<span style=\"font-weight: 400;\">L\u00e4bim\u00f5\u00f5t (sisemine): 73 mm<\/span><br \/>\n<span style=\"font-weight: 400;\">S\u00fcgavus: 20mm<\/span><br \/>\n<span style=\"font-weight: 400;\">Ava l\u00e4bim\u00f5\u00f5t: 5 mm<\/span><br \/>\n<span style=\"font-weight: 400;\">Aukude arv: 7tk<\/span><br \/>\n<span style=\"font-weight: 400;\">Kaal: umbes 130 g<\/span><\/p>\n<p><span style=\"font-weight: 400;\">Kas teil on k\u00fcsimusi? v\u00f5ta meiega \u00fchendust <\/span><a href=\"https:\/\/hookahshop.lt\/et\/kontaktid\/\"><span style=\"font-weight: 400;\">kontaktide leht<\/span><\/a><span style=\"font-weight: 400;\"> v\u00f5i saatke meile e-kiri aadressil <\/span><a href=\"https:\/\/facebook.com\/HookahShop.lt\/\" target=\"_blank\" rel=\"noopener\"><span style=\"font-weight: 400;\">Facebooki konto<\/span><\/a><span style=\"font-weight: 400;\"> ja vastame teie taotlusele samal p\u00e4eval.<\/span><\/p>","protected":false},"excerpt":{"rendered":"<p>Vesipiibu tass ARMA Classic A18 Silikoontopsi saab suitsetamise ajal k\u00e4sitsi \u00fcles t\u00f5sta, kuna see ei kuumene. Tassi maht 15-20g. Omadused: K\u00f5rgus: 97mm L\u00e4bim\u00f5\u00f5t (v\u00e4limine): 82mm Diameeter (sisemine): 73mm S\u00fcgavus: 20mm Ava l\u00e4bim\u00f5\u00f5t: 5mm Aukude arv: 7tk Kaal: umbes 130g K\u00fcsimused? V\u00f5tke meiega \u00fchendust kontaktide lehel v\u00f5i kirjutage meile oma Facebooki kontol ja me vastame teie [\u2026]<\/p>","protected":false},"featured_media":23592,"comment_status":"open","ping_status":"closed","template":"","meta":[],"_links":{"self":[{"href":"https:\/\/hookahshop.lt\/et\/wp-json\/wp\/v2\/product\/23591"}],"collection":[{"href":"https:\/\/hookahshop.lt\/et\/wp-json\/wp\/v2\/product"}],"about":[{"href":"https:\/\/hookahshop.lt\/et\/wp-json\/wp\/v2\/types\/product"}],"replies":[{"embeddable":true,"href":"https:\/\/hookahshop.lt\/et\/wp-json\/wp\/v2\/comments?post=23591"}],"version-history":[{"count":4,"href":"https:\/\/hookahshop.lt\/et\/wp-json\/wp\/v2\/product\/23591\/revisions"}],"predecessor-version":[{"id":24007,"href":"https:\/\/hookahshop.lt\/et\/wp-json\/wp\/v2\/product\/23591\/revisions\/24007"}],"wp:featuredmedia":[{"embeddable":true,"href":"https:\/\/hookahshop.lt\/et\/wp-json\/wp\/v2\/media\/23592"}],"wp:attachment":[{"href":"https:\/\/hookahshop.lt\/et\/wp-json\/wp\/v2\/media?parent=23591"}],"curies":[{"name":"wp","href":"https:\/\/api.w.org\/{rel}","templated":true}]}}