{"id":23595,"date":"2021-06-02T11:26:09","date_gmt":"2021-06-02T08:26:09","guid":{"rendered":"https:\/\/hookahshop.lt\/?post_type=product&#038;p=23595"},"modified":"2026-04-06T23:29:06","modified_gmt":"2026-04-06T20:29:06","slug":"taurele-kaljanui-arma-phunnel","status":"publish","type":"product","link":"https:\/\/hookahshop.lt\/et\/toode\/tass-vesipiip-arma-phunnel\/","title":{"rendered":"Tass vesipiibule ARMA Phunnel"},"content":{"rendered":"<h2>Tass vesipiibule ARMA Phunnel<\/h2>\n<p>Silikoontops on suurep\u00e4rane alternatiiv savitopsidele ega n\u00f5ua vesipiibu valmistamisel erilisi oskusi.<br \/>\nTassi maht 17-22 g.<\/p>\n<p><b>Omadused:<\/b><\/p>\n<p>K\u00f5rgus: 98mm<br \/>\nL\u00e4bim\u00f5\u00f5t (v\u00e4limine): 79 mm<br \/>\nL\u00e4bim\u00f5\u00f5t (sisemine): 73 mm<br \/>\nS\u00fcgavus: 20mm<br \/>\nAva l\u00e4bim\u00f5\u00f5t: 15mm<br \/>\nAukude arv: 1tk<br \/>\nKaal: umbes 132 g<\/p>\n<p>Kas teil on k\u00fcsimusi? v\u00f5ta meiega \u00fchendust <a href=\"https:\/\/hookahshop.lt\/et\/kontaktid\/\"><span style=\"font-weight: 400;\">kontaktide leht<\/span><\/a><span style=\"font-weight: 400;\"> v\u00f5i saatke meile e-kiri aadressil <\/span><a href=\"https:\/\/facebook.com\/HookahShop.lt\/\" target=\"_blank\" rel=\"noopener\"><span style=\"font-weight: 400;\">Facebooki konto<\/span><\/a><span style=\"font-weight: 400;\"> ja vastame teie taotlusele samal p\u00e4eval.<\/span><\/p>\n<pre id=\"tw-target-text\" class=\"tw-data-text tw-text-large XcVN5d tw-ta\" data-placeholder=\"Translation\"><\/pre>","protected":false},"excerpt":{"rendered":"<p>Vesipiibu tass ARMA Phunnel Silicone cup on suurep\u00e4rane alternatiiv savitopsidele ega n\u00f5ua vesipiibu valmistamisel erilisi oskusi. Tassi maht 17-22 g. Omadused: K\u00f5rgus: 98mm L\u00e4bim\u00f5\u00f5t (v\u00e4limine): 79mm Diameeter (sisemine): 73mm S\u00fcgavus: 20mm Ava l\u00e4bim\u00f5\u00f5t: 15mm Aukude arv: 1tk Kaal: umbes 132g K\u00fcsimused? V\u00f5tke meiega \u00fchendust kontaktide lehel v\u00f5i kirjutage meile oma Facebooki kontol [\u2026]<\/p>","protected":false},"featured_media":23596,"comment_status":"open","ping_status":"closed","template":"","meta":[],"_links":{"self":[{"href":"https:\/\/hookahshop.lt\/et\/wp-json\/wp\/v2\/product\/23595"}],"collection":[{"href":"https:\/\/hookahshop.lt\/et\/wp-json\/wp\/v2\/product"}],"about":[{"href":"https:\/\/hookahshop.lt\/et\/wp-json\/wp\/v2\/types\/product"}],"replies":[{"embeddable":true,"href":"https:\/\/hookahshop.lt\/et\/wp-json\/wp\/v2\/comments?post=23595"}],"version-history":[{"count":7,"href":"https:\/\/hookahshop.lt\/et\/wp-json\/wp\/v2\/product\/23595\/revisions"}],"predecessor-version":[{"id":43485,"href":"https:\/\/hookahshop.lt\/et\/wp-json\/wp\/v2\/product\/23595\/revisions\/43485"}],"wp:featuredmedia":[{"embeddable":true,"href":"https:\/\/hookahshop.lt\/et\/wp-json\/wp\/v2\/media\/23596"}],"wp:attachment":[{"href":"https:\/\/hookahshop.lt\/et\/wp-json\/wp\/v2\/media?parent=23595"}],"curies":[{"name":"wp","href":"https:\/\/api.w.org\/{rel}","templated":true}]}}