{"id":23616,"date":"2021-06-02T18:13:19","date_gmt":"2021-06-02T15:13:19","guid":{"rendered":"https:\/\/hookahshop.lt\/?post_type=product&#038;p=23616"},"modified":"2026-04-17T16:33:00","modified_gmt":"2026-04-17T13:33:00","slug":"kaljanas-maklaud-skytech","status":"publish","type":"product","link":"https:\/\/hookahshop.lt\/et\/toode\/vesipiip-maklaud-skytech\/","title":{"rendered":"Vesipiip MAKLAUD Skytech"},"content":{"rendered":"<h2>Vesipiip MAKLAUD Skytech<\/h2>\n<p>See on vesipiip, mis ei j\u00e4ta teid \u00fcksk\u00f5ikseks. See on vesipiip, mis meeldib nii kogenud kui ka algajale. Maklaudi vesipiibud on kuulsad oma originaalse disaini ja ekstravagantsete detailide poolest. Maklaudi disain on kujundatud kuni v\u00e4ikeste detailideni, mis j\u00e4tavad kustumatu mulje. See vesipiip on valmistatud vastupidavatest ja vastupidavatest materjalidest, et kesta kaua ega kaotaks oma esialgset v\u00f5lu.<\/p>\n<p><strong>Spetsifikatsioonid:<\/strong><\/p>\n<p>V\u00f5lli materjal: roostevaba teras AISI 304<br \/>\nKaal: 4,5 kg<br \/>\nMaterjal: messing<br \/>\nAlusmaterjal: roostevaba teras AISI 304<br \/>\nKolvi \u00fchendus: roostevaba teras AISI 304<br \/>\nVooliku\u00fchendus: roostevaba teras AISI 304<br \/>\nVarre k\u00f5rgus: 60,5 cm<br \/>\nKlapp: v\u00e4line<br \/>\nKinnituss\u00fcsteem: vahepealne<br \/>\nHajuti: mittereguleeritav<br \/>\nKolvi sisel\u00e4bim\u00f5\u00f5t: 15 mm<\/p>\n<p><strong>Varustus:<\/strong><\/p>\n<p>roostevabast terasest v\u00f5ll<br \/>\nklaaskolb<br \/>\nplaat<br \/>\nsilikoonvoolik<br \/>\nkolvi ja varre vahel<br \/>\ntangid<br \/>\nroostevabast terasest huulik<br \/>\npuidust pakend<\/p>\n<p>Kas teil on k\u00fcsimusi? v\u00f5ta meiega \u00fchendust\u00a0<a href=\"https:\/\/hookahshop.lt\/et\/kontaktid\/\">kontaktide leht<\/a>\u00a0v\u00f5i saatke meile e-kiri aadressil\u00a0<a href=\"https:\/\/facebook.com\/HookahShop.lt\/\" target=\"_blank\" rel=\"noopener\">Facebooki konto<\/a>\u00a0ja vastame teie taotlusele samal p\u00e4eval.<\/p>","protected":false},"excerpt":{"rendered":"<p>Vesipiip MAKLAUD Skytech See on vesipiip, mis ei j\u00e4ta sind \u00fcksk\u00f5ikseks. See on vesipiip, mis meeldib nii kogenud kui ka algajale. Maklaudi vesipiibud on kuulsad oma originaalse disaini ja ekstravagantsete detailide poolest. Maklaudi disain on kujundatud kuni v\u00e4ikeste detailideni, mis j\u00e4tavad kustumatu mulje. See vesipiip on valmistatud vastupidavatest ja vastupidavatest materjalidest, et kestaks kaua ega kaotaks oma esialgset v\u00f5lu. Tehnilised andmed: kaevandused [\u2026]<\/p>","protected":false},"featured_media":23617,"comment_status":"open","ping_status":"closed","template":"","meta":[],"_links":{"self":[{"href":"https:\/\/hookahshop.lt\/et\/wp-json\/wp\/v2\/product\/23616"}],"collection":[{"href":"https:\/\/hookahshop.lt\/et\/wp-json\/wp\/v2\/product"}],"about":[{"href":"https:\/\/hookahshop.lt\/et\/wp-json\/wp\/v2\/types\/product"}],"replies":[{"embeddable":true,"href":"https:\/\/hookahshop.lt\/et\/wp-json\/wp\/v2\/comments?post=23616"}],"version-history":[{"count":3,"href":"https:\/\/hookahshop.lt\/et\/wp-json\/wp\/v2\/product\/23616\/revisions"}],"predecessor-version":[{"id":35433,"href":"https:\/\/hookahshop.lt\/et\/wp-json\/wp\/v2\/product\/23616\/revisions\/35433"}],"wp:featuredmedia":[{"embeddable":true,"href":"https:\/\/hookahshop.lt\/et\/wp-json\/wp\/v2\/media\/23617"}],"wp:attachment":[{"href":"https:\/\/hookahshop.lt\/et\/wp-json\/wp\/v2\/media?parent=23616"}],"curies":[{"name":"wp","href":"https:\/\/api.w.org\/{rel}","templated":true}]}}