{"id":23639,"date":"2021-06-02T19:10:48","date_gmt":"2021-06-02T16:10:48","guid":{"rendered":"https:\/\/hookahshop.lt\/?post_type=product&#038;p=23639"},"modified":"2026-05-13T23:29:06","modified_gmt":"2026-05-13T20:29:06","slug":"kaljanas-maklaud-x-beebacker-terminator","status":"publish","type":"product","link":"https:\/\/hookahshop.lt\/et\/toode\/vesipiip-maklaud-x-beebacker-terminator\/","title":{"rendered":"Vesipiip MAKLAUD x Beebacker Terminator"},"content":{"rendered":"<h2>Vesipiip MAKLAUD x Beebacker Terminator<\/h2>\n<p>See on vesipiip, mis ei j\u00e4ta sind \u00fcksk\u00f5ikseks. See on vesipiip, mis meeldib nii kogenud kui ka algajale. Maklaudi vesipiibud on kuulsad oma originaalse disaini ja ekstravagantsete detailide poolest. Maklaud X-seeria disain on kujundatud kuni pisikeste detailideni, mis j\u00e4tavad kustumatu mulje. See vesipiip on valmistatud vastupidavatest ja vastupidavatest materjalidest, et kestaks kaua ega kaotaks oma esialgset v\u00f5lu.<\/p>\n<p><strong>Spetsifikatsioonid:<\/strong><\/p>\n<p>V\u00f5lli materjal: roostevaba teras AISI 304<br \/>\nSukelv\u00f5ll: roostevaba teras AISI 304<br \/>\nMaterjal: messing<br \/>\nAlusmaterjal: roostevaba teras AISI 304<br \/>\nKolvi\u00fchendus: roostevaba teras AISI 304<br \/>\nVooliku\u00fchendus: roostevaba teras AISI 304<br \/>\nVarre k\u00f5rgus: 64,5 cm<br \/>\nKlapp: v\u00e4line<br \/>\nKinnituss\u00fcsteem: vahepealne<br \/>\nHajuti: mittereguleeritav<br \/>\nKolvi sisel\u00e4bim\u00f5\u00f5t: 14 mm<\/p>\n<p><strong>Varustus:<\/strong><\/p>\n<p>V\u00f5lli<br \/>\nPlaat<br \/>\nKolvi tihend<br \/>\nAsendusventiili kuul<br \/>\nMaklaud kaubam\u00e4rgiga kast<br \/>\nTerminaatori sisestus<\/p>\n<p>Kas teil on k\u00fcsimusi? v\u00f5ta meiega \u00fchendust\u00a0<a href=\"https:\/\/hookahshop.lt\/et\/kontaktid\/\">kontaktide leht<\/a>\u00a0v\u00f5i saatke meile e-kiri aadressil\u00a0<a href=\"https:\/\/facebook.com\/HookahShop.lt\/\" target=\"_blank\" rel=\"noopener noreferrer\">Facebooki konto<\/a>\u00a0ja vastame teie taotlusele samal p\u00e4eval.<\/p>","protected":false},"excerpt":{"rendered":"<p>HONAH MAKLAUD X Beebacker Terminator See on vesipiibu, mis ei j\u00e4ta teid \u00fcksk\u00f5ikseks. See on vesipiibu, mis p\u00f6\u00f6rdub nii kogenud kui ka algaja poole. Maklaud Hookahid on tuntud oma algse disaini ja ekstravagantsete detailide poolest. Maklaud X-seeria disain on kujundatud v\u00e4ikeste detailide poole, mis j\u00e4tab kustumatu mulje. See vesipiibu on valmistatud vastupidavast ja vastupidavast materjalist pikka aega ja ei kaota oma [...]<\/p>","protected":false},"featured_media":23640,"comment_status":"open","ping_status":"closed","template":"","meta":[],"_links":{"self":[{"href":"https:\/\/hookahshop.lt\/et\/wp-json\/wp\/v2\/product\/23639"}],"collection":[{"href":"https:\/\/hookahshop.lt\/et\/wp-json\/wp\/v2\/product"}],"about":[{"href":"https:\/\/hookahshop.lt\/et\/wp-json\/wp\/v2\/types\/product"}],"replies":[{"embeddable":true,"href":"https:\/\/hookahshop.lt\/et\/wp-json\/wp\/v2\/comments?post=23639"}],"version-history":[{"count":6,"href":"https:\/\/hookahshop.lt\/et\/wp-json\/wp\/v2\/product\/23639\/revisions"}],"predecessor-version":[{"id":41490,"href":"https:\/\/hookahshop.lt\/et\/wp-json\/wp\/v2\/product\/23639\/revisions\/41490"}],"wp:featuredmedia":[{"embeddable":true,"href":"https:\/\/hookahshop.lt\/et\/wp-json\/wp\/v2\/media\/23640"}],"wp:attachment":[{"href":"https:\/\/hookahshop.lt\/et\/wp-json\/wp\/v2\/media?parent=23639"}],"curies":[{"name":"wp","href":"https:\/\/api.w.org\/{rel}","templated":true}]}}