{"id":23659,"date":"2021-06-02T19:31:01","date_gmt":"2021-06-02T16:31:01","guid":{"rendered":"https:\/\/hookahshop.lt\/?post_type=product&#038;p=23659"},"modified":"2026-04-18T23:28:46","modified_gmt":"2026-04-18T20:28:46","slug":"kaljanas-maklaud-x-mucha-gopez-podachho","status":"publish","type":"product","link":"https:\/\/hookahshop.lt\/et\/toode\/vesipiip-maklaud-x-mucha-gopez-podachho\/","title":{"rendered":"Vesipiip MAKLAUD X Mucha Gopez Podachho"},"content":{"rendered":"<h2>Vesipiip MAKLAUD X Mucha Gopez Podachho<\/h2>\n<p>See on vesipiip, mis ei j\u00e4ta sind \u00fcksk\u00f5ikseks. See on vesipiip, mis meeldib nii kogenud kui ka algajale. Maklaudi vesipiibud on kuulsad oma originaalse disaini ja ekstravagantsete detailide poolest. Maklaud X-seeria disain on kujundatud kuni pisikeste detailideni, mis j\u00e4tavad kustumatu mulje. See vesipiip on valmistatud vastupidavatest ja vastupidavatest materjalidest, et kestaks kaua ega kaotaks oma esialgset v\u00f5lu.<\/p>\n<p><strong>Spetsifikatsioonid:<\/strong><\/p>\n<p>V\u00f5lli materjal: roostevaba teras AISI 304<br \/>\nSukelv\u00f5ll: roostevaba teras AISI 304<br \/>\nMaterjal: messing<br \/>\nAlusmaterjal: roostevaba teras AISI 304<br \/>\nKolvi\u00fchendus: roostevaba teras AISI 304<br \/>\nVooliku\u00fchendus: roostevaba teras AISI 304<br \/>\nVarre k\u00f5rgus: 63,5 cm<br \/>\nKlapp: v\u00e4line<br \/>\nKinnituss\u00fcsteem: vahepealne<br \/>\nHajuti: mittereguleeritav<br \/>\nKolvi sisel\u00e4bim\u00f5\u00f5t: 14 mm<\/p>\n<p><strong>Varustus:<\/strong><\/p>\n<p>V\u00f5lli<br \/>\nPlaat<br \/>\nKolvi tihend<br \/>\nAsendusventiili kuul<br \/>\nMaklaud kaubam\u00e4rgiga kast<\/p>\n<p>Kas teil on k\u00fcsimusi? v\u00f5ta meiega \u00fchendust\u00a0<a href=\"https:\/\/hookahshop.lt\/et\/kontaktid\/\">kontaktide leht<\/a>\u00a0v\u00f5i saatke meile e-kiri aadressil\u00a0<a href=\"https:\/\/facebook.com\/HookahShop.lt\/\" target=\"_blank\" rel=\"noopener noreferrer\">Facebooki konto<\/a>\u00a0ja vastame teie taotlusele samal p\u00e4eval.<\/p>","protected":false},"excerpt":{"rendered":"<p>Vesipiip MAKLAUD X Mucha Gopez Podachho See on vesipiip, mis ei j\u00e4ta sind \u00fcksk\u00f5ikseks. See on vesipiip, mis meeldib nii kogenud kui ka algajale. Maklaudi vesipiibud on kuulsad oma originaalse disaini ja ekstravagantsete detailide poolest. Maklaud X-seeria disain on kujundatud kuni pisikeste detailideni, mis j\u00e4tavad kustumatu mulje. See vesipiip on valmistatud vastupidavatest ja vastupidavatest materjalidest, et kestaks kaua ja ei l\u00e4heks kaotsi [\u2026]<\/p>","protected":false},"featured_media":23660,"comment_status":"open","ping_status":"closed","template":"","meta":[],"_links":{"self":[{"href":"https:\/\/hookahshop.lt\/et\/wp-json\/wp\/v2\/product\/23659"}],"collection":[{"href":"https:\/\/hookahshop.lt\/et\/wp-json\/wp\/v2\/product"}],"about":[{"href":"https:\/\/hookahshop.lt\/et\/wp-json\/wp\/v2\/types\/product"}],"replies":[{"embeddable":true,"href":"https:\/\/hookahshop.lt\/et\/wp-json\/wp\/v2\/comments?post=23659"}],"version-history":[{"count":7,"href":"https:\/\/hookahshop.lt\/et\/wp-json\/wp\/v2\/product\/23659\/revisions"}],"predecessor-version":[{"id":40503,"href":"https:\/\/hookahshop.lt\/et\/wp-json\/wp\/v2\/product\/23659\/revisions\/40503"}],"wp:featuredmedia":[{"embeddable":true,"href":"https:\/\/hookahshop.lt\/et\/wp-json\/wp\/v2\/media\/23660"}],"wp:attachment":[{"href":"https:\/\/hookahshop.lt\/et\/wp-json\/wp\/v2\/media?parent=23659"}],"curies":[{"name":"wp","href":"https:\/\/api.w.org\/{rel}","templated":true}]}}