{"id":23714,"date":"2021-06-04T09:53:31","date_gmt":"2021-06-04T06:53:31","guid":{"rendered":"https:\/\/hookahshop.lt\/?post_type=product&#038;p=23714"},"modified":"2026-04-07T23:29:23","modified_gmt":"2026-04-07T20:29:23","slug":"sepetelis-kaljano-sachtai-al-mani-90cm","status":"publish","type":"product","link":"https:\/\/hookahshop.lt\/et\/toode\/pintsel-vesipiibukolvial-mani-90cm\/","title":{"rendered":"Pintsel haakkonksu AL-MANI jaoks 90cm"},"content":{"rendered":"<h2>Pintsel haakkonksu AL-MANI jaoks 90cm<\/h2>\n<p>Hari on m\u00f5eldud vesipiibu varre puhastamiseks, soovitav kasutada koos puhastusvahenditega. J\u00f5uab kohale ja aitab eemaldada kogu mustuse.<\/p>\n<p>Miks on vesipiibu varre puhastamine oluline?<br \/>\nVesipiibu kasutamisel sadestuvad suitsus olevad kahjulikud ained \u0161ahti seintele. Nikotiin, kivis\u00f6e p\u00f5lemisproduktid, tubakaj\u00e4\u00e4kide aroom, mida kasutati eelmistel suitsetamiskordadel jne. Kahjulikud ained ei ole tervisele kasulikud. Ja k\u00f5rvalised aroomid ei lase vesipiipu t\u00e4ielikult nautida. Seet\u00f5ttu on oluline vesipiibu varre iga kord puhastada.<br \/>\nIdeaalis puhastage vesipiibu vars \u2013 p\u00e4rast igat vesipiibu kasutamist.<\/p>\n<p><strong>Soovitud pintsliv\u00e4rvi saate valida, kirjutades lahtrisse &quot;M\u00e4rkused&quot; v\u00e4rvi: sinine v\u00f5i punane.<\/strong><\/p>\n<p>Kas teil on k\u00fcsimusi? v\u00f5ta meiega \u00fchendust\u00a0<a href=\"https:\/\/hookahshop.lt\/et\/kontaktid\/\">kontaktide leht<\/a>\u00a0v\u00f5i saatke meile e-kiri aadressil\u00a0<a href=\"https:\/\/facebook.com\/HookahShop.lt\/\" target=\"_blank\" rel=\"noopener noreferrer\">Facebooki konto<\/a>\u00a0ja vastame teie taotlusele samal p\u00e4eval.<\/p>","protected":false},"excerpt":{"rendered":"<p>Hari vesipiibu varrele AL-MANI 90cm Pintsel vesipiibu varre puhastamiseks, soovitatav kasutada koos puhastusvahenditega. Sirutab k\u00e4e ja aitab puhastada kogu mustuse. Miks on vesipiibu varre puhastamine oluline? Vesipiibu kasutamisel sadestuvad suitsus olevad kahjulikud ained \u0161ahti seintele. Nikotiin, s\u00f6e p\u00f5letamise saadused, tubakaj\u00e4\u00e4kide aroom, mida on kasutatud varasematel suitsetamiskordadel jne. Ei mingeid kahjulikke aineid [\u2026]<\/p>","protected":false},"featured_media":23715,"comment_status":"open","ping_status":"closed","template":"","meta":[],"_links":{"self":[{"href":"https:\/\/hookahshop.lt\/et\/wp-json\/wp\/v2\/product\/23714"}],"collection":[{"href":"https:\/\/hookahshop.lt\/et\/wp-json\/wp\/v2\/product"}],"about":[{"href":"https:\/\/hookahshop.lt\/et\/wp-json\/wp\/v2\/types\/product"}],"replies":[{"embeddable":true,"href":"https:\/\/hookahshop.lt\/et\/wp-json\/wp\/v2\/comments?post=23714"}],"version-history":[{"count":6,"href":"https:\/\/hookahshop.lt\/et\/wp-json\/wp\/v2\/product\/23714\/revisions"}],"predecessor-version":[{"id":34112,"href":"https:\/\/hookahshop.lt\/et\/wp-json\/wp\/v2\/product\/23714\/revisions\/34112"}],"wp:featuredmedia":[{"embeddable":true,"href":"https:\/\/hookahshop.lt\/et\/wp-json\/wp\/v2\/media\/23715"}],"wp:attachment":[{"href":"https:\/\/hookahshop.lt\/et\/wp-json\/wp\/v2\/media?parent=23714"}],"curies":[{"name":"wp","href":"https:\/\/api.w.org\/{rel}","templated":true}]}}