{"id":23718,"date":"2021-06-04T10:01:44","date_gmt":"2021-06-04T07:01:44","guid":{"rendered":"https:\/\/hookahshop.lt\/?post_type=product&#038;p=23718"},"modified":"2026-04-14T23:29:01","modified_gmt":"2026-04-14T20:29:01","slug":"kandiklis-kaljanui-al-mani-black","status":"publish","type":"product","link":"https:\/\/hookahshop.lt\/et\/toode\/huulik-vesipiip-al-mani-must\/","title":{"rendered":"Vesipiibu huulik AL-MANI Must"},"content":{"rendered":"<h2>Vesipiibu huulik AL-MANI Must<\/h2>\n<p>See on \u00fches t\u00fckis integreeritud huulik, mis sobib peaaegu k\u00f5igile silikoonvoolikutele. Sobib erinevat t\u00fc\u00fcpi \u00fchekordselt kasutatavate huulike jaoks.<br \/>\nV\u00e4rvus must<br \/>\nM\u00f5\u00f5dud: 20x2 cm<\/p>\n<p>Kas teil on k\u00fcsimusi? v\u00f5ta meiega \u00fchendust\u00a0<a href=\"https:\/\/hookahshop.lt\/et\/kontaktid\/\">kontaktide leht<\/a>\u00a0v\u00f5i saatke meile e-kiri aadressil\u00a0<a href=\"https:\/\/facebook.com\/HookahShop.lt\/\" target=\"_blank\" rel=\"noopener noreferrer\">Facebooki konto<\/a>\u00a0ja vastame teie taotlusele samal p\u00e4eval.<\/p>","protected":false},"excerpt":{"rendered":"<p>Vesipiibu huulik AL-MANI Black See on \u00fches t\u00fckis integreeritud huulik, mis sobib peaaegu k\u00f5ikidele silikoonvoolikutele. Sobib erinevat t\u00fc\u00fcpi \u00fchekordseks kasutamiseks m\u00f5eldud huulikutele. V\u00e4rv: must M\u00f5\u00f5dud: 20x2cm Kas teil on k\u00fcsimusi? V\u00f5tke meiega \u00fchendust kontaktide lehel v\u00f5i kirjutage meile Facebookis ja vastame teie p\u00e4ringule samal p\u00e4eval.<\/p>","protected":false},"featured_media":23721,"comment_status":"open","ping_status":"closed","template":"","meta":[],"_links":{"self":[{"href":"https:\/\/hookahshop.lt\/et\/wp-json\/wp\/v2\/product\/23718"}],"collection":[{"href":"https:\/\/hookahshop.lt\/et\/wp-json\/wp\/v2\/product"}],"about":[{"href":"https:\/\/hookahshop.lt\/et\/wp-json\/wp\/v2\/types\/product"}],"replies":[{"embeddable":true,"href":"https:\/\/hookahshop.lt\/et\/wp-json\/wp\/v2\/comments?post=23718"}],"version-history":[{"count":6,"href":"https:\/\/hookahshop.lt\/et\/wp-json\/wp\/v2\/product\/23718\/revisions"}],"predecessor-version":[{"id":28274,"href":"https:\/\/hookahshop.lt\/et\/wp-json\/wp\/v2\/product\/23718\/revisions\/28274"}],"wp:featuredmedia":[{"embeddable":true,"href":"https:\/\/hookahshop.lt\/et\/wp-json\/wp\/v2\/media\/23721"}],"wp:attachment":[{"href":"https:\/\/hookahshop.lt\/et\/wp-json\/wp\/v2\/media?parent=23718"}],"curies":[{"name":"wp","href":"https:\/\/api.w.org\/{rel}","templated":true}]}}