{"id":23724,"date":"2021-06-04T10:05:43","date_gmt":"2021-06-04T07:05:43","guid":{"rendered":"https:\/\/hookahshop.lt\/?post_type=product&#038;p=23724"},"modified":"2026-04-16T23:29:47","modified_gmt":"2026-04-16T20:29:47","slug":"znyples-anglims-al-mani-guardian-gold","status":"publish","type":"product","link":"https:\/\/hookahshop.lt\/et\/toode\/tangid-vesipiibu-al-mani-guardian-gold\/","title":{"rendered":"Tangid vesipiibu AL-MANI Guardian Gold"},"content":{"rendered":"<h2><span data-sheets-value=\"{&quot;1&quot;:2,&quot;2&quot;:&quot;\u017dnypl\u0117s kaljano anglims AL-MANI Guardian Gold&quot;}\">Tangid vesipiibu AL-MANI Guardian Gold<\/span><\/h2>\n<p>Tangid on m\u00f5eldud vesipiibu s\u00f6e v\u00f5tmiseks. Paindlik.<br \/>\nM\u00f5\u00f5dud: 24x4 cm<br \/>\nV\u00e4rv: Kuldne<\/p>\n<p><span style=\"font-weight: 400\">Kas teil on k\u00fcsimusi? v\u00f5ta meiega \u00fchendust <\/span><a href=\"https:\/\/hookahshop.lt\/et\/kontaktid\/\"><span style=\"font-weight: 400\">kontaktide leht<\/span><\/a><span style=\"font-weight: 400\"> v\u00f5i saatke meile e-kiri aadressil <\/span><a href=\"https:\/\/facebook.com\/HookahShop.lt\/\" target=\"_blank\" rel=\"noopener\"><span style=\"font-weight: 400\">Facebooki konto<\/span><\/a><span style=\"font-weight: 400\"> ja vastame teie taotlusele samal p\u00e4eval.<\/span><\/p>\n<p>&nbsp;<\/p>","protected":false},"excerpt":{"rendered":"<p>Tangid vesipiibu s\u00f6e jaoks AL-MANI Guardian Gold Tangid s\u00f6e haakimiseks. Paindlik. M\u00f5\u00f5dud: 24x4cm V\u00e4rvus: Kuld K\u00fcsimusi? V\u00f5tke meiega \u00fchendust kontaktide lehel v\u00f5i kirjutage meile oma Facebooki kontol ja vastame teie p\u00e4ringule samal p\u00e4eval. &nbsp;<\/p>","protected":false},"featured_media":23942,"comment_status":"open","ping_status":"closed","template":"","meta":[],"_links":{"self":[{"href":"https:\/\/hookahshop.lt\/et\/wp-json\/wp\/v2\/product\/23724"}],"collection":[{"href":"https:\/\/hookahshop.lt\/et\/wp-json\/wp\/v2\/product"}],"about":[{"href":"https:\/\/hookahshop.lt\/et\/wp-json\/wp\/v2\/types\/product"}],"replies":[{"embeddable":true,"href":"https:\/\/hookahshop.lt\/et\/wp-json\/wp\/v2\/comments?post=23724"}],"version-history":[{"count":9,"href":"https:\/\/hookahshop.lt\/et\/wp-json\/wp\/v2\/product\/23724\/revisions"}],"predecessor-version":[{"id":33600,"href":"https:\/\/hookahshop.lt\/et\/wp-json\/wp\/v2\/product\/23724\/revisions\/33600"}],"wp:featuredmedia":[{"embeddable":true,"href":"https:\/\/hookahshop.lt\/et\/wp-json\/wp\/v2\/media\/23942"}],"wp:attachment":[{"href":"https:\/\/hookahshop.lt\/et\/wp-json\/wp\/v2\/media?parent=23724"}],"curies":[{"name":"wp","href":"https:\/\/api.w.org\/{rel}","templated":true}]}}