{"id":23727,"date":"2021-06-04T10:08:32","date_gmt":"2021-06-04T07:08:32","guid":{"rendered":"https:\/\/hookahshop.lt\/?post_type=product&#038;p=23727"},"modified":"2026-04-22T23:29:20","modified_gmt":"2026-04-22T20:29:20","slug":"lentele-tabako-pjaustymui-totem-blue-surf","status":"publish","type":"product","link":"https:\/\/hookahshop.lt\/et\/toode\/tabel-tubaka-loikamiseks-totem-blue-surf\/","title":{"rendered":"Tabel tubaka l\u00f5ikamiseks TOTEM Blue Surf"},"content":{"rendered":"<h2><span data-sheets-value=\"{&quot;1&quot;:2,&quot;2&quot;:&quot;Lentel\u0117 tabako pjaustymui TOTEM Blue Surf&quot;}\">Tabel tubaka l\u00f5ikamiseks TOTEM Blue Surf<\/span><\/h2>\n<p>Materjal: puit epoks\u00fckaunistusega<br \/>\nM\u00f5\u00f5dud: 28x18 cm<br \/>\nV\u00e4rv: sinine<\/p>\n<p><span style=\"font-weight: 400\">Kas teil on k\u00fcsimusi? v\u00f5ta meiega \u00fchendust <\/span><a href=\"https:\/\/hookahshop.lt\/et\/kontaktid\/\"><span style=\"font-weight: 400\">kontaktide leht<\/span><\/a><span style=\"font-weight: 400\"> v\u00f5i saatke meile e-kiri aadressil <\/span><a href=\"https:\/\/facebook.com\/HookahShop.lt\/\" target=\"_blank\" rel=\"noopener\"><span style=\"font-weight: 400\">Facebooki konto<\/span><\/a><span style=\"font-weight: 400\"> ja vastame teie taotlusele samal p\u00e4eval.<\/span><\/p>","protected":false},"excerpt":{"rendered":"<p>Tabel tubaka l\u00f5ikamiseks TOTEM Blue Surf Materjal: puit epoksiidkaunistusega M\u00f5\u00f5dud: 28x18cm V\u00e4rvus: Sinine K\u00fcsimusi? V\u00f5tke meiega \u00fchendust kontaktide lehel v\u00f5i kirjutage meile oma Facebooki kontol ja vastame teie p\u00e4ringule samal p\u00e4eval.<\/p>","protected":false},"featured_media":23729,"comment_status":"open","ping_status":"closed","template":"","meta":[],"_links":{"self":[{"href":"https:\/\/hookahshop.lt\/et\/wp-json\/wp\/v2\/product\/23727"}],"collection":[{"href":"https:\/\/hookahshop.lt\/et\/wp-json\/wp\/v2\/product"}],"about":[{"href":"https:\/\/hookahshop.lt\/et\/wp-json\/wp\/v2\/types\/product"}],"replies":[{"embeddable":true,"href":"https:\/\/hookahshop.lt\/et\/wp-json\/wp\/v2\/comments?post=23727"}],"version-history":[{"count":9,"href":"https:\/\/hookahshop.lt\/et\/wp-json\/wp\/v2\/product\/23727\/revisions"}],"predecessor-version":[{"id":29879,"href":"https:\/\/hookahshop.lt\/et\/wp-json\/wp\/v2\/product\/23727\/revisions\/29879"}],"wp:featuredmedia":[{"embeddable":true,"href":"https:\/\/hookahshop.lt\/et\/wp-json\/wp\/v2\/media\/23729"}],"wp:attachment":[{"href":"https:\/\/hookahshop.lt\/et\/wp-json\/wp\/v2\/media?parent=23727"}],"curies":[{"name":"wp","href":"https:\/\/api.w.org\/{rel}","templated":true}]}}