{"id":23739,"date":"2021-06-04T10:21:39","date_gmt":"2021-06-04T07:21:39","guid":{"rendered":"https:\/\/hookahshop.lt\/?post_type=product&#038;p=23739"},"modified":"2026-04-18T23:29:10","modified_gmt":"2026-04-18T20:29:10","slug":"termo-puodelis-hoob-bronze","status":"publish","type":"product","link":"https:\/\/hookahshop.lt\/et\/toode\/termo-puodelis-hoob-bronze\/","title":{"rendered":"Termotass HOOB Pronks"},"content":{"rendered":"<h2>Termotass HOOB Pronks<\/h2>\n<p>P\u00f5huga termotops kuumade ja k\u00fclmade jookide jaoks.<br \/>\nTopeltseina isolatsioon hoiab kuumi jooke kauem.<br \/>\nKeskkonnas\u00f5bralik ja n\u00f5udepesumasinas pestav.<br \/>\nSuletud, 500 ml. mahutavus.<br \/>\nV\u00e4rvus - pronks.<\/p>\n<p>Kas teil on k\u00fcsimusi? v\u00f5ta meiega \u00fchendust<a href=\"https:\/\/hookahshop.lt\/et\/kontaktid\/\"> kontaktide leht<\/a> v\u00f5i saatke meile e-kiri aadressil<a href=\"https:\/\/facebook.com\/HookahShop.lt\/\" target=\"_blank\" rel=\"noopener\"> Facebooki konto<\/a> ja vastame teie taotlusele samal p\u00e4eval.<\/p>","protected":false},"excerpt":{"rendered":"<p>Termokass HOOB Bronze k\u00f5rrega termotass kuumade ja k\u00fclmade jookide jaoks. Topeltseina isolatsioon hoiab kuumi jooke kauem. Keskkonnas\u00f5bralik ja n\u00f5udepesumasinas pestav. Tihe, 500 ml. mahutavus. V\u00e4rvus - pronks. Kas teil on k\u00fcsimusi? V\u00f5tke meiega \u00fchendust kontaktide lehel v\u00f5i kirjutage meile oma Facebooki kontol ja vastame teie p\u00e4ringule samal p\u00e4eval.<\/p>","protected":false},"featured_media":23737,"comment_status":"open","ping_status":"closed","template":"","meta":[],"_links":{"self":[{"href":"https:\/\/hookahshop.lt\/et\/wp-json\/wp\/v2\/product\/23739"}],"collection":[{"href":"https:\/\/hookahshop.lt\/et\/wp-json\/wp\/v2\/product"}],"about":[{"href":"https:\/\/hookahshop.lt\/et\/wp-json\/wp\/v2\/types\/product"}],"replies":[{"embeddable":true,"href":"https:\/\/hookahshop.lt\/et\/wp-json\/wp\/v2\/comments?post=23739"}],"version-history":[{"count":2,"href":"https:\/\/hookahshop.lt\/et\/wp-json\/wp\/v2\/product\/23739\/revisions"}],"predecessor-version":[{"id":23858,"href":"https:\/\/hookahshop.lt\/et\/wp-json\/wp\/v2\/product\/23739\/revisions\/23858"}],"wp:featuredmedia":[{"embeddable":true,"href":"https:\/\/hookahshop.lt\/et\/wp-json\/wp\/v2\/media\/23737"}],"wp:attachment":[{"href":"https:\/\/hookahshop.lt\/et\/wp-json\/wp\/v2\/media?parent=23739"}],"curies":[{"name":"wp","href":"https:\/\/api.w.org\/{rel}","templated":true}]}}