{"id":23767,"date":"2021-06-04T10:43:14","date_gmt":"2021-06-04T07:43:14","guid":{"rendered":"https:\/\/hookahshop.lt\/?post_type=product&#038;p=23767"},"modified":"2026-04-17T23:29:34","modified_gmt":"2026-04-17T20:29:34","slug":"taurele-kaljanui-bigmaks-king-black-matte","status":"publish","type":"product","link":"https:\/\/hookahshop.lt\/et\/toode\/tass-vesipiip-bigmaks-king-black-matte\/","title":{"rendered":"Tass vesipiibule BIGMAKS King Black Matte"},"content":{"rendered":"<h2>Tass vesipiibule BIGMAKS King Black Matte<\/h2>\n<p>See on ainulaadne BigMaks tass, mille sees on pitsa moodi. Need pitsavormid on k\u00f5rgendatud ja seega \u00fcksteisest eraldatud, et vesipiibusegu siirup saaks meediasse voolata. Nii j\u00e4\u00e4b siirup vesipiibu topsi ja ei sisene kolbi. See tass on m\u00f5eldud pikemaks suitsetamissessiooniks ja intensiivsemaks suitsuks, kuna vesipiibusegu ei kuivata v\u00f5rreldes teiste tassidega.<\/p>\n<p>Sellel tassil on uus Kingi kuju - see ei ole torni ega t\u00fcrkiissinine.<br \/>\nTassit\u00e4is tubakat mahutab 18-25 g.<\/p>\n<p><span style=\"font-weight: 400;\">Kas teil on k\u00fcsimusi? v\u00f5ta meiega \u00fchendust <\/span><a href=\"https:\/\/hookahshop.lt\/et\/kontaktid\/\"><span style=\"font-weight: 400;\">kontaktide leht<\/span><\/a><span style=\"font-weight: 400;\"> v\u00f5i saatke meile e-kiri aadressil <\/span><a href=\"https:\/\/facebook.com\/HookahShop.lt\/\" target=\"_blank\" rel=\"noopener\"><span style=\"font-weight: 400;\">Facebooki konto<\/span><\/a><span style=\"font-weight: 400;\"> ja vastame teie taotlusele samal p\u00e4eval.<\/span><\/p>","protected":false},"excerpt":{"rendered":"<p>Vesipiibu tass BIGMAKS King Black Matte See on ainulaadne BigMaksi tass, mille sees on pitsa kuju. Need pitsavormid t\u00f5stetakse \u00fcles ja eraldatakse seega \u00fcksteisest, et vesipiibusegu siirup saaks s\u00f6\u00f6tmesse voolata. Nii j\u00e4\u00e4b siirup vesipiibutopsi ja ei satu kolbi. See tass on m\u00f5eldud pikemaks suitsetamiseks ja intensiivsemaks suitsutamiseks, kuna vesipiibu segu [\u2026]<\/p>","protected":false},"featured_media":23905,"comment_status":"open","ping_status":"closed","template":"","meta":[],"_links":{"self":[{"href":"https:\/\/hookahshop.lt\/et\/wp-json\/wp\/v2\/product\/23767"}],"collection":[{"href":"https:\/\/hookahshop.lt\/et\/wp-json\/wp\/v2\/product"}],"about":[{"href":"https:\/\/hookahshop.lt\/et\/wp-json\/wp\/v2\/types\/product"}],"replies":[{"embeddable":true,"href":"https:\/\/hookahshop.lt\/et\/wp-json\/wp\/v2\/comments?post=23767"}],"version-history":[{"count":8,"href":"https:\/\/hookahshop.lt\/et\/wp-json\/wp\/v2\/product\/23767\/revisions"}],"predecessor-version":[{"id":37718,"href":"https:\/\/hookahshop.lt\/et\/wp-json\/wp\/v2\/product\/23767\/revisions\/37718"}],"wp:featuredmedia":[{"embeddable":true,"href":"https:\/\/hookahshop.lt\/et\/wp-json\/wp\/v2\/media\/23905"}],"wp:attachment":[{"href":"https:\/\/hookahshop.lt\/et\/wp-json\/wp\/v2\/media?parent=23767"}],"curies":[{"name":"wp","href":"https:\/\/api.w.org\/{rel}","templated":true}]}}