{"id":23779,"date":"2021-06-04T10:52:51","date_gmt":"2021-06-04T07:52:51","guid":{"rendered":"https:\/\/hookahshop.lt\/?post_type=product&#038;p=23779"},"modified":"2026-04-15T23:29:11","modified_gmt":"2026-04-15T20:29:11","slug":"taurele-kaljanui-japona-hookah-killer-black","status":"publish","type":"product","link":"https:\/\/hookahshop.lt\/et\/toode\/tass-vesipiip-japona-hookah-killer-black\/","title":{"rendered":"Tass vesipiibule JAPONA HOOKAH Killer Black"},"content":{"rendered":"<h2><span data-sheets-value=\"{&quot;1&quot;:2,&quot;2&quot;:&quot;Taurel\u0117 kaljanui JAPONA HOOKAH Killer Black&quot;}\" data-sheets-textstyleruns=\"{&quot;1&quot;:0}\uee10{&quot;1&quot;:37,&quot;2&quot;:{&quot;2&quot;:{&quot;1&quot;:3,&quot;3&quot;:1},&quot;3&quot;:&quot;Calibri&quot;,&quot;4&quot;:11,&quot;5&quot;:1}}\">Tass vesipiibule JAPONA HOOKAH Killer Black<\/span><\/h2>\n<p>See tass on kogu maailmas kuulus oma graatsilise tekstuuri ja punutud k\u00f6ie poolest.<br \/>\nKiller tass on valmistatud punasest savist ning sellel on lame p\u00f5hi ja paksud k\u00fcljed, mis soojendavad \u00fchtlaselt ja paljastavad tubaka maitse. See kuju sobib suurep\u00e4raselt k\u00f5vaks pakendamiseks. Tassi maht on umbes 15 -17 grammi.<br \/>\nJapan Hookah Killer Cup on pakendatud kaubam\u00e4rgiga puidust kinkepakendisse.<\/p>\n<p>Spetsifikatsioonid:<br \/>\nK\u00f5rgus: 110 mm<br \/>\nL\u00e4bim\u00f5\u00f5t (v\u00e4limine): 72 mm<br \/>\nL\u00e4bim\u00f5\u00f5t (sisemine): 62 mm<br \/>\nS\u00fcgavus: 16 mm<br \/>\nAva l\u00e4bim\u00f5\u00f5t: 10 mm<br \/>\nAukude arv: 5 tk<br \/>\nKaal: umbes 200 g.<\/p>\n<p>Kas teil on k\u00fcsimusi? v\u00f5ta meiega \u00fchendust\u00a0<a href=\"https:\/\/hookahshop.lt\/et\/kontaktid\/\">kontaktide leht<\/a>\u00a0v\u00f5i saatke meile e-kiri aadressil\u00a0<a href=\"https:\/\/facebook.com\/HookahShop.lt\/\" target=\"_blank\" rel=\"noopener noreferrer\">Facebooki konto<\/a>\u00a0ja vastame teie taotlusele samal p\u00e4eval.<\/p>","protected":false},"excerpt":{"rendered":"<p>Vesipiibu tass JAPONA HOOKAH Killer Black See tass on kogu maailmas kuulus oma graatsilise tekstuuri ja punutud k\u00f6ie poolest. Killer tass on valmistatud punasest savist ning sellel on lame p\u00f5hi ja paksud k\u00fcljed, mis soojendavad \u00fchtlaselt ja paljastavad tubaka maitse. See kuju sobib suurep\u00e4raselt k\u00f5vaks pakendamiseks. Tassi maht on umbes 15 -17 grammi. Jaapan Hookah Killer Cup pakitud kaubam\u00e4rgiga [\u2026]<\/p>","protected":false},"featured_media":23831,"comment_status":"open","ping_status":"closed","template":"","meta":[],"_links":{"self":[{"href":"https:\/\/hookahshop.lt\/et\/wp-json\/wp\/v2\/product\/23779"}],"collection":[{"href":"https:\/\/hookahshop.lt\/et\/wp-json\/wp\/v2\/product"}],"about":[{"href":"https:\/\/hookahshop.lt\/et\/wp-json\/wp\/v2\/types\/product"}],"replies":[{"embeddable":true,"href":"https:\/\/hookahshop.lt\/et\/wp-json\/wp\/v2\/comments?post=23779"}],"version-history":[{"count":5,"href":"https:\/\/hookahshop.lt\/et\/wp-json\/wp\/v2\/product\/23779\/revisions"}],"predecessor-version":[{"id":32446,"href":"https:\/\/hookahshop.lt\/et\/wp-json\/wp\/v2\/product\/23779\/revisions\/32446"}],"wp:featuredmedia":[{"embeddable":true,"href":"https:\/\/hookahshop.lt\/et\/wp-json\/wp\/v2\/media\/23831"}],"wp:attachment":[{"href":"https:\/\/hookahshop.lt\/et\/wp-json\/wp\/v2\/media?parent=23779"}],"curies":[{"name":"wp","href":"https:\/\/api.w.org\/{rel}","templated":true}]}}