{"id":23909,"date":"2021-06-04T21:42:18","date_gmt":"2021-06-04T18:42:18","guid":{"rendered":"https:\/\/hookahshop.lt\/?post_type=product&#038;p=23909"},"modified":"2026-04-14T23:28:45","modified_gmt":"2026-04-14T20:28:45","slug":"kaljanas-alpha-hookah-x-artist-collection","status":"publish","type":"product","link":"https:\/\/hookahshop.lt\/et\/toode\/vesipiip-alpha-hookah-x-artist-collection\/","title":{"rendered":"Vesipiibu ALPHA HOOKAH X Artist Collection must matt"},"content":{"rendered":"<h2>Vesipiibu ALPHA HOOKAH X Artist Collection must matt<\/h2>\n<p>Vesipiibu elemendid on v\u00e4rvitud vastupidava pulberv\u00e4rviga ja s\u00e4ilitavad oma pildi pikka aega. T\u00e4nu anodeerimisprotsessile vesipiip ei oks\u00fcdeeru, mis pikendab ka selle funktsionaalsust. Disainerite poolt disainitud ja kvaliteetsetest materjalidest valmistatud sellel on suurep\u00e4rased suitsetamisomadused. Stiilne vesipiip saab sisekujunduseks ja suurep\u00e4raseks kingituseks.<\/p>\n<p><strong>Omadused:<\/strong><br \/>\nKaal: umbes 1320 g<br \/>\nK\u00f5rgus: 420 mm<br \/>\nV\u00f5ll: roostevaba teras<br \/>\nV\u00e4limus: anodeeritud alumiinium<br \/>\nAlusmaterjal: plastik<br \/>\nHajuti: eemaldatav keermega<br \/>\nSuuosa: anodeeritud alumiiniumiga kaetud roostevaba teras<br \/>\nVoolik: pehme puudutus<\/p>\n<p><strong>Varustus:<\/strong><\/p>\n<p>V\u00f5ll, plaat, voolik koos huulikuga, tihendid.<\/p>\n<p><img decoding=\"async\" loading=\"lazy\" class=\"alignnone size-medium wp-image-38521\" src=\"https:\/\/hookahshop.lt\/wp-content\/uploads\/2020\/09\/stiebas-zarna-kandiklis-1-300x273.jpg\" alt=\"- hookahshop.lt\" width=\"300\" height=\"273\" srcset=\"https:\/\/hookahshop.lt\/wp-content\/uploads\/2020\/09\/stiebas-zarna-kandiklis-1-300x273.jpg 300w, https:\/\/hookahshop.lt\/wp-content\/uploads\/2020\/09\/stiebas-zarna-kandiklis-1-13x12.jpg 13w, https:\/\/hookahshop.lt\/wp-content\/uploads\/2020\/09\/stiebas-zarna-kandiklis-1-64x58.jpg 64w, https:\/\/hookahshop.lt\/wp-content\/uploads\/2020\/09\/stiebas-zarna-kandiklis-1.jpg 420w\" sizes=\"(max-width: 300px) 100vw, 300px\" title=\"\"><\/p>\n<p>Kas teil on k\u00fcsimusi? v\u00f5ta meiega \u00fchendust<a href=\"https:\/\/hookahshop.lt\/et\/kontaktid\/\"> kontaktide leht<\/a> v\u00f5i saatke meile e-kiri aadressil<a href=\"https:\/\/facebook.com\/HookahShop.lt\/\" target=\"_blank\" rel=\"noopener\"> Facebooki konto<\/a> ja vastame teie taotlusele samal p\u00e4eval.<\/p>","protected":false},"excerpt":{"rendered":"<p>Vesipiibu ALPHA HOOKAH X Artist Collection Must matt Vesipiibu elemendid on v\u00e4rvitud vastupidava pulberv\u00e4rviga ja s\u00e4ilitavad oma kuvandi pikka aega. T\u00e4nu anodeerimisprotsessile vesipiip ei oks\u00fcdeeru, mis pikendab ka selle funktsionaalsust. Disainerite poolt disainitud ja kvaliteetsetest materjalidest valmistatud sellel on suurep\u00e4rased suitsetamisomadused. Stiilne vesipiip saab sisekujunduseks ja suurep\u00e4raseks kingituseks. Omadused: Kaal: umbes 1320 g K\u00f5rgus: [\u2026]<\/p>","protected":false},"featured_media":23928,"comment_status":"open","ping_status":"closed","template":"","meta":[],"_links":{"self":[{"href":"https:\/\/hookahshop.lt\/et\/wp-json\/wp\/v2\/product\/23909"}],"collection":[{"href":"https:\/\/hookahshop.lt\/et\/wp-json\/wp\/v2\/product"}],"about":[{"href":"https:\/\/hookahshop.lt\/et\/wp-json\/wp\/v2\/types\/product"}],"replies":[{"embeddable":true,"href":"https:\/\/hookahshop.lt\/et\/wp-json\/wp\/v2\/comments?post=23909"}],"version-history":[{"count":7,"href":"https:\/\/hookahshop.lt\/et\/wp-json\/wp\/v2\/product\/23909\/revisions"}],"predecessor-version":[{"id":32473,"href":"https:\/\/hookahshop.lt\/et\/wp-json\/wp\/v2\/product\/23909\/revisions\/32473"}],"wp:featuredmedia":[{"embeddable":true,"href":"https:\/\/hookahshop.lt\/et\/wp-json\/wp\/v2\/media\/23928"}],"wp:attachment":[{"href":"https:\/\/hookahshop.lt\/et\/wp-json\/wp\/v2\/media?parent=23909"}],"curies":[{"name":"wp","href":"https:\/\/api.w.org\/{rel}","templated":true}]}}