{"id":23912,"date":"2021-06-04T21:10:14","date_gmt":"2021-06-04T18:10:14","guid":{"rendered":"https:\/\/hookahshop.lt\/?post_type=product&#038;p=23912"},"modified":"2026-04-18T23:29:11","modified_gmt":"2026-04-18T20:29:11","slug":"znyples-kaljano-anglims-arma-spikes-silver","status":"publish","type":"product","link":"https:\/\/hookahshop.lt\/et\/toode\/tangid-vesipiibu-arma-spikes-silver\/","title":{"rendered":"Tangid vesipiibu s\u00f6ele ARMA Spikes Silver"},"content":{"rendered":"<h2>Tangid vesipiibu s\u00f6ele ARMA Spikes Silver<\/h2>\n<p>Need tangid on v\u00e4ga mugava suurusega ja ei paindu kasutamisel.<br \/>\nM\u00f5\u00f5dud: 22x3 cm<\/p>\n<p>Kas teil on k\u00fcsimusi? v\u00f5ta meiega \u00fchendust\u00a0<a href=\"https:\/\/hookahshop.lt\/et\/kontaktid\/\">kontaktide leht<\/a>\u00a0v\u00f5i saatke meile e-kiri aadressil\u00a0<a href=\"https:\/\/facebook.com\/HookahShop.lt\/\" target=\"_blank\" rel=\"noopener noreferrer\">Facebooki konto<\/a>\u00a0ja vastame teie taotlusele samal p\u00e4eval.<\/p>\n<p>&nbsp;<\/p>","protected":false},"excerpt":{"rendered":"<p>Tangid vesipiibu s\u00f6ele ARMA Spikes Silver Need tangid on v\u00e4ga mugavad ja ei paindu. M\u00f5\u00f5dud: 22x3cm Kas on k\u00fcsimusi? V\u00f5tke meiega \u00fchendust kontaktide lehel v\u00f5i kirjutage meile oma Facebooki kontol ja vastame teie p\u00e4ringule samal p\u00e4eval. &nbsp;<\/p>","protected":false},"featured_media":23913,"comment_status":"open","ping_status":"closed","template":"","meta":[],"_links":{"self":[{"href":"https:\/\/hookahshop.lt\/et\/wp-json\/wp\/v2\/product\/23912"}],"collection":[{"href":"https:\/\/hookahshop.lt\/et\/wp-json\/wp\/v2\/product"}],"about":[{"href":"https:\/\/hookahshop.lt\/et\/wp-json\/wp\/v2\/types\/product"}],"replies":[{"embeddable":true,"href":"https:\/\/hookahshop.lt\/et\/wp-json\/wp\/v2\/comments?post=23912"}],"version-history":[{"count":6,"href":"https:\/\/hookahshop.lt\/et\/wp-json\/wp\/v2\/product\/23912\/revisions"}],"predecessor-version":[{"id":43459,"href":"https:\/\/hookahshop.lt\/et\/wp-json\/wp\/v2\/product\/23912\/revisions\/43459"}],"wp:featuredmedia":[{"embeddable":true,"href":"https:\/\/hookahshop.lt\/et\/wp-json\/wp\/v2\/media\/23913"}],"wp:attachment":[{"href":"https:\/\/hookahshop.lt\/et\/wp-json\/wp\/v2\/media?parent=23912"}],"curies":[{"name":"wp","href":"https:\/\/api.w.org\/{rel}","templated":true}]}}