{"id":23919,"date":"2021-06-04T21:29:41","date_gmt":"2021-06-04T18:29:41","guid":{"rendered":"https:\/\/hookahshop.lt\/?post_type=product&#038;p=23919"},"modified":"2026-04-14T23:29:06","modified_gmt":"2026-04-14T20:29:06","slug":"kolba-kaljanui-bigmaks-rainbow-mini","status":"publish","type":"product","link":"https:\/\/hookahshop.lt\/et\/toode\/kolb-vesipiibu-bigmaks-rainbow-mini\/","title":{"rendered":"Kolb vesipiibule BIGMAKS Rainbow Mini"},"content":{"rendered":"<h2>Kolb vesipiibule BIGMAKS Rainbow Mini<\/h2>\n<p>See minikolb on valmistatud toidukvaliteediga l\u00e4bipaistvast klaasist ja paistab silma oma vastupidavuse poolest. Kolb pole v\u00e4rvitud, mis t\u00e4hendab, et see teenib teid palju aastaid. Sobib igale minipiibule.<\/p>\n<p><strong><span title=\"\">Spetsifikatsioonid:<\/span><\/strong><br \/>\nK\u00f5rgus: 190 mm<br \/>\nKaal: 920 g<br \/>\nKurgu v\u00e4lisl\u00e4bim\u00f5\u00f5t: 71 mm<br \/>\nSisemine k\u00f5ri l\u00e4bim\u00f5\u00f5t: 48 mm<br \/>\nToote materjal: klaas<\/p>\n<p><span style=\"font-weight: 400;\">Kas teil on k\u00fcsimusi? v\u00f5ta meiega \u00fchendust <\/span><a href=\"https:\/\/hookahshop.lt\/et\/kontaktid\/\"><span style=\"font-weight: 400;\">kontaktide leht<\/span><\/a><span style=\"font-weight: 400;\"> v\u00f5i saatke meile e-kiri aadressil <\/span><a href=\"https:\/\/facebook.com\/HookahShop.lt\/\" target=\"_blank\" rel=\"noopener\"><span style=\"font-weight: 400;\">Facebooki konto<\/span><\/a><span style=\"font-weight: 400;\"> ja vastame teie taotlusele samal p\u00e4eval.<\/span><\/p>","protected":false},"excerpt":{"rendered":"<p>Konks BIGMAKS Rainbow Mini jaoks See minikolb on valmistatud toidukvaliteediga l\u00e4bipaistvast klaasist ja paistab silma oma vastupidavuse poolest. Kolb pole v\u00e4rvitud, mis t\u00e4hendab, et see teenib teid palju aastaid. Sobib igale minipiibule. Tehnilised andmed: K\u00f5rgus: 190 mm Kaal: 920 g V\u00e4lisk\u00f5ri l\u00e4bim\u00f5\u00f5t: 71 mm Sisemine k\u00f5ri l\u00e4bim\u00f5\u00f5t: 48 mm Tootematerjal: klaas K\u00fcsimused? V\u00f5tke \u00fchendust [\u2026]<\/p>","protected":false},"featured_media":23920,"comment_status":"open","ping_status":"closed","template":"","meta":[],"_links":{"self":[{"href":"https:\/\/hookahshop.lt\/et\/wp-json\/wp\/v2\/product\/23919"}],"collection":[{"href":"https:\/\/hookahshop.lt\/et\/wp-json\/wp\/v2\/product"}],"about":[{"href":"https:\/\/hookahshop.lt\/et\/wp-json\/wp\/v2\/types\/product"}],"replies":[{"embeddable":true,"href":"https:\/\/hookahshop.lt\/et\/wp-json\/wp\/v2\/comments?post=23919"}],"version-history":[{"count":9,"href":"https:\/\/hookahshop.lt\/et\/wp-json\/wp\/v2\/product\/23919\/revisions"}],"predecessor-version":[{"id":45033,"href":"https:\/\/hookahshop.lt\/et\/wp-json\/wp\/v2\/product\/23919\/revisions\/45033"}],"wp:featuredmedia":[{"embeddable":true,"href":"https:\/\/hookahshop.lt\/et\/wp-json\/wp\/v2\/media\/23920"}],"wp:attachment":[{"href":"https:\/\/hookahshop.lt\/et\/wp-json\/wp\/v2\/media?parent=23919"}],"curies":[{"name":"wp","href":"https:\/\/api.w.org\/{rel}","templated":true}]}}