{"id":23936,"date":"2021-06-04T22:08:33","date_gmt":"2021-06-04T19:08:33","guid":{"rendered":"https:\/\/hookahshop.lt\/?post_type=product&#038;p=23936"},"modified":"2026-04-14T23:29:07","modified_gmt":"2026-04-14T20:29:07","slug":"kolba-kaljanui-drop-white-brown","status":"publish","type":"product","link":"https:\/\/hookahshop.lt\/et\/toode\/kolb-vesipiibu-drop-white-brown\/","title":{"rendered":"Kolb vesipiibule DROP Valge pruun"},"content":{"rendered":"<h2><span data-sheets-value=\"{&quot;1&quot;:2,&quot;2&quot;:&quot;Kolba kaljanui DROP White Brown&quot;}\" data-sheets-userformat=\"{&quot;2&quot;:10241,&quot;3&quot;:{&quot;1&quot;:0,&quot;3&quot;:1},&quot;14&quot;:{&quot;1&quot;:3,&quot;3&quot;:1},&quot;16&quot;:11}\">Kolb vesipiibule DROP Valge pruun<\/span><\/h2>\n<p>See on tilgakujuline valge-pruuni laiguline kolb, millel on standardne vahepealse kujuga pistik.<\/p>\n<p><strong><span title=\"\">Spetsifikatsioonid:<\/span><\/strong><br \/>\nK\u00f5rgus: 27 cm<br \/>\nS\u00fcgavus: 18 cm<br \/>\nKaal: ~ 1,44kg<br \/>\nP\u00e4ritoluriik: Venemaa<\/p>\n<p>Kas teil on k\u00fcsimusi? v\u00f5ta meiega \u00fchendust\u00a0<a href=\"https:\/\/hookahshop.lt\/et\/kontaktid\/\">kontaktide leht<\/a>\u00a0v\u00f5i saatke meile e-kiri aadressil\u00a0<a href=\"https:\/\/facebook.com\/HookahShop.lt\/\" target=\"_blank\" rel=\"noopener noreferrer\">Facebooki konto<\/a>\u00a0ja vastame teie taotlusele samal p\u00e4eval.<\/p>\n<p>&nbsp;<\/p>","protected":false},"excerpt":{"rendered":"<p>Kolba kaljanui DROP White Brown Tai la\u0161o formos, baltai &#8211; ruda marga kolba, turinti standartine tarpin\u0117s formos jungt\u012f. Specifikacijos: Auk\u0161tis: 27cm Gylis: 18cm Svoris: ~1,44kg Kilm\u0117s \u0161alis: Rusija Turite klausim\u0173? Susisiekite su mumis\u00a0kontakt\u0173 puslapyje\u00a0arba para\u0161ykite mums \u012f\u00a0Facebook paskyr\u0105\u00a0ir atsakysime \u012f j\u016bs\u0173 u\u017eklaus\u0105 dar t\u0105 pa\u010di\u0105 dien\u0105. &nbsp;<\/p>","protected":false},"featured_media":23937,"comment_status":"open","ping_status":"closed","template":"","meta":[],"_links":{"self":[{"href":"https:\/\/hookahshop.lt\/et\/wp-json\/wp\/v2\/product\/23936"}],"collection":[{"href":"https:\/\/hookahshop.lt\/et\/wp-json\/wp\/v2\/product"}],"about":[{"href":"https:\/\/hookahshop.lt\/et\/wp-json\/wp\/v2\/types\/product"}],"replies":[{"embeddable":true,"href":"https:\/\/hookahshop.lt\/et\/wp-json\/wp\/v2\/comments?post=23936"}],"version-history":[{"count":5,"href":"https:\/\/hookahshop.lt\/et\/wp-json\/wp\/v2\/product\/23936\/revisions"}],"predecessor-version":[{"id":45127,"href":"https:\/\/hookahshop.lt\/et\/wp-json\/wp\/v2\/product\/23936\/revisions\/45127"}],"wp:featuredmedia":[{"embeddable":true,"href":"https:\/\/hookahshop.lt\/et\/wp-json\/wp\/v2\/media\/23937"}],"wp:attachment":[{"href":"https:\/\/hookahshop.lt\/et\/wp-json\/wp\/v2\/media?parent=23936"}],"curies":[{"name":"wp","href":"https:\/\/api.w.org\/{rel}","templated":true}]}}