{"id":23945,"date":"2021-06-04T22:43:22","date_gmt":"2021-06-04T19:43:22","guid":{"rendered":"https:\/\/hookahshop.lt\/?post_type=product&#038;p=23945"},"modified":"2026-04-16T10:21:15","modified_gmt":"2026-04-16T07:21:15","slug":"taurele-kaljanui-havona-bull","status":"publish","type":"product","link":"https:\/\/hookahshop.lt\/et\/toode\/tass-vesipiip-havona-bull\/","title":{"rendered":"Tass vesipiibule HAVONA Bull"},"content":{"rendered":"<h2>Tass vesipiibule HAVONA Bull<\/h2>\n<p>See on kvaliteetne, k\u00e4sitsi valmistatud, piiratud koguses valgest savist valmistatud tass. Havona Bulli tass t\u00e4iendab teie kollektsiooni suurep\u00e4raselt ja stiilne pakend on kingitus.<br \/>\nIga tassi disain on l\u00f5bus ja individuaalne, selle tassi ostes v\u00f5ite olla kindel, et teie tassil on unikaalne v\u00e4rv. Iga tass on h\u00e4sti kujundatud.<br \/>\nTassit\u00e4is tubakat mahutab 18\u201322 g.<\/p>\n<p><strong>Spetsifikatsioonid:<\/strong><br \/>\nK\u00f5rgus: 72 mm<br \/>\nL\u00e4bim\u00f5\u00f5t (v\u00e4limine): 70 mm<br \/>\nL\u00e4bim\u00f5\u00f5t (sisemine): 58 mm<br \/>\nS\u00fcgavus: 21 mm<br \/>\nAva l\u00e4bim\u00f5\u00f5t: 8 mm<br \/>\nAukude arv: 5 tk<br \/>\nKaal: umbes 300 g.<\/p>\n<p>Kas teil on k\u00fcsimusi? v\u00f5ta meiega \u00fchendust\u00a0<a href=\"https:\/\/hookahshop.lt\/et\/kontaktid\/\">kontaktide leht<\/a>\u00a0v\u00f5i saatke meile e-kiri aadressil\u00a0<a href=\"https:\/\/facebook.com\/HookahShop.lt\/\" target=\"_blank\" rel=\"noopener noreferrer\">Facebooki konto<\/a>\u00a0ja vastame teie taotlusele samal p\u00e4eval.<\/p>","protected":false},"excerpt":{"rendered":"<p>Vesipiibu tass HAVONA Bull See on kvaliteetne k\u00e4sitsi valmistatud valgest savist limiteeritud tass. Havona Bulli tass t\u00e4iendab teie kollektsiooni suurep\u00e4raselt ja stiilne pakend on kingitus. Iga tassi disain on l\u00f5bus ja individuaalne, selle tassi ostes v\u00f5ite olla kindel, et teie tassil on unikaalne v\u00e4rv. Iga tass on h\u00e4sti kujundatud. Tass tubakat [\u2026]<\/p>","protected":false},"featured_media":23946,"comment_status":"open","ping_status":"closed","template":"","meta":[],"_links":{"self":[{"href":"https:\/\/hookahshop.lt\/et\/wp-json\/wp\/v2\/product\/23945"}],"collection":[{"href":"https:\/\/hookahshop.lt\/et\/wp-json\/wp\/v2\/product"}],"about":[{"href":"https:\/\/hookahshop.lt\/et\/wp-json\/wp\/v2\/types\/product"}],"replies":[{"embeddable":true,"href":"https:\/\/hookahshop.lt\/et\/wp-json\/wp\/v2\/comments?post=23945"}],"version-history":[{"count":4,"href":"https:\/\/hookahshop.lt\/et\/wp-json\/wp\/v2\/product\/23945\/revisions"}],"predecessor-version":[{"id":36110,"href":"https:\/\/hookahshop.lt\/et\/wp-json\/wp\/v2\/product\/23945\/revisions\/36110"}],"wp:featuredmedia":[{"embeddable":true,"href":"https:\/\/hookahshop.lt\/et\/wp-json\/wp\/v2\/media\/23946"}],"wp:attachment":[{"href":"https:\/\/hookahshop.lt\/et\/wp-json\/wp\/v2\/media?parent=23945"}],"curies":[{"name":"wp","href":"https:\/\/api.w.org\/{rel}","templated":true}]}}