{"id":23949,"date":"2021-06-05T01:27:30","date_gmt":"2021-06-04T22:27:30","guid":{"rendered":"https:\/\/hookahshop.lt\/?post_type=product&#038;p=23949"},"modified":"2026-04-15T12:29:15","modified_gmt":"2026-04-15T09:29:15","slug":"taurele-kaljanui-havona-virgo","status":"publish","type":"product","link":"https:\/\/hookahshop.lt\/et\/toode\/tass-vesipiip-havona-virgo\/","title":{"rendered":"Tass vesipiibule HAVONA Neitsi"},"content":{"rendered":"<h2>Tass vesipiibule HAVONA Neitsi<\/h2>\n<p>Kvaliteetne, k\u00e4sitsi valmistatud, piiratud v\u00e4ljaanne, valgest savist tass. Havona Virgo tass t\u00e4iendab teie kollektsiooni suurep\u00e4raselt ja stiilne pakend on kingitus.<br \/>\nIga tassi disain on l\u00f5bus ja individuaalne, selle tassi ostes v\u00f5ite olla kindel, et teie tassil on unikaalne v\u00e4rv. Iga tass on h\u00e4sti kujundatud.<\/p>\n<p><strong>Spetsifikatsioonid:<\/strong><br \/>\nK\u00f5rgus: 108 mm<br \/>\nL\u00e4bim\u00f5\u00f5t (v\u00e4limine): 79 mm<br \/>\nL\u00e4bim\u00f5\u00f5t (sisemine): 69 mm<br \/>\nS\u00fcgavus: 12 mm<br \/>\nAva l\u00e4bim\u00f5\u00f5t: 12 mm<br \/>\nAukude arv: 1 tk<br \/>\nKaal: umbes 257 g.<\/p>\n<p>Kas teil on k\u00fcsimusi? v\u00f5ta meiega \u00fchendust\u00a0<a href=\"https:\/\/hookahshop.lt\/et\/kontaktid\/\">kontaktide leht<\/a>\u00a0v\u00f5i saatke meile e-kiri aadressil\u00a0<a href=\"https:\/\/facebook.com\/HookahShop.lt\/\" target=\"_blank\" rel=\"noopener noreferrer\">Facebooki konto<\/a>\u00a0ja vastame teie taotlusele samal p\u00e4eval.<\/p>","protected":false},"excerpt":{"rendered":"<p>Tass vesipiibu jaoks HAVONA Virgo Kvaliteetne, k\u00e4sitsi valmistatud, limiteeritud, valgest savist tass. Havona Virgo tass t\u00e4iendab teie kollektsiooni suurep\u00e4raselt ja stiilne pakend on kingitus. Iga tassi disain on l\u00f5bus ja individuaalne, selle tassi ostes v\u00f5ite olla kindel, et teie tassil on unikaalne v\u00e4rv. Iga tass on h\u00e4sti kujundatud. Tehnilised andmed: K\u00f5rgus: 108 [\u2026]<\/p>","protected":false},"featured_media":23950,"comment_status":"open","ping_status":"closed","template":"","meta":[],"_links":{"self":[{"href":"https:\/\/hookahshop.lt\/et\/wp-json\/wp\/v2\/product\/23949"}],"collection":[{"href":"https:\/\/hookahshop.lt\/et\/wp-json\/wp\/v2\/product"}],"about":[{"href":"https:\/\/hookahshop.lt\/et\/wp-json\/wp\/v2\/types\/product"}],"replies":[{"embeddable":true,"href":"https:\/\/hookahshop.lt\/et\/wp-json\/wp\/v2\/comments?post=23949"}],"version-history":[{"count":4,"href":"https:\/\/hookahshop.lt\/et\/wp-json\/wp\/v2\/product\/23949\/revisions"}],"predecessor-version":[{"id":39810,"href":"https:\/\/hookahshop.lt\/et\/wp-json\/wp\/v2\/product\/23949\/revisions\/39810"}],"wp:featuredmedia":[{"embeddable":true,"href":"https:\/\/hookahshop.lt\/et\/wp-json\/wp\/v2\/media\/23950"}],"wp:attachment":[{"href":"https:\/\/hookahshop.lt\/et\/wp-json\/wp\/v2\/media?parent=23949"}],"curies":[{"name":"wp","href":"https:\/\/api.w.org\/{rel}","templated":true}]}}