{"id":24030,"date":"2021-06-06T10:09:08","date_gmt":"2021-06-06T07:09:08","guid":{"rendered":"https:\/\/hookahshop.lt\/?post_type=product&#038;p=24030"},"modified":"2026-04-15T12:29:15","modified_gmt":"2026-04-15T09:29:15","slug":"taurele-kaljanui-japona-hookah-mummy-yellow","status":"publish","type":"product","link":"https:\/\/hookahshop.lt\/et\/toode\/tass-vesipiip-japona-vesipiibu-mumm-kollane\/","title":{"rendered":"Tass vesipiibule JAPONA HOOKAH Mummy Yellow"},"content":{"rendered":"<h2>Tass vesipiibule JAPONA HOOKAH Mummy Yellow<\/h2>\n<p>See on lihtsalt keraamika meistriteos. Tassi varrel olev n\u00f6\u00f6r on nagu samurai katana k\u00e4epide, r\u00f5hutades kaubam\u00e4rgi enneolematut stiili.<br \/>\nTass on valmistatud punasest savist ja k\u00e4sit\u00f6\u00f6na k\u00e4sitsi valmistatud potirattal.<br \/>\nJaapani vesipiibu muumil on maksimaalne maitse\u00fclekanne, lihtne t\u00f5mme ja puhas kolb. Tassil on serv soojuskambri kindlaks kinnitamiseks. Tubaka maht 15 g<br \/>\nTore, kui see tass teie kollektsioonis on!<\/p>\n<p><strong>Spetsifikatsioonid:<\/strong><br \/>\nK\u00f5rgus: 104 mm<br \/>\nL\u00e4bim\u00f5\u00f5t (v\u00e4limine): 84 mm<br \/>\nL\u00e4bim\u00f5\u00f5t (sisemine): 77 mm<br \/>\nS\u00fcgavus: 15 mm<br \/>\nAva l\u00e4bim\u00f5\u00f5t: 15 mm<br \/>\nAukude arv: 1 tk.<br \/>\nKaal: umbes 175 g.<\/p>\n<p>Kas teil on k\u00fcsimusi? v\u00f5ta meiega \u00fchendust\u00a0<a href=\"https:\/\/hookahshop.lt\/et\/kontaktid\/\">kontaktide leht<\/a>\u00a0v\u00f5i saatke meile e-kiri aadressil\u00a0<a href=\"https:\/\/facebook.com\/HookahShop.lt\/\" target=\"_blank\" rel=\"noopener noreferrer\">Facebooki konto<\/a>\u00a0ja vastame teie taotlusele samal p\u00e4eval.<\/p>","protected":false},"excerpt":{"rendered":"<p>Vesipiibu tass JAPONA HOOKAH Mummy Yellow See on lihtsalt keraamiline meistriteos. Topsi varrel olev n\u00f6\u00f6r on nagu samurai katana k\u00e4epide, mis r\u00f5hutab kaubam\u00e4rgi v\u00f5rratut stiili. Tass on valmistatud punasest savist ja valminud k\u00e4sit\u00f6\u00f6na pottseparattal. Jaapan Hookah Mummy&#039;l on maksimaalne maitse \u00fclekandmine, lihtne t\u00f5mme ja puhas kolb. Tassil on \u00e4\u00e4r turvaliseks kinnitamiseks [\u2026]<\/p>","protected":false},"featured_media":24050,"comment_status":"open","ping_status":"closed","template":"","meta":[],"_links":{"self":[{"href":"https:\/\/hookahshop.lt\/et\/wp-json\/wp\/v2\/product\/24030"}],"collection":[{"href":"https:\/\/hookahshop.lt\/et\/wp-json\/wp\/v2\/product"}],"about":[{"href":"https:\/\/hookahshop.lt\/et\/wp-json\/wp\/v2\/types\/product"}],"replies":[{"embeddable":true,"href":"https:\/\/hookahshop.lt\/et\/wp-json\/wp\/v2\/comments?post=24030"}],"version-history":[{"count":4,"href":"https:\/\/hookahshop.lt\/et\/wp-json\/wp\/v2\/product\/24030\/revisions"}],"predecessor-version":[{"id":33478,"href":"https:\/\/hookahshop.lt\/et\/wp-json\/wp\/v2\/product\/24030\/revisions\/33478"}],"wp:featuredmedia":[{"embeddable":true,"href":"https:\/\/hookahshop.lt\/et\/wp-json\/wp\/v2\/media\/24050"}],"wp:attachment":[{"href":"https:\/\/hookahshop.lt\/et\/wp-json\/wp\/v2\/media?parent=24030"}],"curies":[{"name":"wp","href":"https:\/\/api.w.org\/{rel}","templated":true}]}}