{"id":24065,"date":"2021-06-07T20:31:19","date_gmt":"2021-06-07T17:31:19","guid":{"rendered":"https:\/\/hookahshop.lt\/?post_type=product&#038;p=24065"},"modified":"2026-05-14T23:28:46","modified_gmt":"2026-05-14T20:28:46","slug":"kaljanas-alpha-hookah-kappa-purple","status":"publish","type":"product","link":"https:\/\/hookahshop.lt\/et\/toode\/vesipiip-alpha-hookah-kappa-purple\/","title":{"rendered":"Vesipiip ALPHA HOOKAH Kappa Purple"},"content":{"rendered":"<h2>Vesipiip ALPHA HOOKAH Kappa Purple<\/h2>\n<section class=\"has_ae_slider elementor-element elementor-element-da31172 elementor-section-boxed elementor-section-height-default elementor-section-height-default ae-bg-gallery-type-default elementor-section elementor-top-section\" data-id=\"da31172\" data-element_type=\"section\" data-settings=\"{&quot;background_background&quot;:&quot;classic&quot;}\">\n<div class=\"elementor-container elementor-column-gap-extended\">\n<div class=\"elementor-row\">\n<div class=\"has_ae_slider elementor-element elementor-element-51998d1 ae-bg-gallery-type-default elementor-column elementor-col-100 elementor-top-column\" data-id=\"51998d1\" data-element_type=\"column\">\n<div class=\"elementor-column-wrap elementor-element-populated\">\n<div class=\"elementor-widget-wrap\">\n<div class=\"elementor-element elementor-element-2b74596 elementor-widget elementor-widget-woocommerce-product-data-tabs\" data-id=\"2b74596\" data-element_type=\"widget\" data-widget_type=\"woocommerce-product-data-tabs.default\">\n<div class=\"elementor-widget-container\">\n<div class=\"woocommerce-tabs wc-tabs-wrapper\">\n<div id=\"tab-description\" class=\"woocommerce-Tabs-panel woocommerce-Tabs-panel--description panel entry-content wc-tab\" role=\"tabpanel\" aria-labelledby=\"tab-title-description\">\n<p>Vesipiibu elemendid on v\u00e4rvitud vastupidava pulberv\u00e4rviga ja s\u00e4ilitavad oma pildi pikka aega. T\u00e4nu anodeerimisprotsessile vesipiip ei oks\u00fcdeeru, mis pikendab ka selle funktsionaalsust. Disainerite poolt disainitud ja kvaliteetsetest materjalidest valmistatud sellel on suurep\u00e4rased suitsetamisomadused. Stiilne vesipiip saab sisekujunduseks ja suurep\u00e4raseks kingituseks.<\/p>\n<p><strong>Omadused:<\/strong><br \/>\nKaal: umbes 1445 gr<br \/>\nK\u00f5rgus: 520 mm<br \/>\nV\u00f5ll: roostevaba teras<br \/>\nV\u00e4limus: anodeeritud alumiinium<br \/>\nAlusmaterjal: plastik<br \/>\nHajuti: eemaldatav keermega<br \/>\nSuuosa: anodeeritud alumiiniumiga kaetud roostevaba teras<br \/>\nVoolik: pehme puudutus<\/p>\n<p>Kas teil on k\u00fcsimusi? v\u00f5ta meiega \u00fchendust\u00a0<a href=\"https:\/\/hookahshop.lt\/et\/kontaktid\/\">kontaktide leht<\/a>\u00a0v\u00f5i saatke meile e-kiri aadressil\u00a0<a href=\"https:\/\/facebook.com\/HookahShop.lt\/\" target=\"_blank\" rel=\"noopener noreferrer\">Facebooki konto<\/a>\u00a0ja vastame teie taotlusele samal p\u00e4eval.<\/p>\n<\/div>\n<\/div>\n<\/div>\n<\/div>\n<\/div>\n<\/div>\n<\/div>\n<\/div>\n<\/div>\n<\/section>\n<section class=\"has_ae_slider elementor-element elementor-element-badcb3e elementor-section-boxed elementor-section-height-default elementor-section-height-default ae-bg-gallery-type-default elementor-section elementor-top-section\" data-id=\"badcb3e\" data-element_type=\"section\" data-settings=\"{&quot;background_background&quot;:&quot;classic&quot;}\">\n<div class=\"elementor-container elementor-column-gap-extended\">\n<div class=\"elementor-row\">\n<div class=\"has_ae_slider elementor-element elementor-element-e21066c ae-bg-gallery-type-default elementor-column elementor-col-100 elementor-top-column\" data-id=\"e21066c\" data-element_type=\"column\" data-settings=\"{&quot;background_background&quot;:&quot;classic&quot;}\">\n<div class=\"elementor-column-wrap elementor-element-populated\">\n<div class=\"elementor-widget-wrap\">\n<section class=\"has_ae_slider elementor-element elementor-element-4477b15 elementor-section-boxed elementor-section-height-default elementor-section-height-default ae-bg-gallery-type-default elementor-section elementor-inner-section\" data-id=\"4477b15\" data-element_type=\"section\">\n<div class=\"elementor-container elementor-column-gap-default\">\n<div class=\"elementor-row\">\n<div class=\"has_ae_slider elementor-element elementor-element-d01b676 ae-bg-gallery-type-default elementor-column elementor-col-100 elementor-inner-column\" data-id=\"d01b676\" data-element_type=\"column\">\n<div class=\"elementor-column-wrap elementor-element-populated\"><\/div>\n<\/div>\n<\/div>\n<\/div>\n<\/section>\n<\/div>\n<\/div>\n<\/div>\n<\/div>\n<\/div>\n<\/section>","protected":false},"excerpt":{"rendered":"<p>Vesipiip ALPHA HOOKAH Kappa Purple Vesipiibu elemendid on v\u00e4rvitud vastupidava pulberv\u00e4rviga ja s\u00e4ilitavad oma kuvandi pikka aega. T\u00e4nu anodeerimisprotsessile vesipiip ei oks\u00fcdeeru, mis pikendab ka selle funktsionaalsust. Disainerite poolt disainitud ja kvaliteetsetest materjalidest valmistatud sellel on suurep\u00e4rased suitsetamisomadused. Stiilne vesipiip saab sisekujunduseks ja suurep\u00e4raseks kingituseks. Omadused: Kaal: umbes 1445 gr K\u00f5rgus: 520 mm V\u00f5ll: [\u2026]<\/p>","protected":false},"featured_media":24096,"comment_status":"open","ping_status":"closed","template":"","meta":[],"_links":{"self":[{"href":"https:\/\/hookahshop.lt\/et\/wp-json\/wp\/v2\/product\/24065"}],"collection":[{"href":"https:\/\/hookahshop.lt\/et\/wp-json\/wp\/v2\/product"}],"about":[{"href":"https:\/\/hookahshop.lt\/et\/wp-json\/wp\/v2\/types\/product"}],"replies":[{"embeddable":true,"href":"https:\/\/hookahshop.lt\/et\/wp-json\/wp\/v2\/comments?post=24065"}],"version-history":[{"count":3,"href":"https:\/\/hookahshop.lt\/et\/wp-json\/wp\/v2\/product\/24065\/revisions"}],"predecessor-version":[{"id":34778,"href":"https:\/\/hookahshop.lt\/et\/wp-json\/wp\/v2\/product\/24065\/revisions\/34778"}],"wp:featuredmedia":[{"embeddable":true,"href":"https:\/\/hookahshop.lt\/et\/wp-json\/wp\/v2\/media\/24096"}],"wp:attachment":[{"href":"https:\/\/hookahshop.lt\/et\/wp-json\/wp\/v2\/media?parent=24065"}],"curies":[{"name":"wp","href":"https:\/\/api.w.org\/{rel}","templated":true}]}}