{"id":24191,"date":"2021-06-08T15:38:18","date_gmt":"2021-06-08T12:38:18","guid":{"rendered":"https:\/\/hookahshop.lt\/?post_type=product&#038;p=24191"},"modified":"2026-05-13T23:29:32","modified_gmt":"2026-05-13T20:29:32","slug":"taurele-kaljanui-kong-phunnel-space-red","status":"publish","type":"product","link":"https:\/\/hookahshop.lt\/et\/toode\/tass-vesipiip-kong-phunnel-space-red\/","title":{"rendered":"Tass vesipiibule KONG Phunnel Space Red"},"content":{"rendered":"<h2>Tass vesipiibule KONG Phunnel Space Red<\/h2>\n<p>Kong Phunnel Space (punane) vesipiip on l\u00e4binud piima r\u00f6stimise ja 12 t\u00f6\u00f6tlemisetapi, nii et saate end v\u00e4ga kaua hellitada suurep\u00e4rase vesipiibuga.<br \/>\nKong Phunnel Space (punane) on kunstiteos. Soojade p\u00e4evade v\u00e4rv, \u00f5itsvad lilled ja m\u00f5nus soojendav tuul. Disain meenutab naudingut looduslike aroomide ja maitsva vesipiibuga.<br \/>\nT\u00e4iuslikult kombineeritud m\u00f5\u00f5gaga. T\u00e4idise maht on umbes 18-22 g.<\/p>\n<p><strong>Omadused:<\/strong><br \/>\nK\u00f5rgus: 100 mm<br \/>\nL\u00e4bim\u00f5\u00f5t (v\u00e4limine): 74 mm<br \/>\nL\u00e4bim\u00f5\u00f5t (sisemine): 63 mm<br \/>\nS\u00fcgavus: 17 mm<br \/>\nAva l\u00e4bim\u00f5\u00f5t: 13 mm<br \/>\nAukude arv: 1 tk<br \/>\nKaal: umbes 234 g.<\/p>\n<p>Kas teil on k\u00fcsimusi? v\u00f5ta meiega \u00fchendust\u00a0<a href=\"https:\/\/hookahshop.lt\/et\/kontaktid\/\">kontaktide leht<\/a>\u00a0v\u00f5i saatke meile e-kiri aadressil\u00a0<a href=\"https:\/\/facebook.com\/HookahShop.lt\/\" target=\"_blank\" rel=\"noopener noreferrer\">Facebooki konto<\/a>\u00a0ja vastame teie taotlusele samal p\u00e4eval.<\/p>","protected":false},"excerpt":{"rendered":"<p>Vesipiibu tass KONG Phunnel Space Punane Vesipiibu tass &quot;Kong Phunnel Space&quot; (punane) - on l\u00e4binud piima r\u00f6stimise ja 12 t\u00f6\u00f6tlemisetapi, nii et saate end suurep\u00e4rase vesipiibuga hellitada v\u00e4ga pikka aega. Kong Phunnel Space (punane) on kunstiteos. Soojade p\u00e4evade v\u00e4rv, \u00f5itsvad lilled ja m\u00f5nus soojendav tuul. Disain meenutab naudingut looduslike aroomide ja maitsva vesipiibuga. [\u2026]<\/p>","protected":false},"featured_media":24192,"comment_status":"open","ping_status":"closed","template":"","meta":[],"_links":{"self":[{"href":"https:\/\/hookahshop.lt\/et\/wp-json\/wp\/v2\/product\/24191"}],"collection":[{"href":"https:\/\/hookahshop.lt\/et\/wp-json\/wp\/v2\/product"}],"about":[{"href":"https:\/\/hookahshop.lt\/et\/wp-json\/wp\/v2\/types\/product"}],"replies":[{"embeddable":true,"href":"https:\/\/hookahshop.lt\/et\/wp-json\/wp\/v2\/comments?post=24191"}],"version-history":[{"count":3,"href":"https:\/\/hookahshop.lt\/et\/wp-json\/wp\/v2\/product\/24191\/revisions"}],"predecessor-version":[{"id":29142,"href":"https:\/\/hookahshop.lt\/et\/wp-json\/wp\/v2\/product\/24191\/revisions\/29142"}],"wp:featuredmedia":[{"embeddable":true,"href":"https:\/\/hookahshop.lt\/et\/wp-json\/wp\/v2\/media\/24192"}],"wp:attachment":[{"href":"https:\/\/hookahshop.lt\/et\/wp-json\/wp\/v2\/media?parent=24191"}],"curies":[{"name":"wp","href":"https:\/\/api.w.org\/{rel}","templated":true}]}}