{"id":24210,"date":"2021-06-08T20:18:46","date_gmt":"2021-06-08T17:18:46","guid":{"rendered":"https:\/\/hookahshop.lt\/?post_type=product&#038;p=24210"},"modified":"2026-04-17T16:32:53","modified_gmt":"2026-04-17T13:32:53","slug":"kaljanas-alpha-hookah-kappa-bronze","status":"publish","type":"product","link":"https:\/\/hookahshop.lt\/et\/toode\/vesipiip-alpha-hookah-kappa-bronze\/","title":{"rendered":"Vesipiip ALPHA HOOKAH Kappa pronks"},"content":{"rendered":"<h2>Vesipiip ALPHA HOOKAH Kappa pronks<\/h2>\n<p>Vesipiibu elemendid on v\u00e4rvitud vastupidava pulberv\u00e4rviga ja s\u00e4ilitavad oma pildi pikka aega. T\u00e4nu anodeerimisprotsessile vesipiip ei oks\u00fcdeeru, mis pikendab ka selle funktsionaalsust. Disainerite poolt disainitud ja kvaliteetsetest materjalidest valmistatud sellel on suurep\u00e4rased suitsetamisomadused. Stiilne vesipiip saab sisekujunduseks ja suurep\u00e4raseks kingituseks.<\/p>\n<p><strong>Omadused:<\/strong><br \/>\nKaal: umbes 1445 gr<br \/>\nK\u00f5rgus: 520 mm<br \/>\nV\u00f5ll: roostevaba teras<br \/>\nV\u00e4limus: anodeeritud alumiinium<br \/>\nAlusmaterjal: plastik<br \/>\nHajuti: eemaldatav keermega<br \/>\nSuuosa: anodeeritud alumiiniumiga kaetud roostevaba teras<br \/>\nVoolik: pehme puudutus<\/p>\n<p>Kas teil on k\u00fcsimusi? v\u00f5ta meiega \u00fchendust\u00a0<a href=\"https:\/\/hookahshop.lt\/et\/kontaktid\/\">kontaktide leht<\/a>\u00a0v\u00f5i saatke meile e-kiri aadressil\u00a0<a href=\"https:\/\/facebook.com\/HookahShop.lt\/\" target=\"_blank\" rel=\"noopener noreferrer\">Facebooki konto<\/a>\u00a0ja vastame teie taotlusele samal p\u00e4eval.<\/p>","protected":false},"excerpt":{"rendered":"<p>Vesipiip ALPHA HOOKAH Kappa Bronze Vesipiibu elemendid on v\u00e4rvitud vastupidava pulberv\u00e4rviga ja s\u00e4ilitavad oma kuvandi pikka aega. T\u00e4nu anodeerimisprotsessile vesipiip ei oks\u00fcdeeru, mis pikendab ka selle funktsionaalsust. Disainerite poolt disainitud ja kvaliteetsetest materjalidest valmistatud sellel on suurep\u00e4rased suitsetamisomadused. Stiilne vesipiip saab sisekujunduseks ja suurep\u00e4raseks kingituseks. Omadused: Kaal: umbes 1445 gr K\u00f5rgus: 520 mm V\u00f5ll: [\u2026]<\/p>","protected":false},"featured_media":24211,"comment_status":"open","ping_status":"closed","template":"","meta":[],"_links":{"self":[{"href":"https:\/\/hookahshop.lt\/et\/wp-json\/wp\/v2\/product\/24210"}],"collection":[{"href":"https:\/\/hookahshop.lt\/et\/wp-json\/wp\/v2\/product"}],"about":[{"href":"https:\/\/hookahshop.lt\/et\/wp-json\/wp\/v2\/types\/product"}],"replies":[{"embeddable":true,"href":"https:\/\/hookahshop.lt\/et\/wp-json\/wp\/v2\/comments?post=24210"}],"version-history":[{"count":3,"href":"https:\/\/hookahshop.lt\/et\/wp-json\/wp\/v2\/product\/24210\/revisions"}],"predecessor-version":[{"id":33232,"href":"https:\/\/hookahshop.lt\/et\/wp-json\/wp\/v2\/product\/24210\/revisions\/33232"}],"wp:featuredmedia":[{"embeddable":true,"href":"https:\/\/hookahshop.lt\/et\/wp-json\/wp\/v2\/media\/24211"}],"wp:attachment":[{"href":"https:\/\/hookahshop.lt\/et\/wp-json\/wp\/v2\/media?parent=24210"}],"curies":[{"name":"wp","href":"https:\/\/api.w.org\/{rel}","templated":true}]}}