{"id":24279,"date":"2021-06-10T10:44:08","date_gmt":"2021-06-10T07:44:08","guid":{"rendered":"https:\/\/hookahshop.lt\/?post_type=product&#038;p=24279"},"modified":"2026-04-14T23:28:42","modified_gmt":"2026-04-14T20:28:42","slug":"kaljanas-aeon-vyro-one-carbon-forged-v2","status":"publish","type":"product","link":"https:\/\/hookahshop.lt\/et\/toode\/vesipiip-aeon-vyro-one-carbon-forged-v2\/","title":{"rendered":"Vesipiip AEON Vyro One Carbon Forged V2"},"content":{"rendered":"<h2>Vesipiip AEON Vyro One Carbon Forged V2<\/h2>\n<p>Uuendatud mudel, k\u00f5rgeima kvaliteediga roostevabast terasest ja s\u00fcsinikkiust kaasaskantav vesipiip on m\u00f5eldud kasutamiseks mitte ainult reisil, vaid ka kodus. See on \u00fcks paremaid kaasaskantavaid vesipiipu turul. T\u00e4nu oma erakordsele ehitusele on sellel madal raskuskese, mis muudab selle stabiilseks.<\/p>\n<p><strong>Spetsifikatsioonid:<\/strong><br \/>\nK\u00f5rgus: 15 cm<br \/>\nL\u00e4bim\u00f5\u00f5t: 8 cm<br \/>\nKaal: 1,3 kg<br \/>\nMaterjal: tipptasemel roostevaba teras ja s\u00fcsinikkiud<br \/>\nP\u00e4ritoluriik: Saksamaa<\/p>\n<p><strong>Komplekti ei kuulu: voolik ja huulik.\u00a0<\/strong><\/p>\n<p>Kas teil on k\u00fcsimusi? v\u00f5ta meiega \u00fchendust\u00a0<a href=\"https:\/\/hookahshop.lt\/et\/kontaktid\/\">kontaktide leht<\/a>\u00a0v\u00f5i saatke meile e-kiri aadressil\u00a0<a href=\"https:\/\/facebook.com\/HookahShop.lt\/\" target=\"_blank\" rel=\"noopener noreferrer\">Facebooki konto<\/a>\u00a0ja vastame teie taotlusele samal p\u00e4eval.<\/p>","protected":false},"excerpt":{"rendered":"<p>Vesipiip AEON Meeste One Carbon Forged V2 Uuendatud mudel, k\u00f5rgeima kvaliteediga roostevabast terasest ja s\u00fcsinikkiust kaasaskantav vesipiip, mis on m\u00f5eldud kasutamiseks mitte ainult reisil, vaid ka kodus. See on \u00fcks paremaid kaasaskantavaid vesipiipu turul. T\u00e4nu oma erakordsele konstruktsioonile on sellel madal raskuskese, mis muudab selle stabiilseks. Tehnilised andmed: K\u00f5rgus: 15 cm L\u00e4bim\u00f5\u00f5t: 8 cm Kaal: [\u2026]<\/p>","protected":false},"featured_media":24303,"comment_status":"open","ping_status":"closed","template":"","meta":[],"_links":{"self":[{"href":"https:\/\/hookahshop.lt\/et\/wp-json\/wp\/v2\/product\/24279"}],"collection":[{"href":"https:\/\/hookahshop.lt\/et\/wp-json\/wp\/v2\/product"}],"about":[{"href":"https:\/\/hookahshop.lt\/et\/wp-json\/wp\/v2\/types\/product"}],"replies":[{"embeddable":true,"href":"https:\/\/hookahshop.lt\/et\/wp-json\/wp\/v2\/comments?post=24279"}],"version-history":[{"count":7,"href":"https:\/\/hookahshop.lt\/et\/wp-json\/wp\/v2\/product\/24279\/revisions"}],"predecessor-version":[{"id":44536,"href":"https:\/\/hookahshop.lt\/et\/wp-json\/wp\/v2\/product\/24279\/revisions\/44536"}],"wp:featuredmedia":[{"embeddable":true,"href":"https:\/\/hookahshop.lt\/et\/wp-json\/wp\/v2\/media\/24303"}],"wp:attachment":[{"href":"https:\/\/hookahshop.lt\/et\/wp-json\/wp\/v2\/media?parent=24279"}],"curies":[{"name":"wp","href":"https:\/\/api.w.org\/{rel}","templated":true}]}}