{"id":24288,"date":"2021-06-10T11:17:51","date_gmt":"2021-06-10T08:17:51","guid":{"rendered":"https:\/\/hookahshop.lt\/?post_type=product&#038;p=24288"},"modified":"2026-04-07T23:29:15","modified_gmt":"2026-04-07T20:29:15","slug":"kandiklis-kaljanui-vyro-carbon-black","status":"publish","type":"product","link":"https:\/\/hookahshop.lt\/et\/toode\/vesipiibu-huulik-vyro-carbon-black\/","title":{"rendered":"Vesipiibu huulik VYRO Carbon Black"},"content":{"rendered":"<h2>Vesipiibu huulik VYRO Carbon Black<\/h2>\n<p>VYRO S\u00fcsinikmust \u2013 s\u00fcsinikuhuulik on suurep\u00e4rane mitte ainult oma kerge, vaid ka kvaliteetse materjali poolest. See s\u00fcsinikust huulik sobib mitte ainult igap\u00e4evaseks kasutamiseks, vaid ka iga vesipiibu ja tavalise silikoonvooliku jaoks.<\/p>\n<p><strong>Spetsifikatsioonid:<\/strong><\/p>\n<p>Pikkus: ~ 40 cm<br \/>\nKaal: ~ 98 g<br \/>\nSisemine l\u00e4bim\u00f5\u00f5t: 10 mm<br \/>\nMaterjalid: s\u00fcsinik ja V2A roostevaba teras<\/p>\n<p>Kas teil on k\u00fcsimusi? v\u00f5ta meiega \u00fchendust\u00a0<a href=\"https:\/\/hookahshop.lt\/et\/kontaktid\/\">kontaktide leht<\/a>\u00a0v\u00f5i saatke meile e-kiri aadressil\u00a0<a href=\"https:\/\/facebook.com\/HookahShop.lt\/\" target=\"_blank\" rel=\"noopener noreferrer\">Facebooki konto<\/a>\u00a0ja vastame teie taotlusele samal p\u00e4eval.<\/p>","protected":false},"excerpt":{"rendered":"<p>Konks suukonksule VYRO s\u00fcsinikmust VYRO s\u00fcsinikust huulik on suurep\u00e4rane mitte ainult oma kerge kaalu, vaid ka kvaliteetse materjali poolest. See s\u00fcsinikust huulik sobib mitte ainult igap\u00e4evaseks kasutamiseks, vaid ka iga vesipiibu ja tavalise silikoonvooliku jaoks. Tehnilised andmed: Pikkus: ~ 40 cm Kaal: ~ 98 g Sisemine l\u00e4bim\u00f5\u00f5t: 10 mm Materjalid: s\u00fcsinik ja V2A roostevaba teras [\u2026]<\/p>","protected":false},"featured_media":24293,"comment_status":"open","ping_status":"closed","template":"","meta":[],"_links":{"self":[{"href":"https:\/\/hookahshop.lt\/et\/wp-json\/wp\/v2\/product\/24288"}],"collection":[{"href":"https:\/\/hookahshop.lt\/et\/wp-json\/wp\/v2\/product"}],"about":[{"href":"https:\/\/hookahshop.lt\/et\/wp-json\/wp\/v2\/types\/product"}],"replies":[{"embeddable":true,"href":"https:\/\/hookahshop.lt\/et\/wp-json\/wp\/v2\/comments?post=24288"}],"version-history":[{"count":7,"href":"https:\/\/hookahshop.lt\/et\/wp-json\/wp\/v2\/product\/24288\/revisions"}],"predecessor-version":[{"id":45295,"href":"https:\/\/hookahshop.lt\/et\/wp-json\/wp\/v2\/product\/24288\/revisions\/45295"}],"wp:featuredmedia":[{"embeddable":true,"href":"https:\/\/hookahshop.lt\/et\/wp-json\/wp\/v2\/media\/24293"}],"wp:attachment":[{"href":"https:\/\/hookahshop.lt\/et\/wp-json\/wp\/v2\/media?parent=24288"}],"curies":[{"name":"wp","href":"https:\/\/api.w.org\/{rel}","templated":true}]}}