{"id":24289,"date":"2021-06-10T11:10:50","date_gmt":"2021-06-10T08:10:50","guid":{"rendered":"https:\/\/hookahshop.lt\/?post_type=product&#038;p=24289"},"modified":"2026-04-07T23:29:23","modified_gmt":"2026-04-07T20:29:23","slug":"tarpine-kaljano-taurelei-alpha-hookah","status":"publish","type":"product","link":"https:\/\/hookahshop.lt\/et\/toode\/vesipiibutopsi-tihend-alpha-hookah\/","title":{"rendered":"Vesipiibutopsi tihend ALPHA HOOKAH Must"},"content":{"rendered":"<h2>Vesipiibutopsi tihend ALPHA HOOKAH Must<\/h2>\n<p>See kinnitus aitab tassi vesipiibu k\u00fclge kinnitada. Silikoontihend tassi jaoks.<br \/>\nV\u00e4rvus must<\/p>\n<p>Kas teil on k\u00fcsimusi? v\u00f5ta meiega \u00fchendust\u00a0<a href=\"https:\/\/hookahshop.lt\/et\/kontaktid\/\">kontaktide leht<\/a>\u00a0v\u00f5i saatke meile e-kiri aadressil\u00a0<a href=\"https:\/\/facebook.com\/HookahShop.lt\/\" target=\"_blank\" rel=\"noopener noreferrer\">Facebooki konto<\/a>\u00a0ja vastame teie taotlusele samal p\u00e4eval.<\/p>","protected":false},"excerpt":{"rendered":"<p>Vesipiibutopsi tihend ALPHA HOOKAH Must See tarvik aitab tassi vesipiibu k\u00fclge kinnitada. Silikoontihend tassi jaoks. V\u00e4rv: must Kas on k\u00fcsimusi? V\u00f5tke meiega \u00fchendust kontaktide lehel v\u00f5i kirjutage meile oma Facebooki kontol ja vastame teie p\u00e4ringule samal p\u00e4eval.<\/p>","protected":false},"featured_media":24290,"comment_status":"open","ping_status":"closed","template":"","meta":[],"_links":{"self":[{"href":"https:\/\/hookahshop.lt\/et\/wp-json\/wp\/v2\/product\/24289"}],"collection":[{"href":"https:\/\/hookahshop.lt\/et\/wp-json\/wp\/v2\/product"}],"about":[{"href":"https:\/\/hookahshop.lt\/et\/wp-json\/wp\/v2\/types\/product"}],"replies":[{"embeddable":true,"href":"https:\/\/hookahshop.lt\/et\/wp-json\/wp\/v2\/comments?post=24289"}],"version-history":[{"count":4,"href":"https:\/\/hookahshop.lt\/et\/wp-json\/wp\/v2\/product\/24289\/revisions"}],"predecessor-version":[{"id":43759,"href":"https:\/\/hookahshop.lt\/et\/wp-json\/wp\/v2\/product\/24289\/revisions\/43759"}],"wp:featuredmedia":[{"embeddable":true,"href":"https:\/\/hookahshop.lt\/et\/wp-json\/wp\/v2\/media\/24290"}],"wp:attachment":[{"href":"https:\/\/hookahshop.lt\/et\/wp-json\/wp\/v2\/media?parent=24289"}],"curies":[{"name":"wp","href":"https:\/\/api.w.org\/{rel}","templated":true}]}}