{"id":24330,"date":"2021-06-11T12:52:53","date_gmt":"2021-06-11T09:52:53","guid":{"rendered":"https:\/\/hookahshop.lt\/?post_type=product&#038;p=24330"},"modified":"2026-04-16T23:28:53","modified_gmt":"2026-04-16T20:28:53","slug":"kaljanas-geometry-little-bro-exclusive-dragon-red","status":"publish","type":"product","link":"https:\/\/hookahshop.lt\/et\/toode\/vesipiip-geometry-little-bro-exclusive-dragon-red\/","title":{"rendered":"Vesipiip GEOMETRY Little Bro Exclusive Dragon Red"},"content":{"rendered":"<h2>Vesipiip GEOMETRY Little Bro Exclusive Dragon Red<\/h2>\n<p>Suurep\u00e4rane uue kaubam\u00e4rgi &quot;Krasnodar Geometry Little Bro&quot; seeria. K\u00f5rge kvaliteediga j\u00f5udlus. Trendikas vertikaalne loputus \u00fche ventiiliga kogu alusringi ulatuses. Kvaliteetne teras ja dekoratiivsed varred. Mitut t\u00fc\u00fcpi kaevandusi - nahk, puit jne. erinevad v\u00e4rvid ja tekstuurid. Suur pluss on see, et saate oma vesipiipu t\u00e4iustada, ostes dekoratiivse varre viimistluse.<\/p>\n<p><strong>Omadused:<\/strong><br \/>\nVarre l\u00e4bim\u00f5\u00f5t: 20 cm<br \/>\nTerase paksus: 1,5 mm<br \/>\nV\u00f5lli sisel\u00e4bim\u00f5\u00f5t: 13 mm<br \/>\nK\u00f5rgus: 50,1 cm<br \/>\nP\u00e4ritoluriik: Venemaa<\/p>\n<p>Kas teil on k\u00fcsimusi? v\u00f5ta meiega \u00fchendust\u00a0<a href=\"https:\/\/hookahshop.lt\/et\/kontaktid\/\">kontaktide leht<\/a>\u00a0v\u00f5i saatke meile e-kiri aadressil\u00a0<a href=\"https:\/\/facebook.com\/HookahShop.lt\/\" target=\"_blank\" rel=\"noopener noreferrer\">Facebooki konto<\/a>\u00a0ja vastame teie taotlusele samal p\u00e4eval.<\/p>","protected":false},"excerpt":{"rendered":"<p>Vesipiip GEOMETRY Little Bro Exclusive Dragon Red Suurep\u00e4rane uue kaubam\u00e4rgi &quot;Krasnodar Geometry Little Bro&quot; sari. K\u00f5rge kvaliteediga j\u00f5udlus. Trendikas vertikaalne loputus \u00fche ventiiliga \u00fcle alusringi. Kvaliteetne teras ja dekoratiivsed varred. Mitut t\u00fc\u00fcpi kaevandusi - nahk, puit jne. erinevad v\u00e4rvid ja tekstuurid. Suur pluss on see, et saate oma vesipiipu uuendada, [\u2026]<\/p>","protected":false},"featured_media":24331,"comment_status":"open","ping_status":"closed","template":"","meta":[],"_links":{"self":[{"href":"https:\/\/hookahshop.lt\/et\/wp-json\/wp\/v2\/product\/24330"}],"collection":[{"href":"https:\/\/hookahshop.lt\/et\/wp-json\/wp\/v2\/product"}],"about":[{"href":"https:\/\/hookahshop.lt\/et\/wp-json\/wp\/v2\/types\/product"}],"replies":[{"embeddable":true,"href":"https:\/\/hookahshop.lt\/et\/wp-json\/wp\/v2\/comments?post=24330"}],"version-history":[{"count":3,"href":"https:\/\/hookahshop.lt\/et\/wp-json\/wp\/v2\/product\/24330\/revisions"}],"predecessor-version":[{"id":29659,"href":"https:\/\/hookahshop.lt\/et\/wp-json\/wp\/v2\/product\/24330\/revisions\/29659"}],"wp:featuredmedia":[{"embeddable":true,"href":"https:\/\/hookahshop.lt\/et\/wp-json\/wp\/v2\/media\/24331"}],"wp:attachment":[{"href":"https:\/\/hookahshop.lt\/et\/wp-json\/wp\/v2\/media?parent=24330"}],"curies":[{"name":"wp","href":"https:\/\/api.w.org\/{rel}","templated":true}]}}