{"id":24347,"date":"2021-06-13T15:57:26","date_gmt":"2021-06-13T12:57:26","guid":{"rendered":"https:\/\/hookahshop.lt\/?post_type=product&#038;p=24347"},"modified":"2026-04-16T23:29:48","modified_gmt":"2026-04-16T20:29:48","slug":"znyples-anglims-nomad-2021-hookah-club","status":"publish","type":"product","link":"https:\/\/hookahshop.lt\/et\/toode\/tangid-vesipiibu-nomad-2021-hookah-club\/","title":{"rendered":"Tangid vesipiibu NOMAD 2021"},"content":{"rendered":"<h2>Tangid vesipiibu NOMAD 2021<\/h2>\n<p>Vesipiibu s\u00f6etangid NOMAD 2021 Hookah Club Show on piiratud v\u00e4ljalaskega tangid, mis on spetsiaalselt loodud 2021. aasta vesipiibuklubi n\u00e4ituse jaoks.<\/p>\n<p>NOMAD tangid on stiilne ja praktiline valik, mis ei r\u00f5\u00f5musta teid mitte ainult kvaliteedi, vaid ka eksklusiivse disainiga!<\/p>\n<p><strong>Spetsifikatsioonid:<\/strong><br \/>\nPikkus: 235 mm<br \/>\nKaal: 100 g<\/p>\n<p>Kas teil on k\u00fcsimusi? v\u00f5ta meiega \u00fchendust\u00a0<a href=\"https:\/\/hookahshop.lt\/et\/kontaktid\/\">kontaktide leht<\/a>\u00a0v\u00f5i saatke meile e-kiri aadressil\u00a0<a href=\"https:\/\/facebook.com\/HookahShop.lt\/\" target=\"_blank\" rel=\"noopener noreferrer\">Facebooki konto<\/a>\u00a0ja vastame teie taotlusele samal p\u00e4eval.<\/p>","protected":false},"excerpt":{"rendered":"<p>Tangid vesipiibu s\u00f6e jaoks NOMAD 2021 Hookah Club Show Tangid vesipiibu s\u00f6e jaoks NOMAD 2021 Hookah Club Show - piiratud koguses tangid, mis on spetsiaalselt loodud vesipiibu klubin\u00e4ituseks 2021. NOMAD tangid on stiilne ja praktiline valik, mis ei r\u00f5\u00f5musta teid mitte ainult kvaliteediga, vaid ka eksklusiivse disainiga! Tehnilised andmed: Pikkus: 235 mm Kaal: 100 g K\u00fcsimused? V\u00f5tke meiega \u00fchendust kontaktid [\u2026]<\/p>","protected":false},"featured_media":24348,"comment_status":"open","ping_status":"closed","template":"","meta":[],"_links":{"self":[{"href":"https:\/\/hookahshop.lt\/et\/wp-json\/wp\/v2\/product\/24347"}],"collection":[{"href":"https:\/\/hookahshop.lt\/et\/wp-json\/wp\/v2\/product"}],"about":[{"href":"https:\/\/hookahshop.lt\/et\/wp-json\/wp\/v2\/types\/product"}],"replies":[{"embeddable":true,"href":"https:\/\/hookahshop.lt\/et\/wp-json\/wp\/v2\/comments?post=24347"}],"version-history":[{"count":4,"href":"https:\/\/hookahshop.lt\/et\/wp-json\/wp\/v2\/product\/24347\/revisions"}],"predecessor-version":[{"id":30009,"href":"https:\/\/hookahshop.lt\/et\/wp-json\/wp\/v2\/product\/24347\/revisions\/30009"}],"wp:featuredmedia":[{"embeddable":true,"href":"https:\/\/hookahshop.lt\/et\/wp-json\/wp\/v2\/media\/24348"}],"wp:attachment":[{"href":"https:\/\/hookahshop.lt\/et\/wp-json\/wp\/v2\/media?parent=24347"}],"curies":[{"name":"wp","href":"https:\/\/api.w.org\/{rel}","templated":true}]}}